{"id":2482,"date":"2017-06-23T05:52:29","date_gmt":"2017-06-23T10:52:29","guid":{"rendered":"https:\/\/www.gusp.org\/weltfriedensgipfel\/beschlusse-der-konferenz\/"},"modified":"2017-07-18T07:47:03","modified_gmt":"2017-07-18T12:47:03","slug":"beschluesse-der-konferenz","status":"publish","type":"page","link":"https:\/\/www.gusp.org\/de\/weltfriedensgipfel\/beschluesse-der-konferenz\/","title":{"rendered":"Entschlie\u00dfungen"},"content":{"rendered":"<h2 class=\"gps\">G<span>LOBAL<\/span> P<span>EACE<\/span> S<span>UMMIT:<\/span><\/h2>\n<h2 style=\"text-align: center; font-size: 22px;\">RESOLUTION<\/h2>\n<p><strong><em>Eingedenk<\/em><\/strong> des ersten <em>Global Peace Summit<\/em>&nbsp;\u2014 <strong>Wissenschaft und Frieden:<\/strong><strong> Erprobte Ma\u00dfnahmen gegen Gewalt und globalen Konflikt<\/strong>&nbsp;\u2014, auf dem \u00fcber 600&nbsp;f\u00fchrende Wissenschaftler, Bildungsexperten und Politiker der Ukraine und des Auslands sich versammelt hatten, um innovative, evidenzbasierte L\u00f6sungen f\u00fcr die riesigen Probleme von Gewalt und gesellschaftlichen Konflikte zu untersuchen;<\/p>\n<p><strong><em>Eingedenk<\/em><\/strong> einer beeindruckenden Palette praxiserprobter L\u00f6sungen und vielversprechender, neuer Ideen, die auf dieser Globalen Konferenz diskutiert worden sind&nbsp;\u2013 von praxiserprobten Ans\u00e4tzen f\u00fcr Bildung, Sicherheit und Verteidigung, \u00fcber die Wirtschaft, die Erneuerung aktueller Sozialsysteme und Regierungsstrukturen, bis hin zu \u00dcberlegungen, wie die Zivilisation vor der wachsenden, durch den globalen Klimawandel ausgel\u00f6sten Bedrohung gesch\u00fctzt werden kann;<\/p>\n<p><strong><em>sei deshalb beschlossen:<\/em><\/strong> Die Versammlung des <em>Global Peace Summit<\/em> ruft einstimmig dazu auf, diese evidenzbasierten, praxiserprobten L\u00f6sungen unverz\u00fcglich einzuf\u00fchren, einschlie\u00dflich des Neuro-wissenschaftlichen Friedensansatzes (<em>Brain-Based Approach to Peace<\/em>, BBAP), der akuten Stress und durch Stress hervorgerufenes, gewaltt\u00e4tiges, asoziales Verhalten auf individueller und gesellschaftlicher Ebene reduziert. Dieser Ansatz wurde bereits in 38&nbsp;L\u00e4ndern offiziell installiert, darunter 22&nbsp;L\u00e4nder Lateinamerikas, wo der BBAP im staatlichen Bildungssystem und in der milit\u00e4rischen und polizeilichen Ausbildung integriert worden ist. Die milit\u00e4rische Anwendung des BBAP umfasst die gemeinsame, kollektive Praxis der evidenzbasierten Transzendentalen Meditation, in speziellen \u00bbPr\u00e4ventions-Brigaden\u00ab, deren Zweck es ist, gesellschaftlichen Stress zu neutralisieren und den Ausbruch von Krieg zu verhindern. Dass dieser kollektive Einfluss von Harmonie und gesellschaftlicher Koh\u00e4renz, der durch diese Bewusstseins-Technologie hervorgerufen wird, Terrorismus und kriegerische Auseinandersetzungen vorbeugen und zum Stillstand bringen und dadurch gewaltgetriebene Nationen in einen Zustand nachhaltigen Friedens \u00fcberf\u00fchren kann, mit korrespondierenden Verbesserungen der Wirtschaft, der nationalen Gesundheit, und der allgemeinen Lebensqualit\u00e4t: Das ist wiederholt demonstriert worden. <\/p>\n<p>Ein schlagendes Beispiel solch einer Transformation trug in einer ergreifenden Pr\u00e4sentation der fr\u00fchere Pr\u00e4sident von Mozambique und Vorsitzende der Afrikanischen Union, Joaquim Alberto Chissano, vor.<\/p>\n<p>Die Versammlung des <em>Global Peace Summit<\/em> ruft zu einer sofortigen und breitest angelegten Umsetzung dieses Neuro-Wissenschaftlichen Friedensansatzes auf: im Bildungs- und Verteidigungs- und Sicherheitssystem der Ukraine.<\/p>\n<p><strong><em>Ferner sei beschlossen:<\/em><\/strong> Die Versammlung des <em>Global Peace Summit<\/em> ruft dazu auf, andere erfolgversprechende, evidenzbasierte Technologien, Methoden, Programme und Ideen, wie zum Beispiel das \u00bbNeue Paradigma von Frieden und Sicherheit\u00ab, das von General Vasyl Krutov so beredt dargelegt wurde, zu erforschen und zu entwickeln. Nachdr\u00fccklich unterst\u00fctzt die Versammlung Feldversuche und empirische Forschung, damit der praktische Nutzen und das Kosten-Nutzungs-Verh\u00e4ltnis dieser und anderer vielversprechender Methoden wissenschaftlich unter Beweis gestellt werden k\u00f6nnen.<\/p>\n<p><strong><em>Ferner sei beschlossen:<\/em><\/strong> Die Versammlung des <em>Global Peace Summit<\/em> bekr\u00e4ftigt und best\u00e4tigt die Klimawissenschaft als eine reale Wissenschaft und unterst\u00fctzt alle evidenzbasierten Methoden und Technologien, welche die Bedrohungen von Frieden und Sicherheit der Menschheit durch den globalen Klimawandel verringern.<\/p>\n<p><strong><em>Schlie\u00dflich sei beschlossen:<\/em><\/strong> Die Versammlung des <em>Global Peace Summit<\/em> ruft die Regierungen der Welt auf, in Partnerschaft zu treten mit der <em>Global Union of Scientists for Peace<\/em>, um unverz\u00fcglich all diese Beschl\u00fcsse zu finanzieren und sie in die Tat umzusetzen, sodass Gesundheit, Schutz und Sicherheit jeder Nation gew\u00e4hrleistet sind.<\/p>\n<p style=\"text-align: center; margin: 28px 0 32px;\"><strong><em>M\u00f6ge dauerhafter Frieden, Wohlstand und Fortschritt die Menschheit segnen.<\/em><\/strong><\/p>\n<p>Einstimmig beschlossen von der Versammlung des <em>Global Peace Summit<\/em>, am 15.&nbsp;Juni&nbsp;2017, in Kiew, Ukraine.<\/p>\n","protected":false},"excerpt":{"rendered":"<p>GLOBAL PEACE SUMMIT: RESOLUTION Eingedenk des ersten Global Peace Summit&nbsp;\u2014 Wissenschaft und Frieden: Erprobte Ma\u00dfnahmen gegen Gewalt und globalen Konflikt&nbsp;\u2014, auf dem \u00fcber 600&nbsp;f\u00fchrende Wissenschaftler, Bildungsexperten und Politiker der Ukraine und des Auslands sich versammelt hatten, um innovative, evidenzbasierte L\u00f6sungen f\u00fcr die riesigen Probleme von Gewalt und gesellschaftlichen Konflikte zu untersuchen; Eingedenk einer beeindruckenden Palette&#8230;<\/p>\n","protected":false},"author":17,"featured_media":0,"parent":867,"menu_order":87,"comment_status":"closed","ping_status":"closed","template":"","meta":{"footnotes":""},"class_list":["post-2482","page","type-page","status-publish","hentry"],"_links":{"self":[{"href":"https:\/\/www.gusp.org\/de\/wp-json\/wp\/v2\/pages\/2482","targetHints":{"allow":["GET"]}}],"collection":[{"href":"https:\/\/www.gusp.org\/de\/wp-json\/wp\/v2\/pages"}],"about":[{"href":"https:\/\/www.gusp.org\/de\/wp-json\/wp\/v2\/types\/page"}],"author":[{"embeddable":true,"href":"https:\/\/www.gusp.org\/de\/wp-json\/wp\/v2\/users\/17"}],"replies":[{"embeddable":true,"href":"https:\/\/www.gusp.org\/de\/wp-json\/wp\/v2\/comments?post=2482"}],"version-history":[{"count":13,"href":"https:\/\/www.gusp.org\/de\/wp-json\/wp\/v2\/pages\/2482\/revisions"}],"predecessor-version":[{"id":2706,"href":"https:\/\/www.gusp.org\/de\/wp-json\/wp\/v2\/pages\/2482\/revisions\/2706"}],"up":[{"embeddable":true,"href":"https:\/\/www.gusp.org\/de\/wp-json\/wp\/v2\/pages\/867"}],"wp:attachment":[{"href":"https:\/\/www.gusp.org\/de\/wp-json\/wp\/v2\/media?parent=2482"}],"curies":[{"name":"wp","href":"https:\/\/api.w.org\/{rel}","templated":true}]}}