{"id":817,"date":"2017-04-24T12:55:27","date_gmt":"2017-04-24T12:55:27","guid":{"rendered":"https:\/\/www.gusp.org\/entscharfung-globaler-krisen\/"},"modified":"2017-06-24T14:18:42","modified_gmt":"2017-06-24T19:18:42","slug":"entschaerfung-globaler-krisen","status":"publish","type":"page","link":"https:\/\/www.gusp.org\/de\/entschaerfung-globaler-krisen\/","title":{"rendered":"Entsch\u00e4rfung globaler Krisen"},"content":{"rendered":"<p><img loading=\"lazy\" decoding=\"async\" class=\"alignleft size-full wp-image-308 photo-top\" src=\"https:\/\/www.gusp.org\/wp-content\/uploads\/2017\/03\/photo_syrian-refugees-lg.jpg\" alt=\"Defusing World Crises\" width=\"740\" height=\"415\" srcset=\"https:\/\/www.gusp.org\/wp-content\/uploads\/2017\/03\/photo_syrian-refugees-lg.jpg 740w, https:\/\/www.gusp.org\/wp-content\/uploads\/2017\/03\/photo_syrian-refugees-lg-300x168.jpg 300w, https:\/\/www.gusp.org\/wp-content\/uploads\/2017\/03\/photo_syrian-refugees-lg-200x112.jpg 200w\" sizes=\"auto, (max-width: 740px) 100vw, 740px\" \/><\/p>\n<h1>Entsch\u00e4rfung globaler Krisen:<\/h1>\n<h2 style=\"text-align: center;\">Ein wissenschaftlicher Ansatz<br \/>\n<\/h2>\n\t<span class=\"dropcap\">\n\t\t<p>A<\/p>\n\t<\/span>\n\n\tngestrengt suchen die Regierungen weltweit nach angemessenen und wirksamen Reaktionen auf die aktuellen Krisen und Konflikte rund um den Globus&nbsp;\u2013 in Syrien und dem Nahen Osten, in der Ukraine, in Afrika und anderswo. Diese Konflikte haben bereits Millionen von Menschen vertrieben und traumatisiert und die Machtverh\u00e4ltnisse ganzer Regionen destabilisiert.<\/p>\n<p>Leider besitzen unsere milit\u00e4rischen und politischen F\u00fchrer keine wirklich effektiven M\u00f6glichkeiten zur L\u00f6sung dieser Konflikte. Milit\u00e4rische Interventionen f\u00fchren zu weiteren Verlusten menschlichen Lebens, entflammen Unruhen in einer bereits rumorenden Gesellschaft und f\u00fchren oft zu Vergeltungsaktionen&nbsp;\u2013 die historische Kehrseite des Versuchs, Frieden durch Gewalt zu schaffen.  <\/p>\n<p>\u2028\u2028Diplomatische Anstrengungen stehen vor \u00e4hnlichen Herausforderungen. In einer von historischen, tief sitzenden politischen und religi\u00f6sen Spannungen zerrissenen Region sind dauerhafte L\u00f6sungen schwer zu erreichen: Verhandelte L\u00f6sungen und Waffenstillst\u00e4nde bringen anscheinend nur kurzfristige Entspannung. Bei akuten gesellschaftlichen Spannungen und hochkochenden Auseinandersetzungen haben sich Vertr\u00e4ge als eine zu zerbrechliche Grundlage f\u00fcr dauerhaften Frieden erwiesen. Wie k\u00f6nnen also dann diese historischen Konflikte und die daraus resultierenden humanit\u00e4ren Krisen angegangen und \u00fcberwunden werden?<\/p>\n<h4>Die Gewaltursachen behandeln<\/h4>\n<p>Konventionelle Ans\u00e4tze zur Konfliktl\u00f6sung und -verh\u00fctung sind letztlich ineffektiv, weil sie nicht auf die zugrunde liegende Ursache von Gewalt und sozialen Konflikten eingehen: akuter gesellschaftlicher Stress, der politische, ethnische und religi\u00f6se Spannungen in Krisenherden auf der ganzen Welt verfestigt. Wenn diese gesellschaftlichen Spannungen unkontrolliert wachsen, werden sie unvermeidlich als soziale Gewalt ausbrechen. Deshalb brauchen wir f\u00fcr diplomatische und andere konventionelle Ans\u00e4tze zuerst eine erfolgreiche Methode, diese tief sitzenden Spannungen zu entsch\u00e4rfen und zu verhindern, dass sie den Siedepunkt erreichen.<\/p>\n<p>Gl\u00fccklicherweise hat die Forschung gezeigt, dass es m\u00f6glich ist, akute gesellschaftliche Spannungen effektiv zu entsch\u00e4rfen: durch den Einsatz leistungsf\u00e4higer, evidenzbasierter, stressreduzierender, friedensf\u00f6rdernder Technologien, die von einer kleinen Untergruppe der Bev\u00f6lkerung ausge\u00fcbt werden. Ein Ansatz, der leicht in der Bundeswehr oder sogar in gro\u00dfen Schulen oder Universit\u00e4ten umgesetzt werden kann.<\/p>\n<p>Die <em>Global Union of Scientists for Peace<\/em> hat diesen Ansatz in Koordination mit angeschlossenen Institutionen und Organisationen* seit \u00fcber zehn Jahren in Dutzenden von L\u00e4ndern auf der ganzen Welt erforscht und umgesetzt \u2013 mit sehr vielversprechenden Ergebnissen. Diese neue friedensf\u00f6rdernde Methodik basiert auf den j\u00fcngsten Entdeckungen in Physik, Physiologie und Neurowissenschaften und wird hier als <em><a href=\"https:\/\/www.gusp.org\/de\/entschaerfung-globaler-krisen\/gehirnbasierter-friedensansatz\/\">Neuro-wissenschaftlicher Friedensansatz<\/a><\/em> bezeichnet.<\/p>\n<blockquote class=\"footnote\">\n<hr>\n<p>*<em>Z.B. <\/em>Maharishi University of Management, USA; Maharishi European Research University, Niederlande; Maharishi University of Natural Law, U.K.<\/p><\/blockquote>\n","protected":false},"excerpt":{"rendered":"<p>Entsch\u00e4rfung globaler Krisen: Ein wissenschaftlicher Ansatz ngestrengt suchen die Regierungen weltweit nach angemessenen und wirksamen Reaktionen auf die aktuellen Krisen und Konflikte rund um den Globus&nbsp;\u2013 in Syrien und dem Nahen Osten, in der Ukraine, in Afrika und anderswo. Diese Konflikte haben bereits Millionen von Menschen vertrieben und traumatisiert und die Machtverh\u00e4ltnisse ganzer Regionen destabilisiert&#8230;.<\/p>\n","protected":false},"author":1,"featured_media":0,"parent":0,"menu_order":295,"comment_status":"closed","ping_status":"closed","template":"","meta":{"footnotes":""},"class_list":["post-817","page","type-page","status-publish","hentry"],"_links":{"self":[{"href":"https:\/\/www.gusp.org\/de\/wp-json\/wp\/v2\/pages\/817","targetHints":{"allow":["GET"]}}],"collection":[{"href":"https:\/\/www.gusp.org\/de\/wp-json\/wp\/v2\/pages"}],"about":[{"href":"https:\/\/www.gusp.org\/de\/wp-json\/wp\/v2\/types\/page"}],"author":[{"embeddable":true,"href":"https:\/\/www.gusp.org\/de\/wp-json\/wp\/v2\/users\/1"}],"replies":[{"embeddable":true,"href":"https:\/\/www.gusp.org\/de\/wp-json\/wp\/v2\/comments?post=817"}],"version-history":[{"count":8,"href":"https:\/\/www.gusp.org\/de\/wp-json\/wp\/v2\/pages\/817\/revisions"}],"predecessor-version":[{"id":2509,"href":"https:\/\/www.gusp.org\/de\/wp-json\/wp\/v2\/pages\/817\/revisions\/2509"}],"wp:attachment":[{"href":"https:\/\/www.gusp.org\/de\/wp-json\/wp\/v2\/media?parent=817"}],"curies":[{"name":"wp","href":"https:\/\/api.w.org\/{rel}","templated":true}]}}