{"id":821,"date":"2017-04-24T13:23:32","date_gmt":"2017-04-24T13:23:32","guid":{"rendered":"https:\/\/www.gusp.org\/entschaerfung-globaler-krisen\/gehirnbasierter-friedensansatz\/"},"modified":"2017-07-29T11:16:16","modified_gmt":"2017-07-29T16:16:16","slug":"gehirnbasierter-friedensansatz","status":"publish","type":"page","link":"https:\/\/www.gusp.org\/de\/entschaerfung-globaler-krisen\/gehirnbasierter-friedensansatz\/","title":{"rendered":"Neuro-wissenschaftlicher Friedensansatz"},"content":{"rendered":"<h2 style=\"text-align: center;\"><span style=\"color: #00579b;\">Der Neuro-wissenschaftliche Friedensansatz<\/span><\/h2>\n<p>Gewaltt\u00e4tiges Verhalten ist, wie alles Verhalten, im Gehirn verankert. Der direkteste&nbsp;\u2013 und letztlich einzige&nbsp;\u2013 Weg, um gewaltt\u00e4tiges und kriminelles Verhalten zu \u00e4ndern, besteht darin, eine ausgewogene Gehirnfunktion zu erreichen. Der <em>Neuro-wissenschaftliche Friedensansatz<\/em>* bringt die neurologische Funktionsweise wieder ins Gleichgewicht und f\u00f6rdert damit ein ausgewogenes, harmonisches Verhalten im Einzelnen und in der Gesellschaft.<\/p>\n<h4>Der Neuro-wissenschaftliche Friedensansatz auf einen Blick<\/h4>\n<ol>\n<li>Verhalten korreliert unmittelbar mit der Funktion des Gehirns.<\/li>\n<li>Stress beeinflusst das Gehirn negativ. Er blockiert den pr\u00e4frontalen Kortex (das \u00bbh\u00f6here Gehirn\u00ab) und \u00fcberreizt die Amygdala (das \u00bbAngstzentrum\u00ab), was zu angstgesteuertem, aggressivem, gewaltt\u00e4tigem, asozialem Verhalten f\u00fchrt.<\/li>\n<li>Umgekehrt beeinflussen akute gesellschaftliche Spannungen Gehirn und Verhalten jedes Einzelnen und sch\u00fcren Kriminalit\u00e4t, soziale Gewalt und Konflikte.<\/li>\n<li>Umfangreiche Untersuchungen zeigen, wie sich individueller Stress und dessen sch\u00e4dlicher Einfluss auf Gehirn und Verhalten reduziert l\u00e4sst: durch eine einfache, leicht erlernbare, nachweislich wirksame Meditationspraxis, die Technik der Transzendentalen Meditation\u00ae\u00a0(TM\u00ae).<\/li>\n<li>Au\u00dferdem zeigen <a href=\"https:\/\/www.gusp.org\/de\/entschaerfung-globaler-krisen\/ausgewaehlte-literatur\/\" target=\"_blank\">23\u00a0ver\u00f6ffentlichte Studien<\/a>, dass TM akute gesellschaftliche Spannungen wirksam entsch\u00e4rft und damit einhergehende Gewalt und soziale Konflikte einschlie\u00dflich Krieg und Terrorismus deutlich senkt. Das erfolgt insbesondere durch die Gruppenpraxis&nbsp;\u2013 wenn sie von einer signifikanten Teilmenge der Bev\u00f6lkerung oder durch eingebettete Gruppen ausgef\u00fchrt wird.<\/li>\n<\/ol>\n<p>Die <em>Global Union of Scientists for Peace<\/em> setzt diesen <em>Neuro-wissenschaftlichen Friedensansatz<\/em> auf regionaler, nationaler und globaler Ebene dynamisch um und leitet umfangreiche Studien zu seinen globalen Auswirkungen und den zugrundeliegenden physiologischen, neurophysiologischen und soziologischen Mechanismen.<\/p>\n<blockquote class=\"footnote\">\n<hr \/>\n<p>*Dieser <em>Neuro-wissenschaftliche Friedensansatz<\/em> wird an anderer Stelle in der wissenschaftlichen Literatur&nbsp;\u2013\u00a0aus Gr\u00fcnden, die hier sp\u00e4ter er\u00f6rtert werden&nbsp;\u2013 auch als <em>Bewusstseinsbasierter Ansatz<\/em> oder als <em>auf dem Einheitlichen Feld basierender Ansatz<\/em> bezeichnet.<\/p><\/blockquote>\n","protected":false},"excerpt":{"rendered":"<p>Der Neuro-wissenschaftliche Friedensansatz Gewaltt\u00e4tiges Verhalten ist, wie alles Verhalten, im Gehirn verankert. Der direkteste&nbsp;\u2013 und letztlich einzige&nbsp;\u2013 Weg, um gewaltt\u00e4tiges und kriminelles Verhalten zu \u00e4ndern, besteht darin, eine ausgewogene Gehirnfunktion zu erreichen. Der Neuro-wissenschaftliche Friedensansatz* bringt die neurologische Funktionsweise wieder ins Gleichgewicht und f\u00f6rdert damit ein ausgewogenes, harmonisches Verhalten im Einzelnen und in der Gesellschaft&#8230;.<\/p>\n","protected":false},"author":17,"featured_media":0,"parent":817,"menu_order":291,"comment_status":"closed","ping_status":"closed","template":"","meta":{"footnotes":""},"class_list":["post-821","page","type-page","status-publish","hentry"],"_links":{"self":[{"href":"https:\/\/www.gusp.org\/de\/wp-json\/wp\/v2\/pages\/821","targetHints":{"allow":["GET"]}}],"collection":[{"href":"https:\/\/www.gusp.org\/de\/wp-json\/wp\/v2\/pages"}],"about":[{"href":"https:\/\/www.gusp.org\/de\/wp-json\/wp\/v2\/types\/page"}],"author":[{"embeddable":true,"href":"https:\/\/www.gusp.org\/de\/wp-json\/wp\/v2\/users\/17"}],"replies":[{"embeddable":true,"href":"https:\/\/www.gusp.org\/de\/wp-json\/wp\/v2\/comments?post=821"}],"version-history":[{"count":10,"href":"https:\/\/www.gusp.org\/de\/wp-json\/wp\/v2\/pages\/821\/revisions"}],"predecessor-version":[{"id":2722,"href":"https:\/\/www.gusp.org\/de\/wp-json\/wp\/v2\/pages\/821\/revisions\/2722"}],"up":[{"embeddable":true,"href":"https:\/\/www.gusp.org\/de\/wp-json\/wp\/v2\/pages\/817"}],"wp:attachment":[{"href":"https:\/\/www.gusp.org\/de\/wp-json\/wp\/v2\/media?parent=821"}],"curies":[{"name":"wp","href":"https:\/\/api.w.org\/{rel}","templated":true}]}}