{"id":867,"date":"2017-04-25T08:29:58","date_gmt":"2017-04-25T08:29:58","guid":{"rendered":"https:\/\/www.gusp.org\/weltfriedensgipfel\/"},"modified":"2017-07-18T10:31:43","modified_gmt":"2017-07-18T15:31:43","slug":"weltfriedensgipfel","status":"publish","type":"page","link":"https:\/\/www.gusp.org\/de\/weltfriedensgipfel\/","title":{"rendered":"Weltfriedensgipfel"},"content":{"rendered":"<div class=\"announce\">\n<h1><em>KONFERENZBERICHT<\/em><\/h1>\n<p class=\"globe\"><img loading=\"lazy\" decoding=\"async\" src=\"\/wp-content\/themes\/gusp\/assets\/images\/globe.png\" alt=\"\" width=\"142\" height=\"141\" \/><\/p>\n<p style=\"text-align: center; font-size: 24px; margin-top: 30px; color: #00579b;\"><strong>Weltfriedensgipfel in Kiew<\/strong><\/p>\n<p style=\"text-align: center;\"><strong><br \/>\nF\u00fchrende Politiker und Wissenschaftler trafen sich in Kiew<br \/>\nNeue L\u00f6sungen f\u00fcr Konflikt, Sicherheit und Weltfrieden<br \/>\n<\/strong><\/p>\n<p style=\"text-align: center;\"><strong>14.&nbsp;\u2013&nbsp;15. Juni 2017&nbsp;&nbsp;\u00b7&nbsp;&nbsp;Fairmont Hotel&nbsp;&nbsp;\u00b7&nbsp;&nbsp;Kiew, Ukraine<\/strong><\/p>\n\t<span class=\"dropcap\">\n\t\t<p>\u00dc<\/p>\n\t<\/span>\n\n\tber 600 Wissenschaftler, Nobelpreistr\u00e4ger, Bildungsexperten und Politiker aus 21&nbsp;L\u00e4ndern trafen sich vom 14.&nbsp;\u2013&nbsp;15. Juni in Kiew, um innovative L\u00f6sungen f\u00fcr die riesigen Probleme von Krieg und gesellschaftlichen Konflikten anzugehen und neue Ans\u00e4tze f\u00fcr nationale Sicherheit und Weltfrieden zu untersuchen. Eingeladen zu dem Weltfriedensgipfel (<strong><em>Wissenschaft und Frieden:<\/em><\/strong><strong><em> Erprobte Ma\u00dfnahmen gegen Gewalt und globalen Konflikt<\/em><\/strong>) hatte die <em>Global Union of Scientists for Peace<\/em>.<\/p>\n<div id=\"attachment_444\" style=\"width: 750px\" class=\"wp-caption alignnone align\"><a class=\"zoom\" rel=\"group\" href=\"\/wp-content\/uploads\/2017\/07\/summit-audience-02017-large.jpg\"><img decoding=\"async\" aria-describedby=\"caption-attachment-444\" class=\"size-full wp-image-444\" src=\"\/wp-content\/uploads\/2017\/06\/summit-audience-02017.jpg\" alt=\"Summit Audience\" width=\"740\" \/><\/a><p id=\"caption-attachment-444\" class=\"wp-caption-text\"><strong>Dr. John Hagelin spricht zu Wissenschaftlern, Bildungsexperten und f\u00fchrenden Politikern aus 21 L\u00e4ndern auf dem Weltfriedensgipfel in Kiew.<\/strong><\/p><\/div>\n<p>Der Gipfel diskutierte eine beeindruckende Palette praxiserprobter L\u00f6sungen und vielversprechender Ideen: neue Ans\u00e4tze in der Erziehung, der inneren Sicherheit und der Verteidigung, der Kriminalit\u00e4tsbek\u00e4mpfung und -pr\u00e4vention, der Wirtschaft und der Erneuerung gegenw\u00e4rtiger Sozialsysteme und Verwaltungsstrukturen, bis hin zum Schutz der Zivilisation vor den wachsenden Bedrohungen durch den Klimawandel. <\/p>\n<p>Bekannte ukrainische Pers\u00f6nlichkeiten aus Wissenschaft, Bildung, Politik, Kultur und Verteidigung traten als Redner auf und verfolgten gespannt die Pr\u00e4sentationen fr\u00fcherer Pr\u00e4sidenten und vieler anderer f\u00fchrender Repr\u00e4sentanten anderer Nationen, wie sie mit \u00fcberzeugenden Belegen erfolgreiche Verfahren darlegten, mit deren Hilfe es ihnen gelungen war, Kriminalit\u00e4t und Terror deutlich zur\u00fcckzudr\u00e4ngen oder, in anderen F\u00e4llen, ihre L\u00e4nder vom B\u00fcrgerkrieg befreiten und Frieden und Wohlstand in ihren Nationen wiederherstellen konnten. (Hier geht es zur <a href=\"\/de\/weltfriedensgipfel\/bildergalerie\/\" target=\"_blank\">Bildergalerie<\/a>.)<\/p>\n<p>Fast die H\u00e4lfte der Pr\u00e4sentationen befassten sich mit dem Neuro-wissenschaftlichen Friedensansatz (Brain-Based Approach to Peace, BBAP), einer wissenschaftlich abgesicherten Methode, akuten physischen und psychologischen Stress abzubauen, sodass gewaltt\u00e4tigem, asozialem Verhalten auf individueller wie auf gesellschaftlicher Ebene vorgebeugt wird. Diese erfolgreiche Innovation wurde weltweit bereits von zahlreichen L\u00e4ndern offiziell installiert, darunter von 22&nbsp;L\u00e4ndern allein in Lateinamerika, in denen BBAP in gro\u00dfem Stil in die \u00f6ffentliche Erziehung eingef\u00fchrt worden ist und inzwischen zur Ausbildung des nationalen Milit\u00e4rs geh\u00f6rt.<\/p>\n<p>Die milit\u00e4rische BBAP-Anwendung umfasst individuelle und gemeinsame Praxis des Programms der Transzendentalen Meditation sowie zugeh\u00f6riger Fortgeschrittenentechniken, meist in sog. \u00bbPr\u00e4ventions-Brigaden\u00ab innerhalb der Teile des Milit\u00e4rs, deren Aufgabe es ist, gesellschaftlichen Stress zu neutralisieren und den Ausbruch von Kriegen zu verhindern. Abnahme der Kriminalit\u00e4t, des Terrorismus und der Kampfhandlungen, in Begleitung von Verbesserungen in der Wirtschaft des Landes, der Gesundheit seiner B\u00fcrger und der allgemeinen Lebensqualit\u00e4t: All das demonstriert, wie dieser Ansatz gesellschaftliche Harmonie f\u00f6rdert und verst\u00e4rkt.<\/p>\n<p>Dramatisch illustrierte der fr\u00fchere Pr\u00e4sident von Mozambique und Vorsitzende der Afrikanischen Union, Joaquim Alberto Chissano, seine ber\u00fchmte Nutzung dieser Methoden&nbsp;\u2013 beendeten sie doch einen zwanzig Jahre lang w\u00e4hrenden B\u00fcrgerkrieg und brachten seinem Land anhaltenden Frieden.<\/p>\n<p>In ihrer abschlie\u00dfenden <a href=\"\/de\/weltfriedensgipfel\/beschluesse-der-konferenz\/\">Resolution<\/a> rief die Versammlung dieses Weltfriedensgipfels dazu auf, diesen Neuro-wissenschaftlichen Friedensansatz sofort und auf breiter Basis in die Systeme von Bildung, Sicherheit und Verteidigung der Ukraine einzuf\u00fchren. Regierungen generell wurden aufgefordert, f\u00fcr diese und andere evidenzbasierten, best\u00e4tigten L\u00f6sungen sofort Mittel bereitzustellen und sie umzusetzen, damit Schutz und Sicherheit jeder Nation gew\u00e4hrleistet wird.<\/p>\n<p>Eindrucksvoll auch die Pr\u00e4sentation von Dr. Rajendra Pachauri, ehemaliger Vorsitzender des <em>Intergovernmental Panel on Climate Change<\/em> (IPCC). Stellvertretend f\u00fcr den IPCC nahm Dr. Pachauri 2007 den Friedensnobelpreis entgegen. Er zeigte auf, dass sich der Klimawandel zu einer ernsthaften Bedrohung globaler Sicherheit auswachsen werde, und forderte eindringlich sofortige Ma\u00dfnahmen, um diese Effekte abzumildern. Einstimmig bekr\u00e4ftigte die Versammlung des Weltfriedensgipfels die Tatsachen von Klimawissenschaft und Klimawandel. Sie beschloss, s\u00e4mtliche evidenzbasierten Methoden und Technologien zu unterst\u00fctzen, welche die aus dem Klimawandel erwachsenden Gefahren f\u00fcr Frieden und Sicherheit der Menschheit verringern.<\/p>\n<p>Gegr\u00fcndet wurde die <em>Global Union of Scientists for Peace<\/em> mit diesen Zielen:<\/p>\n<ul>\n<li>Stopp der Verbreitung von Atomwaffen und anderen Massenvernichtungswaffen;<\/li>\n<li>Reduzierung von Gewalt als Mittel der Konfliktl\u00f6sung;<\/li>\n<li>Verhinderung gesellschaftlicher Spannungen, die zu Terrorismus und sozialen Konflikten f\u00fchren;<\/li>\n<li>Erforschung und F\u00f6rderung evidenzbasierter, gewaltloser Ma\u00dfnahmen zur Konfliktvermeidung, Unterst\u00fctzung der nationalen Sicherheit und Schaffung von Weltfrieden.<\/li>\n<\/ul>\n<h4>Umfangreiche Berichterstattung der Medien<\/h4>\n<p>Die Medien w\u00fcrdigten diesen Weltfriedensgipfel ausf\u00fchrlich. 38&nbsp;Medienh\u00e4user berichteten \u00fcber die Konferenz, darunter acht nationale ukrainische Fernsehstationen, 19&nbsp;gesellschaftlich-politische Nachrichtenagenturen sowie zahlreiche internationale Nachrichtenagenturen. Ort der Veranstaltung war der Gro\u00dfe Ballsaal des am Dnepr gelegenen ehrw\u00fcrdigen Fairmont Hotels. Mehrere gro\u00dfformatige Bildw\u00e4nde und Simultan\u00fcbersetzungen unterst\u00fctzten den Verlauf. So konnten die aus zahlreichen L\u00e4ndern angereisten Teilnehmer den verschiedensprachigen Pr\u00e4sentationen der Konferenz intensiv folgen.\n<\/p><\/div>\n","protected":false},"excerpt":{"rendered":"<p>KONFERENZBERICHT Weltfriedensgipfel in Kiew F\u00fchrende Politiker und Wissenschaftler trafen sich in Kiew Neue L\u00f6sungen f\u00fcr Konflikt, Sicherheit und Weltfrieden 14.&nbsp;\u2013&nbsp;15. Juni 2017&nbsp;&nbsp;\u00b7&nbsp;&nbsp;Fairmont Hotel&nbsp;&nbsp;\u00b7&nbsp;&nbsp;Kiew, Ukraine ber 600 Wissenschaftler, Nobelpreistr\u00e4ger, Bildungsexperten und Politiker aus 21&nbsp;L\u00e4ndern trafen sich vom 14.&nbsp;\u2013&nbsp;15. Juni in Kiew, um innovative L\u00f6sungen f\u00fcr die riesigen Probleme von Krieg und gesellschaftlichen Konflikten anzugehen und neue&#8230;<\/p>\n","protected":false},"author":17,"featured_media":0,"parent":0,"menu_order":246,"comment_status":"closed","ping_status":"closed","template":"","meta":{"footnotes":""},"class_list":["post-867","page","type-page","status-publish","hentry"],"_links":{"self":[{"href":"https:\/\/www.gusp.org\/de\/wp-json\/wp\/v2\/pages\/867","targetHints":{"allow":["GET"]}}],"collection":[{"href":"https:\/\/www.gusp.org\/de\/wp-json\/wp\/v2\/pages"}],"about":[{"href":"https:\/\/www.gusp.org\/de\/wp-json\/wp\/v2\/types\/page"}],"author":[{"embeddable":true,"href":"https:\/\/www.gusp.org\/de\/wp-json\/wp\/v2\/users\/17"}],"replies":[{"embeddable":true,"href":"https:\/\/www.gusp.org\/de\/wp-json\/wp\/v2\/comments?post=867"}],"version-history":[{"count":47,"href":"https:\/\/www.gusp.org\/de\/wp-json\/wp\/v2\/pages\/867\/revisions"}],"predecessor-version":[{"id":2709,"href":"https:\/\/www.gusp.org\/de\/wp-json\/wp\/v2\/pages\/867\/revisions\/2709"}],"wp:attachment":[{"href":"https:\/\/www.gusp.org\/de\/wp-json\/wp\/v2\/media?parent=867"}],"curies":[{"name":"wp","href":"https:\/\/api.w.org\/{rel}","templated":true}]}}