{"id":870,"date":"2017-04-25T08:51:31","date_gmt":"2017-04-25T08:51:31","guid":{"rendered":"https:\/\/www.gusp.org\/einladung-an-wissenschaftler\/"},"modified":"2017-06-07T10:14:48","modified_gmt":"2017-06-07T10:14:48","slug":"einladung-an-wissenschaftler","status":"publish","type":"page","link":"https:\/\/www.gusp.org\/de\/einladung-an-wissenschaftler\/","title":{"rendered":"Einladung an die Wissenschaft"},"content":{"rendered":"<h1 class=\"ms\">Einladung an die Wissenschaft<\/h1>\n<p>Friedliebende Forscher laden wir herzlich ein, sich der <em>Global Union of Scientists for Peace<\/em> anzuschlie\u00dfen. Bitte nehmen Sie mit unseren internationalen B\u00fcros Kontakt auf.<\/p>\n\t<div class=\"blue-box\">\n\t\t<div class=\"inner\">\n\t\t\t<p style=\"margin-bottom:0px;\">Global Union of Scientists for Peace<br \/>\n2000 Capital Boulevard<br \/>\nFairfield, IA  52556<br \/>\nUSA<br \/>\n<a href=\"&#109;&#97;&#105;&#108;&#116;&#111;&#58;&#83;&#101;&#99;&#114;&#101;&#116;&#97;&#114;&#105;&#97;&#116;&#64;&#71;&#85;&#83;&#80;&#46;&#111;&#114;&#103;\">&#83;&#101;&#99;&#114;&#101;&#116;&#97;&#114;&#105;&#97;&#116;&#64;&#71;&#85;&#83;&#80;&#46;&#111;&#114;&#103;<\/a><br \/>\n+1-888-600-GUSP<\/p>\n\t\t<\/div>\n\t<\/div>\n\n\t\n<p>Bitte nennen Sie Ihren gegenw\u00e4rtigen Beruf und neuere Ver\u00f6ffentlichungen und\/oder Erfolge im Bereich der Friedenssicherung. Ihre vorrangigen Interessen sowie Ihre Kontaktdaten geben Sie uns bitte ebenfalls an. Und sicher gibt es auch in Ihrem Land Wissenschaftler, die sich f\u00fcr Frieden einsetzen. M\u00f6chten Sie gern die Kommunikation mit diesen Menschen in Gang bringen und sie koordinieren? Dann lassen Sie uns auch das bitte wissen.<\/p>\n<p>Ihr Engagement ist immer willkommen. Wir freuen uns, von Ihnen zu h\u00f6ren.<\/p>\n","protected":false},"excerpt":{"rendered":"<p>Einladung an die Wissenschaft Friedliebende Forscher laden wir herzlich ein, sich der Global Union of Scientists for Peace anzuschlie\u00dfen. Bitte nehmen Sie mit unseren internationalen B\u00fcros Kontakt auf. Bitte nennen Sie Ihren gegenw\u00e4rtigen Beruf und neuere Ver\u00f6ffentlichungen und\/oder Erfolge im Bereich der Friedenssicherung. Ihre vorrangigen Interessen sowie Ihre Kontaktdaten geben Sie uns bitte ebenfalls an&#8230;.<\/p>\n","protected":false},"author":1,"featured_media":0,"parent":0,"menu_order":197,"comment_status":"closed","ping_status":"closed","template":"","meta":{"footnotes":""},"class_list":["post-870","page","type-page","status-publish","hentry"],"_links":{"self":[{"href":"https:\/\/www.gusp.org\/de\/wp-json\/wp\/v2\/pages\/870","targetHints":{"allow":["GET"]}}],"collection":[{"href":"https:\/\/www.gusp.org\/de\/wp-json\/wp\/v2\/pages"}],"about":[{"href":"https:\/\/www.gusp.org\/de\/wp-json\/wp\/v2\/types\/page"}],"author":[{"embeddable":true,"href":"https:\/\/www.gusp.org\/de\/wp-json\/wp\/v2\/users\/1"}],"replies":[{"embeddable":true,"href":"https:\/\/www.gusp.org\/de\/wp-json\/wp\/v2\/comments?post=870"}],"version-history":[{"count":9,"href":"https:\/\/www.gusp.org\/de\/wp-json\/wp\/v2\/pages\/870\/revisions"}],"predecessor-version":[{"id":2202,"href":"https:\/\/www.gusp.org\/de\/wp-json\/wp\/v2\/pages\/870\/revisions\/2202"}],"wp:attachment":[{"href":"https:\/\/www.gusp.org\/de\/wp-json\/wp\/v2\/media?parent=870"}],"curies":[{"name":"wp","href":"https:\/\/api.w.org\/{rel}","templated":true}]}}