{"id":872,"date":"2017-04-25T08:52:49","date_gmt":"2017-04-25T08:52:49","guid":{"rendered":"https:\/\/www.gusp.org\/copyright\/"},"modified":"2017-05-26T22:24:06","modified_gmt":"2017-05-26T22:24:06","slug":"copyright","status":"publish","type":"page","link":"https:\/\/www.gusp.org\/de\/copyright\/","title":{"rendered":"Copyright"},"content":{"rendered":"<h1 class=\"ms\">NUTZUNGSBEDINGUNGEN<\/h1>\n<p>Der Inhalt dieser Website, einschlie\u00dflich des Logos, aller Texte und aller Grafiken, ist von Global Union of Scientists for Peace (GUSP) urheberrechtlich gesch\u00fctzt, sofern nicht anders angegeben.<\/p>\n<p>Sofern nicht anders angegeben, darf kein Teil dieser Inhalte ohne vorherige Genehmigung des Rechteinhabers angezeigt, vervielf\u00e4ltigt, wiederver\u00f6ffentlicht, hochgeladen, gepostet, \u00fcbertragen oder in irgendeiner Form oder auf irgendeine Weise elektronisch, mechanisch, fotokopiert, aufgezeichnet oder anderweitig verteilt werden. Erlaubt ist lediglich, den Inhalt mit einem Computer \u00fcber die HTML-Browser-Software anzuzeigen und Kopien des Materials herunterzuladen, zu verwenden und zu drucken, sofern keine \u00c4nderung an dem Material vorgenommen wird und alle Urheberrechts- und sonstigen Eigentumsvorbehalte erhalten bleiben und dies ausschlie\u00dflich f\u00fcr Ihre pers\u00f6nliche oder interne Verwendung zu nichtkommerziellen Zwecken geschieht. Erlaubt ist, Links zu den Uniform Resource Locators (URL) von Dokumenten zu benutzen, wenn die Website in anderen HTML-Dokumenten aufgenommen wird, vorausgesetzt, dass alle Marken in diesen Links ordnungsgem\u00e4\u00df vermerkt sind. Die hier erteilte Erlaubnis beinhaltet nicht das Recht, den Inhalt auf andere Websites zu \u00fcbertragen. Eine \u00c4nderung der Materialien oder die Verwendung der Materialien f\u00fcr jeglichen anderen Zweck ist eine Verletzung des Urheberrechts und anderer Eigentumsrechte. Die Nutzung von Teilen des Inhalts bedarf gesonderter Vereinbarungen, die dann dort zu regeln sind.<\/p>\n<p>GUSP bem\u00fcht sich um Korrektheit und Verl\u00e4sslichkeit der auf dieser Website enthaltenen Informationen. Irrt\u00fcmer sind jedoch m\u00f6glich. Daher lehnt GUSP jegliche Gew\u00e4hrleistung welcher Art auch immer ab, seien diese Anspr\u00fcche nun expliziter oder impliziter Natur oder in irgendeinem Bezug zu dieser Website. Dieser Gew\u00e4hrleistungsausschluss gilt auch ausnahmslos bez\u00fcglich der Vermarktung oder Eignung der Website f\u00fcr einen bestimmten Zweck.<\/p>\n<p>Anfragen zu Marken, Urheberrechten und sonstigen Rechten an dem geistigem Eigentum des Inhalts dieser Webseite sind an GUSP, 2000 Capital Boulevard, Fairfield, IA 52556 USA, zu richten.<\/p>\n","protected":false},"excerpt":{"rendered":"<p>NUTZUNGSBEDINGUNGEN Der Inhalt dieser Website, einschlie\u00dflich des Logos, aller Texte und aller Grafiken, ist von Global Union of Scientists for Peace (GUSP) urheberrechtlich gesch\u00fctzt, sofern nicht anders angegeben. Sofern nicht anders angegeben, darf kein Teil dieser Inhalte ohne vorherige Genehmigung des Rechteinhabers angezeigt, vervielf\u00e4ltigt, wiederver\u00f6ffentlicht, hochgeladen, gepostet, \u00fcbertragen oder in irgendeiner Form oder auf irgendeine&#8230;<\/p>\n","protected":false},"author":17,"featured_media":0,"parent":0,"menu_order":195,"comment_status":"closed","ping_status":"closed","template":"","meta":{"footnotes":""},"class_list":["post-872","page","type-page","status-publish","hentry"],"_links":{"self":[{"href":"https:\/\/www.gusp.org\/de\/wp-json\/wp\/v2\/pages\/872","targetHints":{"allow":["GET"]}}],"collection":[{"href":"https:\/\/www.gusp.org\/de\/wp-json\/wp\/v2\/pages"}],"about":[{"href":"https:\/\/www.gusp.org\/de\/wp-json\/wp\/v2\/types\/page"}],"author":[{"embeddable":true,"href":"https:\/\/www.gusp.org\/de\/wp-json\/wp\/v2\/users\/17"}],"replies":[{"embeddable":true,"href":"https:\/\/www.gusp.org\/de\/wp-json\/wp\/v2\/comments?post=872"}],"version-history":[{"count":8,"href":"https:\/\/www.gusp.org\/de\/wp-json\/wp\/v2\/pages\/872\/revisions"}],"predecessor-version":[{"id":1817,"href":"https:\/\/www.gusp.org\/de\/wp-json\/wp\/v2\/pages\/872\/revisions\/1817"}],"wp:attachment":[{"href":"https:\/\/www.gusp.org\/de\/wp-json\/wp\/v2\/media?parent=872"}],"curies":[{"name":"wp","href":"https:\/\/api.w.org\/{rel}","templated":true}]}}