{"id":873,"date":"2017-04-25T08:53:20","date_gmt":"2017-04-25T08:53:20","guid":{"rendered":"https:\/\/www.gusp.org\/news\/die-grose-illusion-atomkrieg-mit-russland-lasst-sich-nicht-gewinnen\/"},"modified":"2017-06-21T07:46:40","modified_gmt":"2017-06-21T12:46:40","slug":"die-grosse-illusion-atomkrieg-mit-russland-laesst-sich-nicht-gewinnen","status":"publish","type":"page","link":"https:\/\/www.gusp.org\/de\/news\/die-grosse-illusion-atomkrieg-mit-russland-laesst-sich-nicht-gewinnen\/","title":{"rendered":"Die gro\u00dfe Illusion: Atomkrieg mit Russland l\u00e4sst sich nicht \u00bbgewinnen\u00ab"},"content":{"rendered":"<h1 style=\"margin-bottom:0px;\"><a href=\"https:\/\/consortiumnews.com\/2017\/03\/10\/dreams-of-winning-nuclear-war-on-russia\/\" target=\"_blank\"><img loading=\"lazy\" decoding=\"async\" class=\"logo\" src=\"\/wp-content\/uploads\/2017\/04\/logo_consortiumnews.png\" width=\"419\" height=\"77\" alt=\"ConsortiumNews\"\/><\/a><\/h1>\n<p align=\"center\" class=\"small\" style=\"margin-top:4px;margin-bottom:12px;\">Freier investigativer Journalismus seit 1995<\/p>\n<h1 style=\"margin-bottom:12px;\">Tr\u00e4umereien vom \u00bbsiegreichen\u00ab Atomkrieg gegen Russland<\/h1>\n<p class=\"small\">10. M\u00e4rz 2017<\/p>\n<p class=\"small\"><strong>Exklusiv:<\/strong> Washingtons offizielle Anti-Russland-Hysterie hat die amerikanische Politik entstellt und das Risiko eines Atomkriegs eskalieren lassen&nbsp;\u2013 tr\u00e4umen die US-amerikanischen Kriegsplaner doch davon, bei einem Erstschlag gegen Russland als \u00bbSieger\u00ab hervorzugehen, wie Jonathan Marshall berichtet.<\/p>\n<p class=\"small\">Von Jonathan Marshall<\/p>\n<div id=\"attachment_433\" style=\"width: 750px\" class=\"wp-caption align\"><img loading=\"lazy\" decoding=\"async\" aria-describedby=\"caption-attachment-433\" src=\"\/wp-content\/uploads\/2017\/04\/2017_03_redwing.jpg\" alt=\"Operation Redwing\" width=\"740\" height=\"589\" class=\"size-full wp-image-433\" srcset=\"https:\/\/www.gusp.org\/wp-content\/uploads\/2017\/04\/2017_03_redwing.jpg 740w, https:\/\/www.gusp.org\/wp-content\/uploads\/2017\/04\/2017_03_redwing-300x239.jpg 300w, https:\/\/www.gusp.org\/wp-content\/uploads\/2017\/04\/2017_03_redwing-141x112.jpg 141w\" sizes=\"auto, (max-width: 740px) 100vw, 740px\" \/><p id=\"caption-attachment-433\" class=\"wp-caption-text\"><strong>Eine Aufnahme der US-Regierung: Die Atomexplosion der Operation Redwing\u2019s Apache am 9. Juli 1956.<br \/>\n<\/strong><\/p><\/div>\nIm Jahr 1961 hatten ehemalige Pentagon-Berater einen <a href=\"https:\/\/www.theatlantic.com\/magazine\/archive\/2001\/10\/jfks-first-strike-plan\/376432\/\" target=\"_blank\">33seitigen Plan vorgelegt<\/a>, wie ein Atomkrieg gegen die Sowjetunion auszul\u00f6sen&nbsp;\u2013 <a href=\"http:\/\/prospect.org\/article\/did-us-military-plan-nuclear-first-strike-1963\" target=\"_blank\">und zu gewinnen<\/a>&nbsp;\u2013 sei. Grundlage waren Geheiminformationen, dass die atomaren Streitkr\u00e4fte der Sowjetunion zahlenm\u00e4\u00dfig schwach und schlecht gesch\u00fctzt seien&nbsp;\u2013 so dass sie ein leichtes Ziel  f\u00fcr einen Erstschlag der USA darstellten.<\/p>\n<p>Von der \u00dcberlegenheit der Vereinigten Staaten \u00fcberzeugt, begannen die Stabschefs Pr\u00e4sident John F. Kennedy dahingehend zu beraten, einen Atomkrieg gegen Kuba und Vietnam zu riskieren&nbsp;\u2013 obgleich ihre eigenen Analysen zugeben mussten, dass im Fall eines Fehlschlags 75&nbsp;% der Amerikaner sterben k\u00f6nnten. H\u00e4tte JFK ihren Rat nicht <a href=\"https:\/\/www.theatlantic.com\/magazine\/archive\/2013\/08\/jfk-vs-the-military\/309496\/\" target=\"_blank\">abgelehnt<\/a>, w\u00e4ren wir heute vielleicht nicht mehr hier.<\/p>\n<p>Pr\u00e4sident Trump k\u00f6nnte bald vor einem \u00e4hnlichen Test stehen. Von der \u00d6ffentlichkeit so gut wie unbemerkt hat das Atomprogramm des Pentagons beispiellose Kapazit\u00e4ten aufgebaut, die es erneut m\u00f6glich machen, \u00fcber einen Erstschlag der USA Russlands Atomwaffenarsenal zu zerst\u00f6ren und seine F\u00fchrung zu \u00bbenthaupten\u00ab. Je verletzlicher Russland gegen\u00fcber den Atomwaffen der USA ist, desto engagierter dr\u00e4ngen die Falken in Richtung aggressiverer Ma\u00dfnahmen gegen\u00fcber Russland.<\/p>\n<p>Eine <a href=\"http:\/\/thebulletin.org\/how-us-nuclear-force-modernization-undermining-strategic-stability-burst-height-compensating-super10578\" target=\"_blank\">neue, erschreckende Analyse<\/a> f\u00fcr das <em>Bulletin of the Atomic Scientists<\/em>&nbsp;\u2013 von drei herausragenden Experten f\u00fcr strategische Waffen aus der <em>Federation of American Scientists<\/em>, dem <em>Natural Resources Defence Council<\/em> und dem <em>Massachusetts Institute of Technology<\/em> (MIT)&nbsp;\u2013 belegt, dass die amerikanischen Atomplaner \u00bbrevolution\u00e4r neue Technologien mit drastisch gesteigerter Zielgenauigkeit des amerikanischen Arsenals ballistischer Raketen installiert haben\u00ab, was ihnen erstmals seit Jahrzehnten wieder \u00bbdie M\u00f6glichkeit gibt, einen Atomkrieg, der den Feind mit einem \u00fcberraschenden Erstschlag entwaffnet, zu f\u00fchren und zu gewinnen\u00ab.<\/p>\n<h4>Der \u00bbSuperz\u00fcnder\u00ab der US-Navy<\/h4>\n<p>Mitte der 1960er-Jahre schien das Konzept atomarer \u00dcberlegenheit an Bedeutung zu verlieren, als Moskau  sein atomares Waffenarsenal weit genug ausgebaut hatte, um einem Angriff standhalten zu k\u00f6nnen. Mit Beginn der Nixon-\u00c4ra sorgten Waffenkontrollvertr\u00e4ge einigerma\u00dfen f\u00fcr ein Gleichgewicht der amerikanischen und russischen Atomwaffen, was beide Seiten davon abhielt, im Einsatz von Atomwaffen irgendetwas anderes zu sehen als Abschreckung.<\/p>\n<div id=\"attachment_350\" style=\"width: 310px\" class=\"wp-caption alignright\"><img loading=\"lazy\" decoding=\"async\" aria-describedby=\"caption-attachment-350\" src=\"\/wp-content\/uploads\/2017\/03\/2017_03_kennedy.jpg\" alt=\"President John F. Kennedy\" width=\"300\" height=\"236\" class=\"size-full wp-image-350\" srcset=\"https:\/\/www.gusp.org\/wp-content\/uploads\/2017\/03\/2017_03_kennedy.jpg 300w, https:\/\/www.gusp.org\/wp-content\/uploads\/2017\/03\/2017_03_kennedy-142x112.jpg 142w\" sizes=\"auto, (max-width: 300px) 100vw, 300px\" \/><p id=\"caption-attachment-350\" class=\"wp-caption-text\">Pr\u00e4sident John F. Kennedy spricht zur Nation \u00fcber die Kubakrise (Oktober 1962)<\/p><\/div>Klammheimlich jedoch haben die Fortschritte der US-Technologie gegenseitige Abschreckung erneut in Frage gestellt. Das Geheimnis ist ein \u00bbSuperz\u00fcnder\u00ab, den die US-Marine erstmals 2009 als Teil des Programms zur \u00bbLebensverl\u00e4ngerung\u00ab von U-Boot-gest\u00fctzten Atomraketen eingesetzt hat. Mit diesem flexibleren Ausl\u00f6semechanismus kann der Zeitpunkt einer Atomexplosion deutlich pr\u00e4ziser bestimmt werden&nbsp;\u2013 was die Zerst\u00f6rungskraft von unter Wasser abgeschossenen US-Raketen verdreifacht: genug, um sogar \u00bbgeh\u00e4rtete\u00ab russische Raketensilos und Kommandozentralen mit gro\u00dfer Erfolgschance auszul\u00f6schen.<\/p>\n<p>Die Autoren sch\u00e4tzen, dass schon 272&nbsp;Sprengk\u00f6pfe gen\u00fcgen, um alle in geh\u00e4rteten Silos gebunkerten russischen Interkontinentalraketen zu zerst\u00f6ren&nbsp;\u2013 wobei \u00fcber 600&nbsp;der t\u00f6dlichen, auf amerikanischen U-Booten verteilten Sprengk\u00f6pfe unangetastet blieben, von Hunderten bodenstationierten amerikanischen Raketen ganz zu schweigen.<\/p>\n<p>Obwohl die US-Kriegsplaner immer noch vor der Herausforderung st\u00fcnden, ihre Sprengk\u00f6pfe genau auf Russlands U-Boote und mobile Landraketen auszurichten, unterst\u00fctzen die Autoren <a href=\"https:\/\/consortiumnews.com\/2016\/12\/29\/summing-up-russias-real-nuclear-fears\/\" target=\"_blank\">die These anderer Experten<\/a>, dass \u00bbdie Vereinigten Staaten zum ersten Mal seit fast 50&nbsp;Jahren an der Schwelle zu atomarer Vormachtstellung stehen\u00ab. Russlands Verletzbarkeit wird mit der Zeit wahrscheinlich gr\u00f6\u00dfer, wenn das Pentagon in den n\u00e4chsten 30&nbsp;Jahren sein geplantes <a href=\"https:\/\/consortiumnews.com\/2016\/01\/23\/learning-to-love-and-use-the-bomb\/\" target=\"_blank\">Billionen-Dollar-\u00bbAtom-Modernisierungs\u00ab-Programm<\/a> umsetzen wird.<\/p>\n<p>Aus Sicht vieler Pentagon-Planer sind gr\u00f6\u00dfere Kriegsf\u00fchrungsf\u00e4higkeiten immer von Vorteil, da sie die M\u00f6glichkeiten des US-Milit\u00e4rs erweitern. Es gibt aber gute Gr\u00fcnde, \u00fcber diesen heimlichen Fortschritt der US-Raketentechnologie besorgt zu sein.<\/p>\n<h4>Vorsicht vor den \u00bbEinfl\u00fcsterern\u00ab<\/h4>\n<p>Erstens besteht das Risiko, dass ein Einfl\u00fcsterer&nbsp;\u2013 ein \u00fcberzeugter Verfechter des \u00bbbegrenzten\u00ab Atomkriegs&nbsp;\u2013 einen Pr\u00e4sidenten davon \u00fcberzeugt, dass es m\u00f6glich sei, solch einen Konflikt auszufechten und zu gewinnen. Das k\u00f6nnte den Pr\u00e4sidenten dazu verleiten, sich in einem konventionellen Konflikt unbesonnen zu verhalten und eine milit\u00e4rische Eskalation auszul\u00f6sen, die unbeabsichtigt zur Massenvernichtung f\u00fchrt. (Man stelle sich nur einmal vor, Pr\u00e4sident Kennedy h\u00e4tte den Rat seiner Gener\u00e4le befolgt und w\u00e4hrend der Kubakrise 1962 die russischen Streitkr\u00e4fte bombardiert.)<\/p>\n<div id=\"attachment_434\" style=\"width: 310px\" class=\"wp-caption alignright\"><img loading=\"lazy\" decoding=\"async\" aria-describedby=\"caption-attachment-434\" src=\"\/wp-content\/uploads\/2017\/04\/2017_03_trump.jpg\" alt=\"President Donald Trump\" width=\"300\" height=\"238\" class=\"size-full wp-image-434\" srcset=\"https:\/\/www.gusp.org\/wp-content\/uploads\/2017\/04\/2017_03_trump.jpg 300w, https:\/\/www.gusp.org\/wp-content\/uploads\/2017\/04\/2017_03_trump-141x112.jpg 141w\" sizes=\"auto, (max-width: 300px) 100vw, 300px\" \/><p id=\"caption-attachment-434\" class=\"wp-caption-text\">Pr\u00e4sident Donald Trump verk\u00fcndet am 20.&nbsp;Februar&nbsp;2017 die Wahl von Gen. H.R. McMaster als seinen neuen Berater f\u00fcr nationale Sicherheit (Bildschirmfoto von Whitehouse.gov)<br \/><\/p><\/div>\n<p>Bis vor kurzem schien die Idee v\u00f6llig absurd, ein Berater w\u00fcrde versuchen, Pr\u00e4sident Trump zu einem atomaren Showdown zu veranlassen. Aber die zunehmende milit\u00e4rische Spannung zwischen der NATO und Russland hat Experten wie den fr\u00fcheren Verteidigungs-Sekret\u00e4r William Perry zu der Warnung veranlasst, dass die Welt einer \u00bb<a href=\"http:\/\/www.politico.com\/magazine\/story\/2017\/01\/william-perry-nuclear-weapons-proliferation-214604\" target=\"_blank\">atomaren Katastrophe<\/a>\u00ab n\u00e4her sei als irgendwann w\u00e4hrend des Kalten Krieges. Und jetzt erkl\u00e4rt Trump selbst, der einst zu gr\u00f6\u00dferer Zusammenarbeit mit Russland aufrief, die Vereinigten Staaten m\u00fcssten ihr Atomwaffenarsenal aufr\u00fcsten, um \u00bb<a href=\"http:\/\/www.reuters.com\/article\/us-usa-trump-exclusive-idUSKBN1622IF\" target=\"_blank\"> Spitzenreiter<\/a>\u00ab zu werden.<\/p>\n<p>In Anbetracht dieser neuen verh\u00e4rteten Fronten <a href=\"http:\/\/www.rollcall.com\/news\/policy\/pentagon-panel-urges-trump-team-expand-nuclear-options\" target=\"_blank\">riet<\/a> das einflussreiche <em>Defense Science Board<\/em> im Dezember der neuen Regierung, mit der Anschaffung niedrigschwelliger Atomwaffen zu beginnen, um den Vereinigten Staaten mehr M\u00f6glichkeiten zu verschaffen, \u00bbbegrenzte\u00ab Kriege gegen andere Atomm\u00e4chte zu f\u00fchren. Die Annahme hinter solch einem <a href=\"https:\/\/www.washingtonpost.com\/opinions\/theres-no-such-thing-as-limited-nuclear-war\/2017\/03\/03\/faef0de2-fd1c-11e6-8f41-ea6ed597e4ca_story.html\" target=\"_blank\">hei\u00df umstrittenen<\/a> Rat ist, dass Feinde sich zur\u00fcckziehen w\u00fcrden, wenn sie w\u00fcssten, dass die Vereinigten Staaten einen unbegrenzten Atomkrieg mit \u00bbakzeptablen\u00ab Verlusten f\u00fchren und gewinnen k\u00f6nnten.<\/p>\n<p><strong>Wachsende Gefahr eines versehentlichen Krieges<\/strong><br \/>\nZweitens&nbsp;\u2013 und vielleicht noch besorgniserregender&nbsp;\u2013 ist der Einfluss der amerikanischen Erstschlagskapazit\u00e4t auf die russische Atomplanung. Angesichts der M\u00f6glichkeit eines verheerenden US-Angriffs mit nur wenigen Minuten Vorwarnung wird Moskau seine Atomkr\u00e4fte in h\u00f6chster Alarmbereitschaft halten und \u00f6rtliche Kommandeure  sogar befugen, einen Abschuss freizugeben, falls die Kommunikation mit Moskau abbricht. Diese Regelung er\u00f6ffnet die erschreckende M\u00f6glichkeit, dass ein <a href=\"https:\/\/consortiumnews.com\/2017\/01\/11\/obamas-unkept-promise-on-nuclear-war\/\" target=\"_blank\">Atomkrieg durch blo\u00dfen Fehlalarm ausgel\u00f6st wird<\/a>&nbsp;\u2013 wovon es schon einige gab.<\/p>\n<div id=\"attachment_432\" style=\"width: 310px\" class=\"wp-caption alignright\"><img loading=\"lazy\" decoding=\"async\" aria-describedby=\"caption-attachment-432\" src=\"\/wp-content\/uploads\/2017\/04\/2017_03_putin.jpg\" alt=\"Russian President Vladimir Putin\" width=\"300\" height=\"200\" class=\"size-full wp-image-432\" srcset=\"https:\/\/www.gusp.org\/wp-content\/uploads\/2017\/04\/2017_03_putin.jpg 300w, https:\/\/www.gusp.org\/wp-content\/uploads\/2017\/04\/2017_03_putin-168x112.jpg 168w\" sizes=\"auto, (max-width: 300px) 100vw, 300px\" \/><p id=\"caption-attachment-432\" class=\"wp-caption-text\">Russlands Pr\u00e4sident Vladimir Putin w\u00e4hrend eines Staatsbesuchs in \u00d6sterreich am 24. Juni 2014 (offizielles Foto der russischen Regierung)<\/p><\/p><\/div>\n\u00bbDie neue Vernichtungskraft durch Superz\u00fcnder erh\u00f6ht die Spannung und das Risiko, dass amerikanische oder  russische Atomwaffen als Reaktion auf eine Fr\u00fchwarnung eingesetzt werden&nbsp;\u2013 selbst wenn kein Angriff eintrat\u00ab, schreiben die Waffenexperten. \u00bbDie Kombination von \u2026 gef\u00e4hrlich kurzer Vorwarnzeit, h\u00f6chster Alarmbereitschaft und der wachsenden Erstschlagkapazit\u00e4t der USA hat zu einer \u00e4u\u00dferst destabilisierenden und nuklear-strategisch gef\u00e4hrlichen Situation gef\u00fchrt.\u00ab<\/p>\n<p>Fakt ist: W\u00e4hrend die Atomkraft der USA klammheimlich gewachsen ist, hat Russland die Zeit von Warnung bis Abschuss auf knappe vier Minuten <em>verk\u00fcrzt<\/em>. \u00bbHeute k\u00f6nnen oberste Milit\u00e4rposten in der Moskauer Umgebung die gesamte menschliche Kommandokette umgehen und ferngesteuerte, in Silos gebunkerte oder selbst in Sibirien auf Sattelschleppern montierte Raketen  in weniger als 20&nbsp;Sekunden abschie\u00dfen\u00ab, berichtet Bruce Blair, Experte der <em>Princeton University<\/em>. \u00bbDas hei\u00dft: Uns droht st\u00e4ndig die lauernde Gefahr eines  versehentlichen Raketenstarts.\u00ab<\/p>\n<p>Blair <a href=\"http:\/\/thehill.com\/policy\/defense\/320927-arms-control-groups-slam-trumps-alternative-facts-on-nukes\" target=\"_blank\">warnte<\/a> k\u00fcrzlich davor, dass Pr\u00e4sident Trumps offensichtliche Unterst\u00fctzung eines erneuten Wettr\u00fcstens \u00bbnach jahrzehntelanger atomarer Abr\u00fcstung eine alarmierende Kehrtwende w\u00e4re, die jedem Angst machen sollte\u00ab.<\/p>\n<p>Und Senatorin Dianne Feinstein, Kalifornien, zeigte sich angesichts der zunehmenden Gespr\u00e4che in Washington \u00fcber atomare Kriegsf\u00fchrung so besorgt, das sie letzte Woche in der <a href=\"https:\/\/www.washingtonpost.com\/opinions\/theres-no-such-thing-as-limited-nuclear-war\/2017\/03\/03\/faef0de2-fd1c-11e6-8f41-ea6ed597e4ca_story.html\" target=\"_blank\"><em>Washington Post<\/em> einen offenen Brief<\/a> ver\u00f6ffentlichte, der die Leser daran erinnerte, \u00bbdass es so etwas wie einen \u203abegrenzten Einsatz\u2039 atomarer Waffen nicht gibt und es v\u00f6llig inakzeptabel ist, wie der Beraterstab des Pentagons deren Weiterentwicklung f\u00f6rdert\u00ab.<\/p>\n<p>Ihr weiser Rat: \u00bbWenn es um Atomwaffen geht, wird Sieg nicht daran gemessen, wer die meisten Sprengk\u00f6pfe hat, sondern wie lange wir leben d\u00fcrfen, bevor jemand sie einsetzt.\u00ab<\/p>\n<p><strong>Jonathan Marshall ist Autor vieler j\u00fcngster Artikel zu Waffenthemen, darunter <a href=\"https:\/\/consortiumnews.com\/2017\/01\/11\/obamas-unkept-promise-on-nuclear-war\/\" target=\"_blank\">Obama&rsquo;s Unkept Promise on Nuclear War<\/a>, <a href=\"https:\/\/consortiumnews.com\/2016\/12\/29\/summing-up-russias-real-nuclear-fears\/\" target=\"_blank\">Summing Up Russia&rsquo;s Real Nuclear Fears<\/a>, <a href=\"http:\/\/nationalinterest.org\/blog\/the-buzz\/how-world-war-iii-could-start-18276\" target=\"_blank\">How World War III Could Start<\/a>, <a href=\"https:\/\/consortiumnews.com\/2016\/02\/13\/natos-provocative-anti-russian-moves\/\" target=\"_blank\">NATO&rsquo;s Provocative Anti-Russian Moves<\/a>, <a href=\"https:\/\/consortiumnews.com\/2016\/05\/14\/escalations-in-a-new-cold-war\/\" target=\"_blank\">Escalations in a New Cold War<\/a> und <a href=\"https:\/\/consortiumnews.com\/2016\/05\/27\/ticking-closer-to-nuclear-midnight\/\" target=\"_blank\">Ticking Closer to Midnight<\/a>.<\/strong><\/p>\n<p align=\"center\">###<\/p>\n<p><a href=\"https:\/\/consortiumnews.com\/2017\/03\/10\/dreams-of-winning-nuclear-war-on-russia\" target=\"_blank\">https:\/\/consortiumnews.com\/2017\/03\/10\/dreams-of-winning-nuclear-war-on-russia\/<\/a><\/p>\n","protected":false},"excerpt":{"rendered":"<p>Freier investigativer Journalismus seit 1995 Tr\u00e4umereien vom \u00bbsiegreichen\u00ab Atomkrieg gegen Russland 10. M\u00e4rz 2017 Exklusiv: Washingtons offizielle Anti-Russland-Hysterie hat die amerikanische Politik entstellt und das Risiko eines Atomkriegs eskalieren lassen&nbsp;\u2013 tr\u00e4umen die US-amerikanischen Kriegsplaner doch davon, bei einem Erstschlag gegen Russland als \u00bbSieger\u00ab hervorzugehen, wie Jonathan Marshall berichtet. Von Jonathan Marshall Im Jahr 1961 hatten&#8230;<\/p>\n","protected":false},"author":1,"featured_media":0,"parent":863,"menu_order":194,"comment_status":"closed","ping_status":"closed","template":"","meta":{"footnotes":""},"class_list":["post-873","page","type-page","status-publish","hentry"],"_links":{"self":[{"href":"https:\/\/www.gusp.org\/de\/wp-json\/wp\/v2\/pages\/873","targetHints":{"allow":["GET"]}}],"collection":[{"href":"https:\/\/www.gusp.org\/de\/wp-json\/wp\/v2\/pages"}],"about":[{"href":"https:\/\/www.gusp.org\/de\/wp-json\/wp\/v2\/types\/page"}],"author":[{"embeddable":true,"href":"https:\/\/www.gusp.org\/de\/wp-json\/wp\/v2\/users\/1"}],"replies":[{"embeddable":true,"href":"https:\/\/www.gusp.org\/de\/wp-json\/wp\/v2\/comments?post=873"}],"version-history":[{"count":28,"href":"https:\/\/www.gusp.org\/de\/wp-json\/wp\/v2\/pages\/873\/revisions"}],"predecessor-version":[{"id":2445,"href":"https:\/\/www.gusp.org\/de\/wp-json\/wp\/v2\/pages\/873\/revisions\/2445"}],"up":[{"embeddable":true,"href":"https:\/\/www.gusp.org\/de\/wp-json\/wp\/v2\/pages\/863"}],"wp:attachment":[{"href":"https:\/\/www.gusp.org\/de\/wp-json\/wp\/v2\/media?parent=873"}],"curies":[{"name":"wp","href":"https:\/\/api.w.org\/{rel}","templated":true}]}}