{"id":892,"date":"2017-04-25T09:01:55","date_gmt":"2017-04-25T09:01:55","guid":{"rendered":"https:\/\/www.gusp.org\/entschaerfung-globaler-krisen\/global\/"},"modified":"2017-06-07T12:13:15","modified_gmt":"2017-06-07T12:13:15","slug":"global","status":"publish","type":"page","link":"https:\/\/www.gusp.org\/de\/entschaerfung-globaler-krisen\/global\/","title":{"rendered":"Global"},"content":{"rendered":"<h1 class=\"ms\">Umsetzung des Neuro-wissenschaftlichen Friedensansatzes<\/h1>\n<h3>GLOBALE UMSETZUNG \u2013 Indien<\/h3>\n<h4>Aufbau einer permanenten Supergruppe von Friedensexperten f\u00fcr die ganze Welt<\/h4>\n<div id=\"attachment_422\" style=\"width: 750px\" class=\"wp-caption align\"><img loading=\"lazy\" decoding=\"async\" aria-describedby=\"caption-attachment-422\" src=\"\/wp-content\/uploads\/2017\/04\/photo-brahmasthan.jpg\" alt=\"Global Capital of World Peace\" width=\"740\" height=\"340\" class=\"size-full wp-image-422\" srcset=\"https:\/\/www.gusp.org\/wp-content\/uploads\/2017\/04\/photo-brahmasthan.jpg 740w, https:\/\/www.gusp.org\/wp-content\/uploads\/2017\/04\/photo-brahmasthan-300x138.jpg 300w, https:\/\/www.gusp.org\/wp-content\/uploads\/2017\/04\/photo-brahmasthan-200x92.jpg 200w\" sizes=\"auto, (max-width: 740px) 100vw, 740px\" \/><p id=\"caption-attachment-422\" class=\"wp-caption-text\"><strong>Die Globale Hauptstadt des Weltfriedens. Der 7,3&nbsp;Quadratkilometer gro\u00dfe Campus in Zentralindien.<\/strong><br \/><\/p><\/div>\n<p style=\"margin-bottom:0px;\">Die bisher ver\u00f6ffentlichte Forschung&nbsp;<a href=\"\/de\/entschaerfung-globaler-krisen\/ausgewaehlte-literatur\/\" target=\"_blank\">[17]<\/a> mit drei sehr gro\u00dfr\u00e4umigen Projekten hat gezeigt, dass eine einzige Gruppe von 9000&nbsp;fortgeschrittenen Meditationsexperten (etwa die Quadratwurzel von einem Prozent der Weltbev\u00f6lkerung), die sich an einem Ort versammelt haben, ausreicht, um auch auf globaler Ebene einen starken, nachweisbar friedlichen Einfluss zu erzeugen: Ein Einfluss, der gro\u00df genug ist, um globale Spannungen zu entsch\u00e4rfen und die Zunahme von Gewalt und Konflikten weltweit zu reduzieren.<\/p>\n<div id=\"attachment_423\" style=\"width: 110px\" class=\"wp-caption alignleft\"><img loading=\"lazy\" decoding=\"async\" aria-describedby=\"caption-attachment-423\" src=\"\/wp-content\/uploads\/2017\/04\/photo-mmy.jpg\" alt=\"Maharishi Mahesh Yogi\" width=\"100\" height=\"125\" class=\"size-full wp-image-423\" srcset=\"https:\/\/www.gusp.org\/wp-content\/uploads\/2017\/04\/photo-mmy.jpg 125w, https:\/\/www.gusp.org\/wp-content\/uploads\/2017\/04\/photo-mmy-89x112.jpg 89w\" sizes=\"auto, (max-width: 100px) 100vw, 100px\" \/><p id=\"caption-attachment-423\" class=\"wp-caption-text\"><strong class=\"small\">Maharishi<br \/>Mahesh Yogi<\/strong><\/p><\/div>\nDieser weltweite Friedenseffekt wird gern als \u00bbGlobaler Maharishi-Effekt\u00ab bezeichnet, nach Maharishi Mahesh Yogi, der diesen Effekt anhand einer Reihe gro\u00dffl\u00e4chiger Anwendungen als erster vorhergesagt und in der Praxis getestet hatte sowie dokumentieren lie\u00df.<br \/>\nAus finanzieller Sicht, hinreichender Verf\u00fcgbarkeit ausgebildeter Experten und niedriger Kosten f\u00fcr Grundst\u00fccke und Einrichtungen w\u00e4re diese globale Gruppe von 9000&nbsp;friedenschaffenden Experten am leichtesten in Indien zu errichten. Die schwierige Aufgabe der Zusammenstellung und Schulung dieser 9000&nbsp;Experten geht so gut voran, dass schon jetzt eine Gruppe von 2000&nbsp;Experten existiert und schnell w\u00e4chst.<\/p>\n<p>Indien ist die Heimat des uralten vedischen Wissens, Ursprung der wirkungsvollen, friedenschaffenden Technologien der Transzendentalen Meditation und ihrer Fortgeschrittenentechnik, des TM-Sidhi-Programms. Infolgedessen l\u00e4sst sich die Unterweisung in diesen Techniken leicht und kosteng\u00fcnstig in die Ausbildung der Bewahrer dieser vedischen Tradition einbauen: der \u00bbVedischen Pandits\u00ab. Tausende dieser Experten sind in diesen Bewusstseinstechnologien schon unterwiesen worden, und viele weitere Tausende werden landesweit geschult. Die besten von ihnen werden dann die Kerngruppe jener 9000&nbsp;Experten bilden.<\/p>\n<div id=\"attachment_424\" style=\"width: 750px\" class=\"wp-caption align\"><img loading=\"lazy\" decoding=\"async\" aria-describedby=\"caption-attachment-424\" src=\"\/wp-content\/uploads\/2017\/04\/photo-pandits.jpg\" alt=\"Vedic Pandits\" width=\"740\" height=\"462\" class=\"size-full wp-image-424\" srcset=\"https:\/\/www.gusp.org\/wp-content\/uploads\/2017\/04\/photo-pandits.jpg 740w, https:\/\/www.gusp.org\/wp-content\/uploads\/2017\/04\/photo-pandits-300x187.jpg 300w, https:\/\/www.gusp.org\/wp-content\/uploads\/2017\/04\/photo-pandits-179x112.jpg 179w\" sizes=\"auto, (max-width: 740px) 100vw, 740px\" \/><p id=\"caption-attachment-424\" class=\"wp-caption-text\"><strong>2600&nbsp;speziell ausgebildete, meditierende vedische Pandits erzeugen weltweite Koh\u00e4renz in der globalen Hauptstadt des Weltfriedens.<\/strong><br \/><\/p><\/div>\nIm geographischen Zentrum Indiens haben die Initiatoren 7,3&nbsp;Quadratkilometer Land erworben. Die Infrastruktur&nbsp;\u2013 Stra\u00dfen, Versorgungsleitungen, Wasser und Kommunikation&nbsp;\u2013 ist vorhanden. Mehr als 200&nbsp;Geb\u00e4ude wurden fertiggestellt&nbsp;\u2013 Unterkunft f\u00fcr 3000&nbsp;Friedensexperten. Die Bauarbeiten dauern an. Geht es wie bisher voran und bleibt die Aussicht auf ausreichende finanzielle F\u00f6rderung positiv, werden wir die Einrichtungen f\u00fcr 9000 Fachleute bald fertiggestellt haben. Ab dann kann von hier aus Frieden und Sicherheit weltweit kraftvoll gef\u00f6rdert und gesichert werden.<\/p>\n<p>Sobald wie m\u00f6glich sollten \u00e4hnlich gro\u00dfe Friedensgruppen in anderen Teilen der Welt etabliert werden&nbsp;\u2013 idealerweise auf jedem Kontinent. Solch ein \u00bbtechnischer Sicherheitsfaktor\u00ab wird garantieren, dass globale Harmonie und Koh\u00e4renz robust genug sind und die Welt niemals wieder in einen verheerenden Krieg hineingezogen wird. Regionale Konflikte, wie wir sie heute noch \u00fcberall erleben, werden ein Relikt der Vergangenheit sein. <\/p>\n<h4>VORHERSAGE: Innergesellschaftlicher und internationaler Frieden<\/h4>\n<p>Wenn der akute innergesellschaftliche Stress sich deutlich vermindert, wird es vergleichsweise einfach, Frieden zu etablieren und ihn aufrechtzuerhalten. Die Forschung zeigt <a href=\"\/de\/entschaerfung-globaler-krisen\/ausgewaehlte-literatur\/\" target=\"_blank\">[2, 3]<\/a>: Sobald Spannung und Streitigkeiten zur\u00fcckgehen, erzielen konventionelle Friedensbem\u00fchungen der Diplomatie \u00fcberraschende Erfolge. Dieses w\u00fcnschenswerte Ergebnis erreicht man leicht, wenn man relativ kleine Gruppen von Friedensexperten etabliert. Das haben die oben beschriebenen Tests in Nahost und anderen fr\u00fcheren Konfliktgebieten deutlich gezeigt.<\/p>\n<p>Es ist lediglich notwendig, dass in jedem Land jeweils ein Regierungs- oder Milit\u00e4rf\u00fchrer eine entsprechend gro\u00dfe Gruppe von Teilnehmern bestimmt, die in den Neuro-wissenschaftlichen, friedensf\u00f6rdernden Technologien ausgebildet werden k\u00f6nnen.<\/p>\n<p>Die Global Union of Scientist for Peace steht bereit, in jedem Land, das diesen innovativen, hochwirksamen, bew\u00e4hrten Friedensansatz umsetzen will, f\u00fcr die notwendige Ausbildung zu sorgen.<\/p>\n<p>Einmal etabliert, werden die Ergebnisse sein:<\/p>\n<ul>\n<li>Eine nachweisbare, signifikante Verringerung von Kriminalit\u00e4t, Terrorismus und innergesellschaftlicher Konflikte innerhalb von 60&nbsp;Tagen.<\/li>\n<li>Unersch\u00fctterlicher sozialer Zusammenhalt&nbsp;\u2013 harmonische Zusammenarbeit und Integration aller Teile und Fraktionen des Landes. Das Land erh\u00e4lt einen starken Schutz vor st\u00f6renden Einfl\u00fcssen, sei es von innerhalb oder au\u00dferhalb der Nation.<\/li>\n<li>Gesellschaftliche Ordnung und Sicherheit in der Region werden, wo erforderlich, wieder hergestellt. Wirtschaftliche Produktivit\u00e4t, Fortschritt und Wohlstand und ein deutlicher R\u00fcckgang der Belastung der mit individueller und nationaler Sicherheit beauftragten Regierungsstellen und Institutionen.<\/li>\n<li>Bei globaler Umsetzung ein friedlicheres und kooperativeres globales Umfeld, das die Bildung stabiler Regierungen f\u00f6rdert, und eine deutliche Verringerung der Spannungen und Feindseligkeiten an historisch neuralgischen Punkten.<\/li>\n<li>Als zus\u00e4tzliche Nebenwirkung: verbesserte Gesundheit, koh\u00e4rentere Gehirnfunktionen, gr\u00f6\u00dfere Einsatzbereitschaft und Widerstandsf\u00e4higkeit bei allen Polizeibeamten, Polizisten, Soldaten, Studenten, Arbeitnehmern und Mitarbeitern, die an dem Projekt teilnehmen.<\/li>\n<\/ul>\n<p>Es gibt nichts zu verlieren, aber viel zu gewinnen&nbsp;\u2013 wenn rasch gehandelt wird.<\/p>\n","protected":false},"excerpt":{"rendered":"<p>Umsetzung des Neuro-wissenschaftlichen Friedensansatzes GLOBALE UMSETZUNG \u2013 Indien Aufbau einer permanenten Supergruppe von Friedensexperten f\u00fcr die ganze Welt Die bisher ver\u00f6ffentlichte Forschung&nbsp;[17] mit drei sehr gro\u00dfr\u00e4umigen Projekten hat gezeigt, dass eine einzige Gruppe von 9000&nbsp;fortgeschrittenen Meditationsexperten (etwa die Quadratwurzel von einem Prozent der Weltbev\u00f6lkerung), die sich an einem Ort versammelt haben, ausreicht, um auch auf&#8230;<\/p>\n","protected":false},"author":17,"featured_media":0,"parent":817,"menu_order":270,"comment_status":"closed","ping_status":"closed","template":"","meta":{"footnotes":""},"class_list":["post-892","page","type-page","status-publish","hentry"],"_links":{"self":[{"href":"https:\/\/www.gusp.org\/de\/wp-json\/wp\/v2\/pages\/892","targetHints":{"allow":["GET"]}}],"collection":[{"href":"https:\/\/www.gusp.org\/de\/wp-json\/wp\/v2\/pages"}],"about":[{"href":"https:\/\/www.gusp.org\/de\/wp-json\/wp\/v2\/types\/page"}],"author":[{"embeddable":true,"href":"https:\/\/www.gusp.org\/de\/wp-json\/wp\/v2\/users\/17"}],"replies":[{"embeddable":true,"href":"https:\/\/www.gusp.org\/de\/wp-json\/wp\/v2\/comments?post=892"}],"version-history":[{"count":17,"href":"https:\/\/www.gusp.org\/de\/wp-json\/wp\/v2\/pages\/892\/revisions"}],"predecessor-version":[{"id":2232,"href":"https:\/\/www.gusp.org\/de\/wp-json\/wp\/v2\/pages\/892\/revisions\/2232"}],"up":[{"embeddable":true,"href":"https:\/\/www.gusp.org\/de\/wp-json\/wp\/v2\/pages\/817"}],"wp:attachment":[{"href":"https:\/\/www.gusp.org\/de\/wp-json\/wp\/v2\/media?parent=892"}],"curies":[{"name":"wp","href":"https:\/\/api.w.org\/{rel}","templated":true}]}}