{"id":893,"date":"2017-04-25T09:02:12","date_gmt":"2017-04-25T09:02:12","guid":{"rendered":"https:\/\/www.gusp.org\/entschaerfung-globaler-krisen\/national\/"},"modified":"2017-06-07T11:47:25","modified_gmt":"2017-06-07T11:47:25","slug":"national","status":"publish","type":"page","link":"https:\/\/www.gusp.org\/de\/entschaerfung-globaler-krisen\/national\/","title":{"rendered":"National"},"content":{"rendered":"<h1 class=\"ms\">Anwendung des Neuro-wissenschaftlichen Friedensansatzes<\/h1>\n<h3>NATIONALE ANWENDUNG \u2013 Bildungswesen<\/h3>\n<h4 style=\"margin-bottom:9px;\">\u00dcberpr\u00fcfung der gesellschaftlichen Auswirkungen einer einzelnen Gruppe von friedenschaffenden Experten: Nationaler Praxistest, USA<\/h4>\n<p>Die Vereinigten Staaten spielen eine zentrale Rolle in der globalen Politik und im Weltgeschehen. Die Erzeugung eines m\u00e4chtigen Einflusses des Friedens in den USA&nbsp;\u2013 und dadurch auch auf die US-Au\u00dfenpolitik&nbsp;\u2013 k\u00f6nnte einen bedeutenden positiven Einfluss auf globale Angelegenheiten und globale Konflikte haben.<\/p>\n<p>Dar\u00fcber hinaus w\u00fcrde eine gro\u00dfangelegte erfolgreiche Umsetzung des Neuro-wissenschaftlichen Friedensansatzes in den USA dazu beitragen, Unterst\u00fctzung f\u00fcr diesen Ansatz innerhalb der wissenschaftlichen, \u00f6ffentlichen und philanthropischen Gemeinschaften zu gewinnen und die Akzeptanz, die Finanzierung und die Umsetzung des Programms auf weltweiter Ebene beschleunigen.<\/p>\n<p>Bisher ver\u00f6ffentlichte Studien haben gezeigt, dass eine einzige Gruppe von 2500 fortgeschrittenen Meditationsexperten, die auf dem amerikanischen Kontinent positioniert ist, ausreicht, um eine signifikante und nachweisbare Wirkung von Frieden und sozialer Koh\u00e4renz in der ganzen Nation zu erzielen, indem sie gesellschaftliche Spannungen entsch\u00e4rft, soziale Harmonie f\u00f6rdert und zur Reduzierung von Kriminalit\u00e4t und Gewalt beitr\u00e4gt&nbsp;<a href=\"https:\/\/www.gusp.org\/de\/entschaerfung-globaler-krisen\/ausgewaehlte-literatur\/\" target=\"_blank\">[21,&nbsp;22]<\/a>.<\/p>\n<h4>Fortschrittsbericht<\/h4>\n<p><strong>Phase 1: Nationaler Praxistest<\/strong> <br \/>\nIm Juli 2006 wurde in Fairfield, Iowa, USA, der erste langfristige wissenschaftliche Praxistest zu einer gro\u00dfangelegten Umsetzung des Neuro-wissenschaftlichen Friedensansatzes ins Leben gerufen. Dieses Experiment wurde f\u00fcr eine Universit\u00e4ts-Umgebung entworfen und auf dem Campus der <em>Maharishi University of Management<\/em> durchgef\u00fchrt, wo Studenten, Dozenten und Mitarbeiter die TM und das erweiterte TM-Sidhi-Programm zweimal t\u00e4glich gemeinsam praktizieren. Wie bereits erw\u00e4hnt, passt dieses Vorgehen logisch und reibungslos in einen akademischen Rahmen, da der Vorteil einer verbesserten Hirnfunktion auf die akademische Leistung gut dokumentiert ist. Weil die Teilnehmer ihre Praxis genie\u00dfen und davon profitieren, ist die Regelm\u00e4\u00dfigkeit im Programm hoch. Die damit verbundenen Kosten sind sehr gering, da die Teilnehmer im Rahmen ihrer Hochschulausbildung bereits mit Nahrung und Wohnraum versorgt werden.<\/p>\n<div id=\"attachment_440\" style=\"width: 750px\" class=\"wp-caption align\"><img loading=\"lazy\" decoding=\"async\" aria-describedby=\"caption-attachment-440\" src=\"\/wp-content\/uploads\/2017\/04\/photo_dome-1.jpg\" alt=\"Peace-creating experts\" width=\"740\" height=\"384\" class=\"size-full wp-image-440\" srcset=\"https:\/\/www.gusp.org\/wp-content\/uploads\/2017\/04\/photo_dome-1.jpg 740w, https:\/\/www.gusp.org\/wp-content\/uploads\/2017\/04\/photo_dome-1-300x156.jpg 300w, https:\/\/www.gusp.org\/wp-content\/uploads\/2017\/04\/photo_dome-1-200x104.jpg 200w\" sizes=\"auto, (max-width: 740px) 100vw, 740px\" \/><p id=\"caption-attachment-440\" class=\"wp-caption-text\"><strong>Friedenschaffende Experten. Von 2007 bis 2010 meditierten 1750 fortgeschrittene TM-Praktizierende w\u00e4hrend eines Praxistests gemeinsam in zwei gro\u00dfen Kuppelbauten an der <em>Maharishi University of Management<\/em> in Fairfield, Iowa, USA. Sie erzeugten so einen starken Einfluss von Koh\u00e4renz und Harmonie auf die gesamte US-Bev\u00f6lkerung.<\/strong><\/p><\/div>\nDie vorhergesagten Ergebnisse f\u00fcr diesen gro\u00df angelegten Praxistest wurden im Voraus der Presse vorgelegt und beinhalteten eine deutliche Umkehr der eskalierenden Kriminalit\u00e4tsraten in den Vereinigten Staaten. Diese Vorhersagen wurden erf\u00fcllt und \u00fcberschritten. Bei einem gleichbleibenden Durchschnitt von \u00fcber 1750 meditierenden Experten (der Quadratwurzel von einem Prozent der US-Bev\u00f6lkerung), die von 2007 bis 2010 an dieser Studie teilnahmen, zeigte der <em>FBI Uniform Crime Index<\/em> einen dramatischen und statistisch hochsignifikanten R\u00fcckgang der Gewaltkriminalit\u00e4t seit dem Beginn des Praxistests, einschlie\u00dflich einer Verringerung der Zahl der Morde in den gro\u00dfen US-St\u00e4dten, die auf den niedrigsten Stand seit 40 Jahren fielen. Gleichzeitig wurden Verbesserungen in anderen standardisierten Messwerten f\u00fcr gesellschaftlichen Stress beobachtet, unter anderem die Anzahl von Auto- und anderen Unf\u00e4llen sowie von Todesf\u00e4llen durch Drogen und S\u00e4uglingssterblichkeit&nbsp;<a href=\"https:\/\/www.gusp.org\/de\/entschaerfung-globaler-krisen\/ausgewaehlte-literatur\/\" target=\"_blank\">[23&nbsp;\u2013&nbsp;26]<\/a>. Gleichzeitig gab es einen Anstieg positiver gesellschaftlicher Trends sowie breite Verbesserungen in der Volkswirtschaft&nbsp;\u2013 darunter einen stetigen, statistisch hochsignifikanten R\u00fcckgang des so genannten \u00bbElendsindex\u00ab f\u00fcr Inflation und Arbeitslosigkeit&nbsp;<a href=\"https:\/\/www.gusp.org\/de\/entschaerfung-globaler-krisen\/ausgewaehlte-literatur\/\" target=\"_blank\">[27]<\/a>.<\/p>\n<p><strong>Phase 2: Vollst\u00e4ndige Implementierung<\/strong><br \/>\nDie <em>Global Union of Scientists for Peace<\/em> versucht, die derzeitige Gruppe von meditierenden Experten in den USA auf 2500 Teilnehmer zu vergr\u00f6\u00dfern und so einen st\u00e4rkeren friedlichen Einfluss im kollektiven Bewusstsein der USA zu erzeugen. Dies wird den gesellschaftlichen Stress und die damit verbundene soziale Gewalt weiter reduzieren und, wie die Untersuchungen gezeigt haben, dazu beitragen, die gegenw\u00e4rtig zu beobachtende politische Spaltung Amerikas und die festgefahrene Regierungsarbeit zu lockern&nbsp;<a href=\"https:\/\/www.gusp.org\/de\/entschaerfung-globaler-krisen\/ausgewaehlte-literatur\/\" target=\"_blank\">[28]<\/a>&nbsp;\u2013 und die USA zu einer positiveren, koh\u00e4renteren, friedlicheren Kraft in der globalen Politik zu machen. Die Wiederherstellung und Erhaltung einer gro\u00dfen, nationalen friedenf\u00f6rdernden Gruppe von 2500 Experten in den USA ist ein prim\u00e4res Ziel der <em>Global Union of Scientists for Peace<\/em> (GUSP).<\/p>\n<h3>NATIONALE ANWENDUNG \u2013 Milit\u00e4r<\/h3>\n<h4 style=\"margin-bottom:9px;\">Etablierung eines friedenschaffenden Bataillons<\/h4>\n<p>Eine weitere erfolgreiche Einsatzm\u00f6glichkeit f\u00fcr eine nationale friedenschaffende Gruppe besteht innerhalb der Sicherheitskr\u00e4fte eines Landes. Diese engagierten und disziplinierten Fachleute haben die Aufgabe, die Nation vor \u00e4u\u00dferen und internen Bedrohungen zu sch\u00fctzen. Durch nur geringe zus\u00e4tzliche Kosten k\u00f6nnen diese Sicherheitskr\u00e4fte trainiert und ausger\u00fcstet oder ein spezielles Bataillon innerhalb des Milit\u00e4rs mit einem wirksamen Instrument versehen werden, um gesellschaftlichen Stress zu entsch\u00e4rfen&nbsp;\u2013 bevor er in soziale Konflikte ausbricht. Mit dem Neuro-wissenschaftlichen Friedensansatz ist es nicht nur m\u00f6glich, sondern auch relativ leicht, den akuten gesellschaftlichen Stress zu entsch\u00e4rfen und damit die Feindseligkeit im Gegner zu neutralisieren und so den Ausbruch von Krieg zu verhindern.<\/p>\n<p style=\"margin-bottom:0px;\"><strong>Anwendung in Mosambik<\/strong><\/p>\n<div id=\"attachment_421\" style=\"width: 145px\" class=\"wp-caption alignleft\"><img loading=\"lazy\" decoding=\"async\" aria-describedby=\"caption-attachment-421\" src=\"\/wp-content\/uploads\/2017\/04\/photo-chissano-sm.jpg\" alt=\"Joaquim Chissano\" width=\"135\" height=\"148\" class=\"size-full wp-image-421\" srcset=\"https:\/\/www.gusp.org\/wp-content\/uploads\/2017\/04\/photo-chissano-sm.jpg 150w, https:\/\/www.gusp.org\/wp-content\/uploads\/2017\/04\/photo-chissano-sm-102x112.jpg 102w\" sizes=\"auto, (max-width: 135px) 100vw, 135px\" \/><p id=\"caption-attachment-421\" class=\"wp-caption-text\"><strong class=\"small\">Pr\u00e4sident<br \/>Joaquim Chissano<\/strong><\/p><\/div>\nDie Macht dieses Ansatzes wurde erstmals gezeigt, als in Mosambik 1993 der damalige Pr\u00e4sident Joaquim Alberto Chissano einen \u00bbPr\u00e4ventivfl\u00fcgel\u00ab in seinem Milit\u00e4r gr\u00fcndete. Nach zwanzig Jahren B\u00fcrgerkrieg, der sein Land verw\u00fcstet hatte und massive Vertreibungen und Armut hervorgerufen hatte, f\u00fchrte Pr\u00e4sident Chissano die TM und das fortgeschrittene TM-Sidhi-Programm zuerst bei seinen Regierungsmitgliedern und Kommandanten und dann bei allen nationalen Streitkr\u00e4ften ein: Die t\u00e4gliche Gruppenpraxis wurde in die milit\u00e4rische Routine integriert.<\/p>\n<p>Fast sofort lie\u00df die Atmosph\u00e4re der intensiven Feindschaft nach, die das Land lange Zeit im Griff hatte. Die Kriminalit\u00e4tsraten sanken deutlich, begleitet von stark positiven sozialen und wirtschaftlichen Trends, die in freien und offenen demokratischen Wahlen kulminierten&nbsp;\u2013 und ein dauerhafter Frieden trat ein.<\/p>\n<p>Heute gilt Pr\u00e4sident Chissano als herausragender Friedensstifter, dem man die Umwandlung des vom Krieg zerrissenen Mosambiks in eine der erfolgreichsten afrikanischen Demokratien zuschreibt&nbsp;<a href=\"https:\/\/www.gusp.org\/de\/entschaerfung-globaler-krisen\/ausgewaehlte-literatur\/\" target=\"_blank\">[29]<\/a>.<\/p>\n<p>Pr\u00e4sident Chissano und sein ehemaliger Armee-Kommandeur, General Tobias Dai, stellten 1994 und 1995 diese Ergebnisse in einer Reihe von \u00f6ffentlichen Konferenzen und verteidigungsbezogenen Gipfeltreffen vor. Es ist inspirierend und lehrreich, aus diesen Tagungsunterlagen zu zitieren&nbsp;<a href=\"https:\/\/www.gusp.org\/de\/entschaerfung-globaler-krisen\/ausgewaehlte-literatur\/\" target=\"_blank\">[30]<\/a>:<\/p>\n\t<div class=\"blue-box\">\n\t\t<div class=\"inner\">\n\t\t\t<p>In unserer aufrichtigen Suche nach m\u00f6glichen L\u00f6sungen f\u00fcr die schweren Probleme des Landes begannen einzelne in der Hierarchie unseres Landes hochstehende Personen mit der Praxis der Transzendentalen Meditation. Nach ernsthaftem und kritischem Studium dieser und verwandter angebotenen Technologien beschlossen die versammelten Stabschefs der Streitkr\u00e4fte, diese Programme innerhalb der Streitkr\u00e4fte umzusetzen.<\/p>\n<p>So begann die betr\u00e4chtliche Aufgabe, diese Programme in den verschiedenen Zweigen des Milit\u00e4rs zu unterrichten, darunter Boden-, Wasser- und Luftstreitkr\u00e4fte. Im Jahr 1993 wurden etwa 15&nbsp;000 Menschen unterrichtet. Sofort sahen wir eine Verbesserung bei vielen Problemen, die unseren Streitkr\u00e4ften zu schaffen machten: stressbedingte Gesundheits- und Verhaltensst\u00f6rungen, Bluthochdruck und Schlaflosigkeit. Wir stellten einen reduzierten Gebrauch von Medikamenten, reduzierte Krankenhausbesuche und verbesserte Beziehungen und Moral unter den Truppen fest, die ihre Auftr\u00e4ge effizienter durchf\u00fchrten. Die allgemeine Spannung in der Atmosph\u00e4re ging stark zur\u00fcck.<\/p>\n<p>Nachdem Tausende von Menschen in Maputo unterrichtet worden waren, beobachteten wir einen R\u00fcckgang der Gewaltverbrechen um 20&nbsp;Prozent. Das war ungew\u00f6hnlich, da am Ende des Krieges eine Zunahme der Kriminalit\u00e4t erwartet worden war. Das gleiche geschah in Quelimane (R\u00fcckgang 20&nbsp;Prozent) und auch in der Provinz Manica. Die gesamte Bev\u00f6lkerung wurde optimistischer, und wir sahen im ganzen Land einen Aufschwung von landwirtschaftlicher und wirtschaftlicher Aktivit\u00e4t. W\u00e4hrend dieses Jahres (1993) erlebten wir ein vollkommen unerwartetes Wirtschaftswachstum von 19&nbsp;Prozent.<\/p>\n<p>Wir waren erstaunt zu sehen, dass nach so langer Zeit der Konflikte der Frieden im ganzen Land aufrechterhalten blieb. Wo man sich zuvor bek\u00e4mpft hatte, herrschte jetzt Harmonie. Was fast unm\u00f6glich schien, war nun Wirklichkeit: Br\u00fcder, die durch \u00e4u\u00dfere Kr\u00e4fte getrennt worden waren und gegeneinander gek\u00e4mpft hatten, verstanden sich wieder.<\/p>\n<p>Diese \u00fcberraschend positive Entwicklung gipfelte in der Verwirklichung freier und demokratischer Wahlen im ganzen Land, ohne nennenswerte Vorf\u00e4lle von Gewalt. Unsere Schlussfolgerung ist, dass die Umsetzung des Transzendentalen Meditations- und TM-Sidhi-Programms (Neuro-wissenschaftlicher Friedensansatz) innerhalb der Streitkr\u00e4fte von Mosambik die M\u00fche wert war und dass die Ergebnisse im Einklang mit dem standen, was vorhergesagt wurde.<br \/>\n&mdash;&nbsp;Generalleutnant Tobias Dai<\/p>\n\t\t<\/div>\n\t<\/div>\n\n\t\n<p style=\"margin-bottom:0px;\"><strong>Anwendung in Ecuador<\/strong><\/p>\n<div id=\"attachment_420\" style=\"width: 145px\" class=\"wp-caption alignleft\"><img loading=\"lazy\" decoding=\"async\" aria-describedby=\"caption-attachment-420\" src=\"\/wp-content\/uploads\/2017\/04\/photo_villamil-large.jpg\" alt=\"Gen. J.M. Villamil\" width=\"135\" height=\"145\" class=\"size-full wp-image-420\" srcset=\"https:\/\/www.gusp.org\/wp-content\/uploads\/2017\/04\/photo_villamil-large.jpg 150w, https:\/\/www.gusp.org\/wp-content\/uploads\/2017\/04\/photo_villamil-large-104x112.jpg 104w\" sizes=\"auto, (max-width: 135px) 100vw, 135px\" \/><p id=\"caption-attachment-420\" class=\"wp-caption-text\"><strong class=\"small more\">Lt. Gen. J.M. Villamil<\/strong><\/p><\/div>\n<p>Dieser Ansatz wurde in Ecuador in einem \u00e4hnlichen Feldtest angewandt, der vom damaligen Vize-Verteidigungsminister Lt. Gen. Jos\u00e9 Mart\u00edn Villamil de la Cadena organisiert wurde. Im Jahr 1995 startete Gen. Villamil \u00bbDas Koh\u00e4renz-Projekt\u00ab, bei dem 3000 ecuadorianische Soldaten den Neuro-wissenschaftlichen Friedensansatz erlernten und gemeinsam aus\u00fcbten und damit den langj\u00e4hrigen, eskalierenden Grenzkonflikt zwischen Ecuador und Peru beendeten.<\/p>\n<p>Gen. Villamil beschreibt diese Erfahrung in seinem Artikel \u00bbProjekt Koh\u00e4renz\u00ab, ver\u00f6ffentlicht von der Verteidigungs-Denkfabrik <em>India Defense Consultants<\/em> <a href=\"https:\/\/www.gusp.org\/de\/entschaerfung-globaler-krisen\/ausgewaehlte-literatur\/\" target=\"_blank\">[31]<\/a>:<br \/>\n\t<div class=\"blue-box\">\n\t\t<div class=\"inner\">\n\t\t\t<p>Den l\u00e4ngsten und intensivsten Grenzkonflikt seit der Kolonialzeit in S\u00fcdamerika gab es zwischen Ecuador und Peru. Bei einer direkten Konfrontation im Dezember 1994 eskalierte der Konflikt an einem umstrittenen Grenzabschnitt und drohte, sich zu einer gr\u00f6\u00dferen Konfrontation mit nachfolgenden K\u00e4mpfen auszuwachsen.<\/p>\n<p>Wir schafften es, sechshundert zivile Freiwillige und 3000 Reservesoldaten aus Quito, der Hauptstadt von Ecuador, in einer nahegelegenen Stadt zu versammeln. Das Hauptaugenmerk dieses freiwilligen \u00bbKoh\u00e4renz-Projektes\u00ab war es, gemeinschaftlich die Stress reduzierende Technik der Transzendentalen Meditation auszu\u00fcben, um den sozialen Zusammenhalt in Ecuadors gest\u00f6rtem, chaotischem, vorkriegs\u00e4hnlichem Zustand zu beruhigen und zu unterst\u00fctzen.<\/p>\n<p>Diese dreitausend Soldaten, Offiziere, Kadetten und Truppen, die zusammen meditierten, schufen eine gewaltige Welle positiver Energie, die man noch in gro\u00dfer Entfernung sp\u00fcren konnte und in Ecuador einen Aufschwung des Patriotismus und einen m\u00e4chtigen, neuen Geist der Einheit erzeugte. Der Pr\u00e4sident hat wirksame Entscheidungen getroffen und konnte den nationalen Willen wieder beleben. Die mittleren R\u00e4nge zeigten ihre F\u00e4higkeiten im Kampf, w\u00e4hrend kleine Einheiten und einzelne Soldaten mit Disziplin und Mut k\u00e4mpften. Es war das erste Mal in der modernen Geschichte, dass Ecuador keine Niederlage erlitt. Ich bin \u00fcberzeugt, dass die kollektive Meditation des Koh\u00e4renzprojekts der Schl\u00fcsselfaktor war, der diese Ver\u00e4nderung bewirkt hatte. \u2014&nbsp;Gen.&nbsp;Villamil<\/p>\n\t\t<\/div>\n\t<\/div>\n\n\t\nNach dieser Umsetzung des Neuro-wissenschaftlichen Friedensansatzes begannen Handel und Diplomatie zwischen Ecuador und Peru sich zu verbessern, und dieser Trend h\u00e4lt bis heute an. Kulturelle Bindungen wurden gest\u00e4rkt und der Tourismus wuchs. Beide Streitkr\u00e4fte planen derzeit gemeinsame Man\u00f6ver, um gemeinsamen Bedrohungen zu begegnen.<\/p>\n<p>General Villamil arbeitet nun mit anderen GUSP-Leitern, Gener\u00e4len und Verteidigungsexperten zusammen, um eine neue, gr\u00f6\u00dfere und st\u00e4rkere friedensf\u00f6rdernde Gruppe in Ecuador zu gr\u00fcnden, mit dem Ziel, den wirtschaftlichen und sozialen Fortschritt zu f\u00f6rdern und Ecuador bis 2025 aus seiner \u00bbR\u00fcckst\u00e4ndigkeit\u00ab zu befreien.<\/p>\n<p align=\"center\">***<\/p>\n<p>Heute sollte sich jede Nation durch den Aufbau einer eigenen friedenschaffenden Gruppe sch\u00fctzen&nbsp;\u2013 ob in einer Universit\u00e4t, innerhalb des Milit\u00e4rs oder innerhalb eines Gro\u00dfunternehmens bzw. einer Institution. Die Vorteile von reduziertem Stress&nbsp;\u2013 einschlie\u00dflich reduzierter stress-bedingter Erkrankungen, reduzierter Kriminalit\u00e4t und sozialer Gewalt sowie erh\u00f6hter nationaler Harmonie, Kreativit\u00e4t und wirtschaftlichem Wohlstand&nbsp;\u2013 \u00fcberwiegen die geringen Kosten f\u00fcr die Ausbildung und Aufrechterhaltung einer solchen Gruppe bei weitem. Die Zahl der friedenschaffenden Experten, die man ben\u00f6tigt, um einen bedeutenden, nachweisbaren Nutzen zu erzielen, ist (laut Theorie und Experiment) etwa die Quadratwurzel aus einem Prozent der nationalen Bev\u00f6lkerung&nbsp;\u2013 nur ein paar hundert f\u00fcr ein kleines Land und ein paar tausend f\u00fcr die gr\u00f6\u00dften L\u00e4nder.<\/p>\n<p>Die <em>Global Union of Scientists for Peace<\/em> (GUSP) steht bereit,  diesen innovativen, hochwirksamen und bew\u00e4hrten Friedensansatz auf Wunsch in jedem Land umzusetzen und f\u00fcr die notwendige Ausbildung zu sorgen.<\/p>\n","protected":false},"excerpt":{"rendered":"<p>Anwendung des Neuro-wissenschaftlichen Friedensansatzes NATIONALE ANWENDUNG \u2013 Bildungswesen \u00dcberpr\u00fcfung der gesellschaftlichen Auswirkungen einer einzelnen Gruppe von friedenschaffenden Experten: Nationaler Praxistest, USA Die Vereinigten Staaten spielen eine zentrale Rolle in der globalen Politik und im Weltgeschehen. Die Erzeugung eines m\u00e4chtigen Einflusses des Friedens in den USA&nbsp;\u2013 und dadurch auch auf die US-Au\u00dfenpolitik&nbsp;\u2013 k\u00f6nnte einen bedeutenden positiven&#8230;<\/p>\n","protected":false},"author":17,"featured_media":0,"parent":817,"menu_order":273,"comment_status":"closed","ping_status":"closed","template":"","meta":{"footnotes":""},"class_list":["post-893","page","type-page","status-publish","hentry"],"_links":{"self":[{"href":"https:\/\/www.gusp.org\/de\/wp-json\/wp\/v2\/pages\/893","targetHints":{"allow":["GET"]}}],"collection":[{"href":"https:\/\/www.gusp.org\/de\/wp-json\/wp\/v2\/pages"}],"about":[{"href":"https:\/\/www.gusp.org\/de\/wp-json\/wp\/v2\/types\/page"}],"author":[{"embeddable":true,"href":"https:\/\/www.gusp.org\/de\/wp-json\/wp\/v2\/users\/17"}],"replies":[{"embeddable":true,"href":"https:\/\/www.gusp.org\/de\/wp-json\/wp\/v2\/comments?post=893"}],"version-history":[{"count":27,"href":"https:\/\/www.gusp.org\/de\/wp-json\/wp\/v2\/pages\/893\/revisions"}],"predecessor-version":[{"id":2220,"href":"https:\/\/www.gusp.org\/de\/wp-json\/wp\/v2\/pages\/893\/revisions\/2220"}],"up":[{"embeddable":true,"href":"https:\/\/www.gusp.org\/de\/wp-json\/wp\/v2\/pages\/817"}],"wp:attachment":[{"href":"https:\/\/www.gusp.org\/de\/wp-json\/wp\/v2\/media?parent=893"}],"curies":[{"name":"wp","href":"https:\/\/api.w.org\/{rel}","templated":true}]}}