{"id":897,"date":"2017-04-25T09:03:45","date_gmt":"2017-04-25T09:03:45","guid":{"rendered":"https:\/\/www.gusp.org\/entschaerfung-globaler-krisen\/weniger-sozialstress-bedeutet-weniger-verbrechen-und-gewalt\/"},"modified":"2017-06-07T12:21:20","modified_gmt":"2017-06-07T12:21:20","slug":"weniger-sozialstress-bedeutet-weniger-verbrechen-und-gewalt","status":"publish","type":"page","link":"https:\/\/www.gusp.org\/de\/entschaerfung-globaler-krisen\/weniger-sozialstress-bedeutet-weniger-verbrechen-und-gewalt\/","title":{"rendered":"Weniger Sozialstress bedeutet weniger Verbrechen und Gewalt"},"content":{"rendered":"<h1 class=\"ms\">Der Neuro-wissenschaftliche Friedensansatz<\/h1>\n<h3>5. Gruppenmeditation kann akuten gesellschaftlichen Stress ausgleichen und dadurch Kriminalit\u00e4t und soziales Fehlverhalten reduzieren<\/h3>\n<p>Umfangreiche wissenschaftliche Forschung&nbsp;\u2013 einschlie\u00dflich 50&nbsp;wissenschaftliche Wiederholungsstudien und <a href=\"https:\/\/www.gusp.org\/de\/entschaerfung-globaler-krisen\/ausgewaehlte-literatur\/\">23&nbsp;Studien<\/a>, die in einschl\u00e4gigen, gutachtergepr\u00fcften Fachjournalen ver\u00f6ffentlicht worden sind&nbsp;\u2013 belegen, dass die Praxis der Transzendentalen Meditation, insbesondere, wenn sie in Gruppen ausge\u00fcbt wird, ein wirksamer und \u00e4u\u00dferst kosteneffektiver Weg ist, gesellschaftlichen Stress und die aus ihm erwachsende Kriminalit\u00e4t und Spannungen abzubauen.<\/p>\n<p>Es \u00fcberrascht nicht, dass Stressabbau auf individueller Ebene zu einem entsprechenden Stressabbau auf gesellschaftlicher Ebene f\u00fchrt. Allerdings \u00fcberrascht es&nbsp;\u2013 und l\u00e4sst hoffen&nbsp;\u2013, dass es dazu nur eines relativ kleinen Teils der Bev\u00f6lkerung bedarf, der diese kraftvolle, stressreduzierende Technik in einer Gruppe aus\u00fcbt. Schon eine relativ kleine Meditationsgruppe erzeugt einen \u00fcberproportional starken Effekt, messbar in einer signifikanten Abnahme von Kriminalit\u00e4t und gesellschaftlichem Stress. Die Geordnetheit und Ruhe, die solch eine meditierende Gruppe erzeugt, greift auf die umgebende Gesellschaft \u00fcber.<\/p>\n<p>Theoretische Erkl\u00e4rungen dieses \u00fcberraschend kraftvollen, positiven Effekts von Gruppenmeditation&nbsp;\u2013 auf Kriminalit\u00e4t, auf gesellschaftlichen Stress&nbsp;\u2013 arbeiten unter anderem mit einem \u00bbFeldmodell des Bewusstseins\u00ab. Dieses versteht Bewusstsein als ein Feld, das auf fundamentaler Ebene allen Mitgliedern einer Gesellschaft zugrunde liegt und sie miteinander verbindet&nbsp;[16]. Solch eine Theorie steht in \u00dcbereinstimmung mit den j\u00fcngsten Erkenntnissen von Physik, Anatomie und Neurowissenschaft (siehe untenstehende Grafik). Ein allen Feldmodellen zugrunde liegendes Ph\u00e4nomen ist (unabh\u00e4ngig von deren Details): Der harmonisierende, ordnende und damit Frieden f\u00f6rdernde Effekt einer Gruppe steigt um das Quadrat mit der Gruppengr\u00f6\u00dfe.<\/p>\n<p>Auf menschliche Sozialsysteme bezogen wurde dieser \u00bbEffekt im Quadrat\u00ab, den eine Friedensgruppe bewirkt, in Dutzenden publizierter wissenschaftlicher Studien dokumentiert&nbsp;\u2013 was diesen Neuro-wissenschaftlichen Friedensansatz besonders leicht umsetzbar macht. Das bedeutet, dass es nur weniger tausend Menschen bedarf, um einen \u00e4u\u00dferst kraftvollen und wissenschaftlich nachpr\u00fcfbaren Einfluss von Ordnung und Beruhigung in der Umgebung hervorzurufen&nbsp;\u2013 selbst auf nationaler oder globaler Ebene (siehe <a href=\"https:\/\/www.gusp.org\/de\/entschaerfung-globaler-krisen\/wissenschaftliche-forschung\/\">\u00bbWissenschaftliche Forschung\u00ab<\/a>).<\/p>\n<div id=\"attachment_410\" style=\"width: 750px\" class=\"wp-caption align\"><a href=\"\/wp-content\/uploads\/2017\/06\/de-unified-field-chart-170605.png\" target=\"_blank\"><img loading=\"lazy\" decoding=\"async\" aria-describedby=\"caption-attachment-410\" src=\"\/wp-content\/uploads\/2017\/06\/de-unified-field-chart-170605.png\" alt=\"Physics\/Consciousness\" width=\"740\" height=\"496\" class=\"size-full wp-image-410 noborder\" \/><\/a><p id=\"caption-attachment-410\" class=\"wp-caption-text\"><strong>Die moderne Physik hat zunehmend vereinheitlichte Ebenen der Natur-Funktionen lokalisiert<\/strong>, in immer subtileren Dimensionen von Raum und Zeit. Diese Entwicklung kulminierte in der Entdeckung des Einheitlichen Feldes (Superstring-Feld), der Basis des Universums. Die Technik der Transzendentalen Meditation und das fortgeschrittene TM-Sidhi\u00ae-Programm erm\u00f6glichen die direkte Erfahrung immer ruhigerer, tieferer Denkebenen&nbsp;\u2013 bis hin zur bewussten Wahrnehmung des Einheitlichen Feldes als Grundlage von Geist und Materie. Die Gruppenpraxis stimuliert dieses universale, einheitliche Feld kollektiven, gemeinsamen Bewusstseins und erzeugt einen messbaren, ordnenden Einfluss in der ganzen Gesellschaft. (F\u00fcr weitere Details siehe: <a href=\"https:\/\/www.gusp.org\/de\/entschaerfung-globaler-krisen\/theoretische-grundlage\/\">Theoretische Grundlage<\/a>.)<\/p><\/div>\n","protected":false},"excerpt":{"rendered":"<p>Der Neuro-wissenschaftliche Friedensansatz 5. Gruppenmeditation kann akuten gesellschaftlichen Stress ausgleichen und dadurch Kriminalit\u00e4t und soziales Fehlverhalten reduzieren Umfangreiche wissenschaftliche Forschung&nbsp;\u2013 einschlie\u00dflich 50&nbsp;wissenschaftliche Wiederholungsstudien und 23&nbsp;Studien, die in einschl\u00e4gigen, gutachtergepr\u00fcften Fachjournalen ver\u00f6ffentlicht worden sind&nbsp;\u2013 belegen, dass die Praxis der Transzendentalen Meditation, insbesondere, wenn sie in Gruppen ausge\u00fcbt wird, ein wirksamer und \u00e4u\u00dferst kosteneffektiver Weg ist, gesellschaftlichen&#8230;<\/p>\n","protected":false},"author":1,"featured_media":0,"parent":817,"menu_order":282,"comment_status":"closed","ping_status":"closed","template":"","meta":{"footnotes":""},"class_list":["post-897","page","type-page","status-publish","hentry"],"_links":{"self":[{"href":"https:\/\/www.gusp.org\/de\/wp-json\/wp\/v2\/pages\/897","targetHints":{"allow":["GET"]}}],"collection":[{"href":"https:\/\/www.gusp.org\/de\/wp-json\/wp\/v2\/pages"}],"about":[{"href":"https:\/\/www.gusp.org\/de\/wp-json\/wp\/v2\/types\/page"}],"author":[{"embeddable":true,"href":"https:\/\/www.gusp.org\/de\/wp-json\/wp\/v2\/users\/1"}],"replies":[{"embeddable":true,"href":"https:\/\/www.gusp.org\/de\/wp-json\/wp\/v2\/comments?post=897"}],"version-history":[{"count":25,"href":"https:\/\/www.gusp.org\/de\/wp-json\/wp\/v2\/pages\/897\/revisions"}],"predecessor-version":[{"id":2234,"href":"https:\/\/www.gusp.org\/de\/wp-json\/wp\/v2\/pages\/897\/revisions\/2234"}],"up":[{"embeddable":true,"href":"https:\/\/www.gusp.org\/de\/wp-json\/wp\/v2\/pages\/817"}],"wp:attachment":[{"href":"https:\/\/www.gusp.org\/de\/wp-json\/wp\/v2\/media?parent=897"}],"curies":[{"name":"wp","href":"https:\/\/api.w.org\/{rel}","templated":true}]}}