{"id":898,"date":"2017-04-25T09:04:07","date_gmt":"2017-04-25T09:04:07","guid":{"rendered":"https:\/\/www.gusp.org\/entschaerfung-globaler-krisen\/weniger-stress-bedeutet-verbessertes-verhalten\/"},"modified":"2017-06-07T12:36:55","modified_gmt":"2017-06-07T12:36:55","slug":"weniger-stress-bedeutet-verbessertes-verhalten","status":"publish","type":"page","link":"https:\/\/www.gusp.org\/de\/entschaerfung-globaler-krisen\/weniger-stress-bedeutet-verbessertes-verhalten\/","title":{"rendered":"Weniger Stress bedeutet verbessertes Verhalten"},"content":{"rendered":"<h1 class=\"ms\">Neuro-wissenschaftlicher Friedensansatz<\/h1>\n<h3>4. TM verringert Stress und verbessert das Verhalten des Einzelnen<\/h3>\n<p>Umfangreiche Forschung hat gezeigt, dass eine leicht erlernbare, einfache und praxis-erprobte Meditations\u00fcbung, die Technik der Transzendentalen Meditation&nbsp;\u2013 TM&nbsp;\u2013 beim Einzelnen Stress mitsamt seinen sch\u00e4digenden Auswirkungen auf Gehirn und Verhalten deutlich verringert.<\/p>\n<p>Die Technik der Transzendentalen Meditation aus der \u00fcberlieferten Vedischen Tradition wurde vom Physiker und Vedischen Gelehrten Maharishi Mahesh Yogi wiederbelebt und in die Form einer systematischen wissenschaftlichen Methode gebracht. Sie wird zweimal t\u00e4glich jeweils 20&nbsp;Minuten bequem sitzend mit geschlossenen Augen ausge\u00fcbt und beinhaltet keine Religion, Philosophie oder Ver\u00e4nderung des Lebensstils.<\/p>\n<p>Die TM Technik verleiht dem Aus\u00fcbenden die Erfahrung eines einzigartigen, vierten Hauptbewu\u00dftseinszustandes, der sich (physiologisch) deutlich von Wach-, Traum- oder Schlafzust\u00e4nden unterscheidet&nbsp;\u2013 ein Zustand tiefer k\u00f6rperlicher Entspannung und gesteigerter geistiger Wachheit.<\/p>\n<h4>Verringert Angst und f\u00f6rdert einen Zustand tiefer Entspannung<\/h4>\n<p>Laut Forschungsergebnissen verringert die Aus\u00fcbung der Technik der Transzendentalen Meditation akuten Stress weitaus wirksamer als andere verf\u00fcgbare Meditations- oder Entspannungsmethoden. In einer Meta-Analyse aus 142&nbsp;ver\u00f6ffentlichten wissenschaftlichen Studien \u00fcber verschiedene untersuchte Meditations- und Entspannungsmethoden war die TM-Technik bei der Reduktion von Angst&nbsp;<a href=\"https:\/\/www.gusp.org\/de\/entschaerfung-globaler-krisen\/ausgewaehlte-literatur\/\" target=\"_blank\">[4]<\/a> mehr als doppelt so wirksam wie andere Methoden und rief einen entsprechend tieferen k\u00f6rperlichen Ruhezustand hervor&nbsp;<a href=\"https:\/\/www.gusp.org\/de\/entschaerfung-globaler-krisen\/ausgewaehlte-literatur\/\" target=\"_blank\">[5]<\/a>.<\/p>\n<h4>Aktivierung des \u00bbh\u00f6heren\u00ab Gehirns und Ruhigstellen des \u00bbAngstzentrums\u00ab<\/h4>\n<div id=\"attachment_318\" style=\"width: 750px\" class=\"wp-caption align\"><img loading=\"lazy\" decoding=\"async\" aria-describedby=\"caption-attachment-318\" class=\"size-full wp-image-318\" src=\"https:\/\/www.gusp.org\/wp-content\/uploads\/2017\/03\/diagram-brain-scans.jpg\" alt=\"\" width=\"740\" height=\"348\" srcset=\"https:\/\/www.gusp.org\/wp-content\/uploads\/2017\/03\/diagram-brain-scans.jpg 740w, https:\/\/www.gusp.org\/wp-content\/uploads\/2017\/03\/diagram-brain-scans-300x141.jpg 300w, https:\/\/www.gusp.org\/wp-content\/uploads\/2017\/03\/diagram-brain-scans-200x94.jpg 200w\" sizes=\"auto, (max-width: 740px) 100vw, 740px\" \/><p id=\"caption-attachment-318\" class=\"wp-caption-text\"><strong>fMRT-Bilder (funktionelle Magnetresonanztomographie): Wiederherstellen ausgeglichener Funktion.<\/strong> Chronischer und\/oder traumatischer Stress legt den pr\u00e4frontalen Kortex, das \u00bbh\u00f6here\u00ab Gehirn, lahm und verursacht eine chronische \u00dcberreizung des Mandelkerns, der Amygdala oder des sog. Angstzentrums im limbischen System. Die TM-Aus\u00fcbung beruhigt \u00fcberm\u00e4\u00dfige Aktivit\u00e4t im Hirnstamm und in den unter der Hirnrinde liegenden Strukturen (blau) und stimuliert die Aktivit\u00e4t des pr\u00e4frontalen Kortex (orange).<\/p><\/div>\n<p>Die TM-Aus\u00fcbung unterdr\u00fcckt \u00fcberm\u00e4\u00dfige Aktivit\u00e4t im \u00bbprimitiven\u00ab oder \u00bbreaktiven\u00ab Gehirn (Hirnstamm und benachbarte subkortikale Strukturen, s.&nbsp;Abbildung) und beruhigt neurophysiologisch Angst und Aggression. Gleicherma\u00dfen wichtig ist, dass die TM-Aus\u00fcbung das \u00bbh\u00f6here\u00ab Hirn, den pr\u00e4frontalen Kortex aktiviert und die Kommunikation zwischen dem pr\u00e4frontalen Kortex und verschiedenen anderen Hirnbereichen st\u00e4rkt. Die sich daraus ergebende integrierte Gehirnfunktion f\u00fchrt zu besserer Wahrnehmungs- und Ausf\u00fchrungsf\u00e4higkeit, und das hei\u00dft, zu einem deutlichen R\u00fcckgang von aggressivem, gewaltt\u00e4tigem und asozialem Verhalten, selbst bei h\u00f6chst gestressten oder traumatisierten Personen.<\/p>\n<p>So zeigen Forschungsergebnisse z.&nbsp;B., dass die Aus\u00fcbung der Transzendentalen Meditation innerhalb von nur zehn Tagen nach Erlernen der Technik&nbsp;<a href=\"https:\/\/www.gusp.org\/de\/entschaerfung-globaler-krisen\/ausgewaehlte-literatur\/\" target=\"_blank\">[6-10]<\/a> zu einer statistisch gro\u00dfen und klinisch signifikanten Abnahme der PTSD-Verletzungsgrade bei im Einsatz gewesenen Kriegsveteranen und Kriegsfl\u00fcchtlingen f\u00fchrte; ferner sanken deutlich die R\u00fcckfallquoten bei entlassenen H\u00e4ftlingen&nbsp;<a href=\"https:\/\/www.gusp.org\/de\/entschaerfung-globaler-krisen\/ausgewaehlte-literatur\/\" target=\"_blank\">[11,&nbsp;12]<\/a>, Alkohol- und Drogenmissbrauch&nbsp;<a href=\"https:\/\/www.gusp.org\/de\/entschaerfung-globaler-krisen\/ausgewaehlte-literatur\/\" target=\"_blank\">[13,&nbsp;14]<\/a> und stressbedingten Krankheiten wie Herzanfall, Herzschlag und Tod im Vergleich zu Kontrollpersonen&nbsp;<a href=\"https:\/\/www.gusp.org\/de\/entschaerfung-globaler-krisen\/ausgewaehlte-literatur\/\" target=\"_blank\">[15]<\/a>.<\/p>\n","protected":false},"excerpt":{"rendered":"<p>Neuro-wissenschaftlicher Friedensansatz 4. TM verringert Stress und verbessert das Verhalten des Einzelnen Umfangreiche Forschung hat gezeigt, dass eine leicht erlernbare, einfache und praxis-erprobte Meditations\u00fcbung, die Technik der Transzendentalen Meditation&nbsp;\u2013 TM&nbsp;\u2013 beim Einzelnen Stress mitsamt seinen sch\u00e4digenden Auswirkungen auf Gehirn und Verhalten deutlich verringert. Die Technik der Transzendentalen Meditation aus der \u00fcberlieferten Vedischen Tradition wurde vom&#8230;<\/p>\n","protected":false},"author":1,"featured_media":0,"parent":817,"menu_order":283,"comment_status":"closed","ping_status":"closed","template":"","meta":{"footnotes":""},"class_list":["post-898","page","type-page","status-publish","hentry"],"_links":{"self":[{"href":"https:\/\/www.gusp.org\/de\/wp-json\/wp\/v2\/pages\/898","targetHints":{"allow":["GET"]}}],"collection":[{"href":"https:\/\/www.gusp.org\/de\/wp-json\/wp\/v2\/pages"}],"about":[{"href":"https:\/\/www.gusp.org\/de\/wp-json\/wp\/v2\/types\/page"}],"author":[{"embeddable":true,"href":"https:\/\/www.gusp.org\/de\/wp-json\/wp\/v2\/users\/1"}],"replies":[{"embeddable":true,"href":"https:\/\/www.gusp.org\/de\/wp-json\/wp\/v2\/comments?post=898"}],"version-history":[{"count":9,"href":"https:\/\/www.gusp.org\/de\/wp-json\/wp\/v2\/pages\/898\/revisions"}],"predecessor-version":[{"id":2236,"href":"https:\/\/www.gusp.org\/de\/wp-json\/wp\/v2\/pages\/898\/revisions\/2236"}],"up":[{"embeddable":true,"href":"https:\/\/www.gusp.org\/de\/wp-json\/wp\/v2\/pages\/817"}],"wp:attachment":[{"href":"https:\/\/www.gusp.org\/de\/wp-json\/wp\/v2\/media?parent=898"}],"curies":[{"name":"wp","href":"https:\/\/api.w.org\/{rel}","templated":true}]}}