{"id":899,"date":"2017-04-25T09:04:30","date_gmt":"2017-04-25T09:04:30","guid":{"rendered":"https:\/\/www.gusp.org\/entschaerfung-globaler-krisen\/sozialstress-fordert-gewalt\/"},"modified":"2017-06-07T12:06:56","modified_gmt":"2017-06-07T12:06:56","slug":"sozialstress-foerdert-gewalt","status":"publish","type":"page","link":"https:\/\/www.gusp.org\/de\/entschaerfung-globaler-krisen\/sozialstress-foerdert-gewalt\/","title":{"rendered":"Gesellschaftlicher Stress f\u00f6rdert Gewalt"},"content":{"rendered":"<h1 class=\"ms\">Der Neuro-wissenschaftliche Friedensansatz<\/h1>\n<h3 class=\"ms\">3. Gesellschaftlicher Stress erh\u00f6ht Kriminalit\u00e4t und soziale Gewalt<\/h3>\n<p><img loading=\"lazy\" decoding=\"async\" src=\"https:\/\/www.gusp.org\/wp-content\/uploads\/2017\/04\/photo-societal-stress.jpg\" alt=\"\" width=\"740\" height=\"456\" class=\"alignleft size-full wp-image-409\" srcset=\"https:\/\/www.gusp.org\/wp-content\/uploads\/2017\/04\/photo-societal-stress.jpg 740w, https:\/\/www.gusp.org\/wp-content\/uploads\/2017\/04\/photo-societal-stress-300x185.jpg 300w, https:\/\/www.gusp.org\/wp-content\/uploads\/2017\/04\/photo-societal-stress-182x112.jpg 182w\" sizes=\"auto, (max-width: 740px) 100vw, 740px\" \/><\/p>\n<p>Der Oberste US-Milit\u00e4rarzt hat erkl\u00e4rt, dass Amerikaner in einer Art \u00bbStress-Epidemie\u00ab leben, die das gro\u00dfe Ausma\u00df von Herzkrankheiten, Schlaganf\u00e4llen und anderen stressbedingten Krankheiten erkl\u00e4rt. Die Forschung zeigt, dass dieser allgegenw\u00e4rtige Stress gesellschaftlich mit einer h\u00f6heren Kriminalit\u00e4tsrate korreliert, einschlie\u00dflich T\u00f6tungsdelikten, K\u00f6rperverletzungen, Vergewaltigung und Diebstahl&nbsp;[1] und damit auch zum Ausbruch von Kriegen, Terrorismus und anderen Formen gesellschaftlicher Gewalt f\u00fchrt&nbsp;[2].<\/p>\n<p>Laut der vorherrschenden Theorie im Bereich des Konfliktmanagements&nbsp;[3] ist die erste Stufe beim Ausbruch von Kriegen wachsender sozialer Stress&nbsp;\u2013 akute politische, ethnische und religi\u00f6se Spannungen an kritischen Krisenherden der Welt. Bleiben diese wachsenden Spannungen unkontrolliert, f\u00fchren sie regelm\u00e4\u00dfig zu sozialen Konflikten. Die Geschichte der diplomatischen Bem\u00fchungen zeigt, dass in einer Situation von akutem sozialem Stress ausgehandelte Vereinbarungen oder Waffenruhen nur fl\u00fcchtige Entlastung liefern k\u00f6nnen und keine stabile Basis f\u00fcr anhaltenden Frieden bilden.<\/p>\n","protected":false},"excerpt":{"rendered":"<p>Der Neuro-wissenschaftliche Friedensansatz 3. Gesellschaftlicher Stress erh\u00f6ht Kriminalit\u00e4t und soziale Gewalt Der Oberste US-Milit\u00e4rarzt hat erkl\u00e4rt, dass Amerikaner in einer Art \u00bbStress-Epidemie\u00ab leben, die das gro\u00dfe Ausma\u00df von Herzkrankheiten, Schlaganf\u00e4llen und anderen stressbedingten Krankheiten erkl\u00e4rt. Die Forschung zeigt, dass dieser allgegenw\u00e4rtige Stress gesellschaftlich mit einer h\u00f6heren Kriminalit\u00e4tsrate korreliert, einschlie\u00dflich T\u00f6tungsdelikten, K\u00f6rperverletzungen, Vergewaltigung und Diebstahl&nbsp;[1] und&#8230;<\/p>\n","protected":false},"author":1,"featured_media":0,"parent":817,"menu_order":286,"comment_status":"closed","ping_status":"closed","template":"","meta":{"footnotes":""},"class_list":["post-899","page","type-page","status-publish","hentry"],"_links":{"self":[{"href":"https:\/\/www.gusp.org\/de\/wp-json\/wp\/v2\/pages\/899","targetHints":{"allow":["GET"]}}],"collection":[{"href":"https:\/\/www.gusp.org\/de\/wp-json\/wp\/v2\/pages"}],"about":[{"href":"https:\/\/www.gusp.org\/de\/wp-json\/wp\/v2\/types\/page"}],"author":[{"embeddable":true,"href":"https:\/\/www.gusp.org\/de\/wp-json\/wp\/v2\/users\/1"}],"replies":[{"embeddable":true,"href":"https:\/\/www.gusp.org\/de\/wp-json\/wp\/v2\/comments?post=899"}],"version-history":[{"count":6,"href":"https:\/\/www.gusp.org\/de\/wp-json\/wp\/v2\/pages\/899\/revisions"}],"predecessor-version":[{"id":2231,"href":"https:\/\/www.gusp.org\/de\/wp-json\/wp\/v2\/pages\/899\/revisions\/2231"}],"up":[{"embeddable":true,"href":"https:\/\/www.gusp.org\/de\/wp-json\/wp\/v2\/pages\/817"}],"wp:attachment":[{"href":"https:\/\/www.gusp.org\/de\/wp-json\/wp\/v2\/media?parent=899"}],"curies":[{"name":"wp","href":"https:\/\/api.w.org\/{rel}","templated":true}]}}