{"id":901,"date":"2017-04-25T09:05:12","date_gmt":"2017-04-25T09:05:12","guid":{"rendered":"https:\/\/www.gusp.org\/entschaerfung-globaler-krisen\/verhalten-wird-vom-gehirn-gesteuert\/"},"modified":"2017-06-07T12:48:33","modified_gmt":"2017-06-07T12:48:33","slug":"verhalten-wird-vom-gehirn-gesteuert","status":"publish","type":"page","link":"https:\/\/www.gusp.org\/de\/entschaerfung-globaler-krisen\/verhalten-wird-vom-gehirn-gesteuert\/","title":{"rendered":"Das Verhalten wird vom Gehirn gesteuert"},"content":{"rendered":"<h1 class=\"ms\">Der Neuro-wissenschaftliche Friedensansatz<\/h1>\n<h3>1. Verhalten ist mit der Funktionsweise des Gehirns verkn\u00fcpft<\/h3>\n<p class=\"nsa\">Wie wir die Umwelt wahrnehmen und wie wir darauf reagieren, wird vom Gehirn gesteuert:<\/p>\n<ul>\n<li>Ob wir eine Situation als gef\u00e4hrlich oder sicher einstufen, h\u00e4ngt von der Anregung der Amygdala (des sog. \u00bbAngst-Zentrums\u00ab) ab. <\/li>\n<li>Die F\u00e4higkeit, impulsives, gewaltt\u00e4tiges Verhalten unter Kontrolle zu halten, h\u00e4ngt von der Entwicklung des pr\u00e4frontalen Kortex&nbsp;\u2013 des \u00bbH\u00f6heren Gehirns\u00ab&nbsp;\u2013 ab. Es regelt die h\u00f6heren leitenden Funktionen: Impulskontrolle, Urteilsverm\u00f6gen, Entscheidungsfindung und moralisches Denken.<\/li>\n<\/ul>\n<p><img loading=\"lazy\" decoding=\"async\" class=\"alignleft size-full wp-image-309 diagram\" src=\"\/wp-content\/uploads\/2017\/06\/diagram-brain-structures-fear-de.png\" alt=\"\" width=\"740\" height=\"367\" \/><\/p>\n","protected":false},"excerpt":{"rendered":"<p>Der Neuro-wissenschaftliche Friedensansatz 1. Verhalten ist mit der Funktionsweise des Gehirns verkn\u00fcpft Wie wir die Umwelt wahrnehmen und wie wir darauf reagieren, wird vom Gehirn gesteuert: Ob wir eine Situation als gef\u00e4hrlich oder sicher einstufen, h\u00e4ngt von der Anregung der Amygdala (des sog. \u00bbAngst-Zentrums\u00ab) ab. Die F\u00e4higkeit, impulsives, gewaltt\u00e4tiges Verhalten unter Kontrolle zu halten, h\u00e4ngt&#8230;<\/p>\n","protected":false},"author":17,"featured_media":0,"parent":817,"menu_order":290,"comment_status":"closed","ping_status":"closed","template":"","meta":{"footnotes":""},"class_list":["post-901","page","type-page","status-publish","hentry"],"_links":{"self":[{"href":"https:\/\/www.gusp.org\/de\/wp-json\/wp\/v2\/pages\/901","targetHints":{"allow":["GET"]}}],"collection":[{"href":"https:\/\/www.gusp.org\/de\/wp-json\/wp\/v2\/pages"}],"about":[{"href":"https:\/\/www.gusp.org\/de\/wp-json\/wp\/v2\/types\/page"}],"author":[{"embeddable":true,"href":"https:\/\/www.gusp.org\/de\/wp-json\/wp\/v2\/users\/17"}],"replies":[{"embeddable":true,"href":"https:\/\/www.gusp.org\/de\/wp-json\/wp\/v2\/comments?post=901"}],"version-history":[{"count":12,"href":"https:\/\/www.gusp.org\/de\/wp-json\/wp\/v2\/pages\/901\/revisions"}],"predecessor-version":[{"id":2237,"href":"https:\/\/www.gusp.org\/de\/wp-json\/wp\/v2\/pages\/901\/revisions\/2237"}],"up":[{"embeddable":true,"href":"https:\/\/www.gusp.org\/de\/wp-json\/wp\/v2\/pages\/817"}],"wp:attachment":[{"href":"https:\/\/www.gusp.org\/de\/wp-json\/wp\/v2\/media?parent=901"}],"curies":[{"name":"wp","href":"https:\/\/api.w.org\/{rel}","templated":true}]}}