{"id":4170,"date":"2017-03-16T14:29:54","date_gmt":"2017-03-16T19:29:54","guid":{"rendered":"https:\/\/www.gusp.org\/dev\/defusing-world-crises\/lowering-societal-stress-reduces-crime-and-social-violence\/"},"modified":"2022-10-23T23:12:12","modified_gmt":"2022-10-24T04:12:12","slug":"lowering-societal-stress-reduces-crime-and-social-violence-spa","status":"publish","type":"page","link":"https:\/\/www.gusp.org\/es\/defusing-world-crises-spa\/lowering-societal-stress-reduces-crime-and-social-violence-spa\/","title":{"rendered":"Brain-Based Approach to Peace: Lowering Societal Stress Reduces Crime and Social Violence SPA"},"content":{"rendered":"<h1 class=\"ms\">El comportamiento est\u00e1 ligado al funcionamiento del cerebro<\/h1>\n<h3>5. LA MEDITACI\u00d3N EN GRUPO REDUCE EL ESTR\u00c9S SOCIAL AGUDO, LA DELINCUENCIA Y LA VIOLENCIA SOCIAL<\/h3>\n<p>Una amplia investigaci\u00f3n, que incluye 50 r\u00e9plicas cient\u00edficas y <a href=\"\/dev?page_id=721\">23 estudios <\/a>publicados en revistas revisadas por pares, demuestran que la pr\u00e1ctica de la MT, y en particular su pr\u00e1ctica en grupo, es un enfoque altamente eficaz para reducir el estr\u00e9s social y la delincuencia y el conflicto social asociados<\/p>\n<p>No es sorprendente que la reducci\u00f3n del estr\u00e9s a nivel individual conduzca a una correspondiente reducci\u00f3n del estr\u00e9s a nivel social. Sin embargo, es sorprendente y a la vez afortunado que incluso una proporci\u00f3n relativamente peque\u00f1a de una poblaci\u00f3n practicando en grupo esta poderosa tecnolog\u00eda de reducci\u00f3n del estr\u00e9s produzca una reducci\u00f3n desproporcionadamente alta y demostrable del estr\u00e9s social y la violencia social asociados a \u00e9sta. Este grupo que practica esta tecnolog\u00eda genera un efecto de orden y calma en la sociedad circundante que est\u00e1 ampliamente documentado.<\/p>\n<p>Las explicaciones te\u00f3ricas de este impacto positivo, sorprendentemente poderoso, de la meditaci\u00f3n en grupo sobre la delincuencia y el estr\u00e9s social incluyen un \u201cmodelo de campo de conciencia\u201d, en el que la conciencia, en su nivel m\u00e1s profundo, es un campo que subyace y conecta a los individuos en toda la sociedad [16]. Esta teor\u00eda es coherente con los \u00faltimos descubrimientos de la f\u00edsica, la fisiolog\u00eda y la neurociencia (v\u00e9ase la figura de la p\u00e1gina siguiente). En cualquier modelo de campo de este tipo (independientemente de sus detalles), la influencia pacificadora y reductora del estr\u00e9s generada por un grupo, crecer\u00e1 en relaci\u00f3n al cuadrado del tama\u00f1o del grupo. Este poder N2 de un grupo creador de paz ha sido confirmado repetidamente por docenas de estudios cient\u00edficos publicados y hace que este Enfoque para la Paz Basado en el Cerebro sea especialmente pr\u00e1ctico. Significa que s\u00f3lo se necesitan unos pocos miles de individuos para producir un efecto extremadamente poderoso y cient\u00edficamente demostrable de orden y calma en la sociedad circundante, incluso a escala nacional o mundial. (Ver la secci\u00f3n <a href=\"\/dev?page_id=726\">\u201cInvestigaci\u00f3n cient\u00edfica\u201d,<\/a>p\u00e1ginas 20-25).<\/p>\n<p><img loading=\"lazy\" decoding=\"async\" class=\"wp-image-4173 aligncenter\" src=\"https:\/\/www.gusp.org\/wp-content\/uploads\/2022\/10\/FISICA-CONCIENCIA-300x186.png\" alt=\"\" width=\"618\" height=\"383\" srcset=\"https:\/\/www.gusp.org\/wp-content\/uploads\/2022\/10\/FISICA-CONCIENCIA-300x186.png 300w, https:\/\/www.gusp.org\/wp-content\/uploads\/2022\/10\/FISICA-CONCIENCIA-768x476.png 768w, https:\/\/www.gusp.org\/wp-content\/uploads\/2022\/10\/FISICA-CONCIENCIA-181x112.png 181w, https:\/\/www.gusp.org\/wp-content\/uploads\/2022\/10\/FISICA-CONCIENCIA.png 819w\" sizes=\"auto, (max-width: 618px) 100vw, 618px\" \/><\/p>\n<p><strong>La f\u00edsica moderna ha localizado niveles m\u00e1s unifi cados del funcionamiento<\/strong> de la naturaleza en escalas de tiempo y distancia m\u00e1s peque\u00f1as, culminando con el descubrimiento del campo unifi cado (campo de supercuerdas) en la base del universo. La MT y el programa avanzado MT-Sidhis proporcionan una experiencia directa de niveles de pensamiento m\u00e1s tranquilos y profundos, que culminan en la experiencia del campo unifi cado en la base de la mente y la materia. La pr\u00e1ctica en grupo estimula poderosamente este campo universal y unifi cado de conciencia colectiva, creando una infl uencia demostrable y coherente en toda la sociedad. (Para m\u00e1s detalles, ver la <a href=\"\/dev?page_id=729\">siguiente secci\u00f3n<\/a>.)<\/p>\n","protected":false},"excerpt":{"rendered":"<p>El comportamiento est\u00e1 ligado al funcionamiento del cerebro 5. LA MEDITACI\u00d3N EN GRUPO REDUCE EL ESTR\u00c9S SOCIAL AGUDO, LA DELINCUENCIA Y LA VIOLENCIA SOCIAL Una amplia investigaci\u00f3n, que incluye 50 r\u00e9plicas cient\u00edficas y 23 estudios publicados en revistas revisadas por pares, demuestran que la pr\u00e1ctica de la MT, y en particular su pr\u00e1ctica en grupo,&#8230;<\/p>\n","protected":false},"author":1,"featured_media":0,"parent":4115,"menu_order":282,"comment_status":"closed","ping_status":"closed","template":"","meta":{"footnotes":""},"class_list":["post-4170","page","type-page","status-publish","hentry"],"_links":{"self":[{"href":"https:\/\/www.gusp.org\/es\/wp-json\/wp\/v2\/pages\/4170","targetHints":{"allow":["GET"]}}],"collection":[{"href":"https:\/\/www.gusp.org\/es\/wp-json\/wp\/v2\/pages"}],"about":[{"href":"https:\/\/www.gusp.org\/es\/wp-json\/wp\/v2\/types\/page"}],"author":[{"embeddable":true,"href":"https:\/\/www.gusp.org\/es\/wp-json\/wp\/v2\/users\/1"}],"replies":[{"embeddable":true,"href":"https:\/\/www.gusp.org\/es\/wp-json\/wp\/v2\/comments?post=4170"}],"version-history":[{"count":4,"href":"https:\/\/www.gusp.org\/es\/wp-json\/wp\/v2\/pages\/4170\/revisions"}],"predecessor-version":[{"id":4383,"href":"https:\/\/www.gusp.org\/es\/wp-json\/wp\/v2\/pages\/4170\/revisions\/4383"}],"up":[{"embeddable":true,"href":"https:\/\/www.gusp.org\/es\/wp-json\/wp\/v2\/pages\/4115"}],"wp:attachment":[{"href":"https:\/\/www.gusp.org\/es\/wp-json\/wp\/v2\/media?parent=4170"}],"curies":[{"name":"wp","href":"https:\/\/api.w.org\/{rel}","templated":true}]}}