{"id":1065,"date":"2017-05-03T20:50:08","date_gmt":"2017-05-03T20:50:08","guid":{"rendered":"https:\/\/www.gusp.org\/desamorcer-les-crises-mondiales-approche-paix-et-cerveau\/"},"modified":"2017-06-04T15:32:54","modified_gmt":"2017-06-04T15:32:54","slug":"desamorcer-les-crises-mondiales-approche-paix-et-cerveau","status":"publish","type":"page","link":"https:\/\/www.gusp.org\/fr\/desamorcer-les-crises-mondiales\/desamorcer-les-crises-mondiales-approche-paix-et-cerveau\/","title":{"rendered":"D\u00e9samorcer les crises mondiales: Approche de la paix fond\u00e9e sur la conscience"},"content":{"rendered":"<h2 style=\"text-align: center;\"><span style=\"color: #00579b;\">Approche de la paix fond\u00e9e sur la conscience<br \/>\n<\/span><\/h2>\n<p>Tout comportement violent trouve son origine dans le cerveau. Le moyen direct \u2013 et le seul moyen \u2013 de rem\u00e9dier aux tendances violentes et criminelles est de r\u00e9tablir le fonctionnement \u00e9quilibr\u00e9 du cerveau. C\u2019est par le r\u00e9tablissement d\u2019un fonctionnement neurologique ordonn\u00e9 que <em>l\u2019approche de la paix fond\u00e9e sur la conscience<\/em>* favorise le retour d\u2019un comportement \u00e9quilibr\u00e9 et harmonieux au niveau de l\u2019individu, mais aussi de la soci\u00e9t\u00e9.<\/p>\n<h4>Aper\u00e7u de l\u2019approche de la paix fond\u00e9e sur la conscience<\/h4>\n<ol>\n<li>Comportement et fonctionnement c\u00e9r\u00e9bral sont \u00e9troitement li\u00e9s.<\/li>\n<li>Le stress influence n\u00e9gativement le cerveau. Il inhibe le cortex pr\u00e9frontal (si\u00e8ge des fonctions sup\u00e9rieures) et stimule de fa\u00e7on excessive l\u2019amygdale (centre de la peur). Un comportement dict\u00e9 par la peur m\u00e8ne \u00e0 l\u2019agressivit\u00e9, la violence et \u00e0 des attitudes antisociales.<\/li>\n<li>Le stress aigu de la soci\u00e9t\u00e9 impacte \u00e9galement le cerveau et le comportement de l\u2019ensemble de la population\u00a0; il alimente le comportement criminel, la violence sociale et les conflits.<\/li>\n<li>Des \u00e9tudes approfondies ont montr\u00e9 que la pratique d\u2019une m\u00e9ditation simple et facile \u00e0 apprendre telle que la technique de M\u00e9ditation Transcendantale* (MT*) r\u00e9duit consid\u00e9rablement le stress individuel et donc ses effets d\u00e9l\u00e9t\u00e8res sur le cerveau et le comportement.<\/li>\n<li>Vingt trois \u00e9tudes publi\u00e9es ont \u00e9galement montr\u00e9 que la pratique de la MT \u2013 et particuli\u00e8rement la pratique de la MT en groupe \u2013 par une partie significative d\u2019une population ou par des groupes au sein d\u2019une population donn\u00e9e, d\u00e9samorce efficacement le stress aigu pr\u00e9sent dans la soci\u00e9t\u00e9 et r\u00e9duit notablement la violence, les conflits sociaux et les risques terroriste et de guerre.<\/li>\n<\/ol>\n<p>L\u2019Union mondiale des scientifiques pour la paix est impliqu\u00e9e dans la mise en \u0153uvre de cette <em>approche de la paix fond\u00e9e sur la conscience <\/em> aux niveaux r\u00e9gional, national et mondial. Elle conduit des recherches \u00e0 grande \u00e9chelle sur ses effets mondiaux, ainsi que sur les profonds m\u00e9canismes physiques, neurophysiologiques et sociologiques sous-jacents.<\/p>\n<blockquote class=\"footnote\">\n<hr \/>\n<p>*Cette <em>approche de la paix fond\u00e9e sur la conscience <\/em> est aussi r\u00e9f\u00e9renc\u00e9e dans la litt\u00e9rature scientifique sous le nom <em>d\u2019approche fond\u00e9e sur le champ unifi\u00e9 <\/em>pour des raisons que nous aborderons dans ce site.<\/p><\/blockquote>\n","protected":false},"excerpt":{"rendered":"<p>Approche de la paix fond\u00e9e sur la conscience Tout comportement violent trouve son origine dans le cerveau. Le moyen direct \u2013 et le seul moyen \u2013 de rem\u00e9dier aux tendances violentes et criminelles est de r\u00e9tablir le fonctionnement \u00e9quilibr\u00e9 du cerveau. C\u2019est par le r\u00e9tablissement d\u2019un fonctionnement neurologique ordonn\u00e9 que l\u2019approche de la paix fond\u00e9e&#8230;<\/p>\n","protected":false},"author":17,"featured_media":0,"parent":1613,"menu_order":291,"comment_status":"closed","ping_status":"closed","template":"","meta":{"footnotes":""},"class_list":["post-1065","page","type-page","status-publish","hentry"],"_links":{"self":[{"href":"https:\/\/www.gusp.org\/fr\/wp-json\/wp\/v2\/pages\/1065","targetHints":{"allow":["GET"]}}],"collection":[{"href":"https:\/\/www.gusp.org\/fr\/wp-json\/wp\/v2\/pages"}],"about":[{"href":"https:\/\/www.gusp.org\/fr\/wp-json\/wp\/v2\/types\/page"}],"author":[{"embeddable":true,"href":"https:\/\/www.gusp.org\/fr\/wp-json\/wp\/v2\/users\/17"}],"replies":[{"embeddable":true,"href":"https:\/\/www.gusp.org\/fr\/wp-json\/wp\/v2\/comments?post=1065"}],"version-history":[{"count":6,"href":"https:\/\/www.gusp.org\/fr\/wp-json\/wp\/v2\/pages\/1065\/revisions"}],"predecessor-version":[{"id":2103,"href":"https:\/\/www.gusp.org\/fr\/wp-json\/wp\/v2\/pages\/1065\/revisions\/2103"}],"up":[{"embeddable":true,"href":"https:\/\/www.gusp.org\/fr\/wp-json\/wp\/v2\/pages\/1613"}],"wp:attachment":[{"href":"https:\/\/www.gusp.org\/fr\/wp-json\/wp\/v2\/media?parent=1065"}],"curies":[{"name":"wp","href":"https:\/\/api.w.org\/{rel}","templated":true}]}}