{"id":1066,"date":"2017-05-03T23:16:17","date_gmt":"2017-05-03T23:16:17","guid":{"rendered":"https:\/\/www.gusp.org\/approche-paix-et-cerveau-le-cerveau-gouverne-le-comportement\/"},"modified":"2017-06-02T14:10:47","modified_gmt":"2017-06-02T14:10:47","slug":"approche-paix-et-cerveau-le-cerveau-gouverne-le-comportement","status":"publish","type":"page","link":"https:\/\/www.gusp.org\/fr\/desamorcer-les-crises-mondiales\/approche-paix-et-cerveau-le-cerveau-gouverne-le-comportement\/","title":{"rendered":"Approche de la paix fond\u00e9e sur la conscience: Le cerveau gouverne le comportement"},"content":{"rendered":"<h1 class=\"ms\">Approche de la paix fond\u00e9e sur la conscience<\/h1>\n<h3>1. Notre comportement d\u00e9pend du cerveau<\/h3>\n<p class=\"nsa\">Notre perception de l\u2019environnement, notre fa\u00e7on d\u2019y r\u00e9agir d\u00e9pendent du cerveau :<\/p>\n<ul>\n<li>C\u2019est <em>l\u2019amygdale<\/em> (le \u00ab\u00a0centre de la peur\u00a0\u00bb) qui nous fait distinguer entre la s\u00e9curit\u00e9 et les menaces.<\/li>\n<li>La capacit\u00e9 \u00e0 contr\u00f4ler des comportements impulsifs ou violents est directement li\u00e9e au d\u00e9veloppement de notre <em>cortex pr\u00e9frontal \u2013 <\/em>le \u00ab\u00a0cerveau sup\u00e9rieur\u00a0\u00bb \u2013 qui gouverne les fonctions sup\u00e9rieures telles que le contr\u00f4le des impulsions, le jugement, la prise de d\u00e9cision et le raisonnement moral.<\/li>\n<\/ul>\n<p><img loading=\"lazy\" decoding=\"async\" class=\"alignleft size-full wp-image-309 diagram\" src=\"https:\/\/www.gusp.org\/wp-content\/uploads\/2017\/06\/fr_diagram-brain-structures-fear.png\" alt=\"\" width=\"740\" height=\"367\" \/><\/p>\n","protected":false},"excerpt":{"rendered":"<p>Approche de la paix fond\u00e9e sur la conscience 1. Notre comportement d\u00e9pend du cerveau Notre perception de l\u2019environnement, notre fa\u00e7on d\u2019y r\u00e9agir d\u00e9pendent du cerveau : C\u2019est l\u2019amygdale (le \u00ab\u00a0centre de la peur\u00a0\u00bb) qui nous fait distinguer entre la s\u00e9curit\u00e9 et les menaces. La capacit\u00e9 \u00e0 contr\u00f4ler des comportements impulsifs ou violents est directement li\u00e9e&#8230;<\/p>\n","protected":false},"author":17,"featured_media":0,"parent":1613,"menu_order":290,"comment_status":"closed","ping_status":"closed","template":"","meta":{"footnotes":""},"class_list":["post-1066","page","type-page","status-publish","hentry"],"_links":{"self":[{"href":"https:\/\/www.gusp.org\/fr\/wp-json\/wp\/v2\/pages\/1066","targetHints":{"allow":["GET"]}}],"collection":[{"href":"https:\/\/www.gusp.org\/fr\/wp-json\/wp\/v2\/pages"}],"about":[{"href":"https:\/\/www.gusp.org\/fr\/wp-json\/wp\/v2\/types\/page"}],"author":[{"embeddable":true,"href":"https:\/\/www.gusp.org\/fr\/wp-json\/wp\/v2\/users\/17"}],"replies":[{"embeddable":true,"href":"https:\/\/www.gusp.org\/fr\/wp-json\/wp\/v2\/comments?post=1066"}],"version-history":[{"count":10,"href":"https:\/\/www.gusp.org\/fr\/wp-json\/wp\/v2\/pages\/1066\/revisions"}],"predecessor-version":[{"id":2037,"href":"https:\/\/www.gusp.org\/fr\/wp-json\/wp\/v2\/pages\/1066\/revisions\/2037"}],"up":[{"embeddable":true,"href":"https:\/\/www.gusp.org\/fr\/wp-json\/wp\/v2\/pages\/1613"}],"wp:attachment":[{"href":"https:\/\/www.gusp.org\/fr\/wp-json\/wp\/v2\/media?parent=1066"}],"curies":[{"name":"wp","href":"https:\/\/api.w.org\/{rel}","templated":true}]}}