{"id":1068,"date":"2017-05-03T23:45:05","date_gmt":"2017-05-03T23:45:05","guid":{"rendered":"https:\/\/www.gusp.org\/approche-paix-et-cerveau-le-stress-dans-la-societe-alimente-la-violence\/"},"modified":"2017-06-02T16:25:20","modified_gmt":"2017-06-02T16:25:20","slug":"approche-paix-et-cerveau-le-stress-dans-la-societe-alimente-la-violence","status":"publish","type":"page","link":"https:\/\/www.gusp.org\/fr\/desamorcer-les-crises-mondiales\/approche-paix-et-cerveau-le-stress-dans-la-societe-alimente-la-violence\/","title":{"rendered":"Approche de la paix fond\u00e9e sur la conscience: Le stress dans la soci\u00e9t\u00e9 alimente la violence"},"content":{"rendered":"<h1 class=\"ms\">Approche de la paix fond\u00e9e sur la conscience<\/h1>\n<h3 class=\"ms\">3. Le stress dans la soci\u00e9t\u00e9 alimente la violence sociale et la criminalit\u00e9<\/h3>\n<p><img loading=\"lazy\" decoding=\"async\" class=\"alignleft size-full wp-image-409\" src=\"https:\/\/www.gusp.org\/wp-content\/uploads\/2017\/04\/photo-societal-stress.jpg\" alt=\"\" width=\"740\" height=\"456\" srcset=\"https:\/\/www.gusp.org\/wp-content\/uploads\/2017\/04\/photo-societal-stress.jpg 740w, https:\/\/www.gusp.org\/wp-content\/uploads\/2017\/04\/photo-societal-stress-300x185.jpg 300w, https:\/\/www.gusp.org\/wp-content\/uploads\/2017\/04\/photo-societal-stress-182x112.jpg 182w\" sizes=\"auto, (max-width: 740px) 100vw, 740px\" \/><\/p>\n<p>Le Directeur du Service de sant\u00e9 publique des \u00c9tats-Unis affirme que les am\u00e9ricains connaissent une \u00ab\u00a0\u00e9pid\u00e9mie de stress\u00a0\u00bb causant des niveaux sans pr\u00e9c\u00e9dent de maladies cardiaques, d\u2019AVC et de nombreuses maladies li\u00e9es au stress. Selon la recherche, le stress g\u00e9n\u00e9ralis\u00e9 \u00e0 l\u2019\u00e9chelle de la soci\u00e9t\u00e9 est corr\u00e9l\u00e9 \u00e0 l\u2019accroissement de la criminalit\u00e9 \u2013 homicides, voies de fait graves, viols et vols [1] \u2013 et contribue \u00e0 l\u2019apparition de guerres, de terrorisme et d\u2019autres violences sociales [2].<\/p>\n<p>Selon les th\u00e9ories pr\u00e9valant dans le domaine de la gestion des conflits [3], le premier stade dans l\u2019\u00e9mergence d\u2019une guerre est celui de la mont\u00e9e des tensions soci\u00e9tales \u2013 intenses tensions politiques, ethniques et religieuses \u2013 dans des points chauds du globe. Cette mont\u00e9e des tensions, si elle n\u2019est pas endigu\u00e9e, se transforme fr\u00e9quemment en conflits sociaux. L\u2019exp\u00e9rience montre que dans ces situations de stress social intense, les efforts diplomatiques \u2013 cessez-le-feu, accords n\u00e9goci\u00e9s \u2013 ne d\u00e9bouchent que sur un r\u00e9pit \u00e9ph\u00e9m\u00e8re et nullement sur une paix durable.<\/p>\n","protected":false},"excerpt":{"rendered":"<p>Approche de la paix fond\u00e9e sur la conscience 3. Le stress dans la soci\u00e9t\u00e9 alimente la violence sociale et la criminalit\u00e9 Le Directeur du Service de sant\u00e9 publique des \u00c9tats-Unis affirme que les am\u00e9ricains connaissent une \u00ab\u00a0\u00e9pid\u00e9mie de stress\u00a0\u00bb causant des niveaux sans pr\u00e9c\u00e9dent de maladies cardiaques, d\u2019AVC et de nombreuses maladies li\u00e9es au stress&#8230;.<\/p>\n","protected":false},"author":17,"featured_media":0,"parent":1613,"menu_order":286,"comment_status":"closed","ping_status":"closed","template":"","meta":{"footnotes":""},"class_list":["post-1068","page","type-page","status-publish","hentry"],"_links":{"self":[{"href":"https:\/\/www.gusp.org\/fr\/wp-json\/wp\/v2\/pages\/1068","targetHints":{"allow":["GET"]}}],"collection":[{"href":"https:\/\/www.gusp.org\/fr\/wp-json\/wp\/v2\/pages"}],"about":[{"href":"https:\/\/www.gusp.org\/fr\/wp-json\/wp\/v2\/types\/page"}],"author":[{"embeddable":true,"href":"https:\/\/www.gusp.org\/fr\/wp-json\/wp\/v2\/users\/17"}],"replies":[{"embeddable":true,"href":"https:\/\/www.gusp.org\/fr\/wp-json\/wp\/v2\/comments?post=1068"}],"version-history":[{"count":7,"href":"https:\/\/www.gusp.org\/fr\/wp-json\/wp\/v2\/pages\/1068\/revisions"}],"predecessor-version":[{"id":2067,"href":"https:\/\/www.gusp.org\/fr\/wp-json\/wp\/v2\/pages\/1068\/revisions\/2067"}],"up":[{"embeddable":true,"href":"https:\/\/www.gusp.org\/fr\/wp-json\/wp\/v2\/pages\/1613"}],"wp:attachment":[{"href":"https:\/\/www.gusp.org\/fr\/wp-json\/wp\/v2\/media?parent=1068"}],"curies":[{"name":"wp","href":"https:\/\/api.w.org\/{rel}","templated":true}]}}