{"id":1128,"date":"2017-05-05T21:30:49","date_gmt":"2017-05-05T21:30:49","guid":{"rendered":"https:\/\/www.gusp.org\/theoretical-foundation-neurological-mechanisms\/"},"modified":"2017-07-06T07:31:01","modified_gmt":"2017-07-06T12:31:01","slug":"fondements-theoriques-neurological-mechanisms","status":"publish","type":"page","link":"https:\/\/www.gusp.org\/fr\/desamorcer-les-crises-mondiales\/fondements-theoriques-neurological-mechanisms\/","title":{"rendered":"Fondements th\u00e9oriques: Les m\u00e9canismes neurologiques"},"content":{"rendered":"<h1>Approche de la paix fond\u00e9e sur la conscience<\/h1>\n<h2 class=\"ms\">Fondements th\u00e9oriques<\/h2>\n<h3>Acc\u00e9der au champ unifi\u00e9\u00a0: les m\u00e9canismes neurologiques<\/h3>\n<p>Les m\u00e9canismes neurologiques pr\u00e9cis qui sous-tendent la capacit\u00e9 du cerveau \u00e0 faire l\u2019exp\u00e9rience du champ unifi\u00e9 sont relativement complexes et d\u00e9passent pour l\u2019essentiel le champ de ce r\u00e9sum\u00e9. Disons bri\u00e8vement que les chercheurs sp\u00e9cialis\u00e9s en neuroscience de la conscience consid\u00e8rent de plus en plus que la m\u00e9canique quantique joue un r\u00f4le central dans le ph\u00e9nom\u00e8ne de la conscience et que, par exemple, s\u2019il n\u2019y avait pas d\u2019effets quantiques dans le cerveau, il n\u2019y aurait simplement pas d\u2019exp\u00e9rience intrins\u00e8que de la \u00ab conscience \u00bb.<\/p>\n<p>Cependant, m\u00eame en acceptant l\u2019existence d\u2019effets quantiques dans le cerveau, un pas gigantesque reste \u00e0 franchir avant d\u2019affirmer que le champ unifi\u00e9, qui r\u00e9side \u00e0 une \u00e9chelle de temps et d\u2019espace un million de million de million de million de fois plus petite que la m\u00e9canique quantique ordinaire (voir figure 1, page pr\u00e9c\u00e9dente), puisse avoir une quelconque importance pour le cerveau et avoir de m\u00eame une quelconque importance pour la conscience.<\/p>\n<p>\u00c0 ce stade, les derniers d\u00e9veloppements de la th\u00e9orie des cordes permettent d\u2019ouvrir une perspective nouvelle et importante. Dans une s\u00e9rie de d\u00e9veloppements th\u00e9oriques remarquables, il est d\u00e9montr\u00e9 que l\u00e0 o\u00f9 la m\u00e9canique quantique est pr\u00e9sente (par exemple, dans les processus c\u00e9r\u00e9braux associ\u00e9s \u00e0 la conscience), le champ unifi\u00e9 est \u00e9galement pr\u00e9sent. En d\u2019autres termes, l\u00e0 o\u00f9 la m\u00e9canique quantique joue un r\u00f4le, la th\u00e9orie des cordes joue \u00e9galement un r\u00f4le.<\/p>\n<p>L\u2019\u00e9l\u00e9ment cl\u00e9 du comportement de la m\u00e9canique quantique est connu sous le nom d\u2019intrication quantique \u2013 cette propri\u00e9t\u00e9 myst\u00e9rieuse qui fait que des particules s\u00e9par\u00e9es (ou des syst\u00e8mes quantiques s\u00e9par\u00e9s) demeurent perp\u00e9tuellement connect\u00e9s, m\u00eame sur des distances immenses. Cette connexion est myst\u00e9rieuse car il n\u2019existe pas de connexion physique possible pour les relier dans le cadre d\u2019une structure causale \u00e0 3 + 1 dimensions d\u2019espace-temps. Mais la th\u00e9orie des cordes coupl\u00e9es \u00e0 la dualit\u00e9 jauge\/gravit\u00e9 AdS\/CFT (\u00ab\u00a0la dualit\u00e9 holographique\u00a0\u00bb) explique que si aucune connexion physique n\u2019existe dans 3 + 1 dimensions, dans une perspective plus large (4 + 1 D) les particules quantiques intriqu\u00e9es s\u00e9par\u00e9es sont en fait les deux extr\u00e9mit\u00e9s d\u2019une unique supercorde. On voit donc que dans une perspective plus large le myst\u00e8re de l\u2019intrication \u00ab\u00a0invisible\u00a0\u00bb \u00e0 longue distance est en grande partie r\u00e9solu.<\/p>\n<div id=\"attachment_413\" style=\"width: 750px\" class=\"wp-caption alignnone align\"><img loading=\"lazy\" decoding=\"async\" aria-describedby=\"caption-attachment-413\" class=\"size-full wp-image-413\" src=\"https:\/\/www.gusp.org\/wp-content\/uploads\/2017\/06\/fr_diagram-string-theory.png\" alt=\"String Theory\" width=\"740\" height=\"416\" \/><p id=\"caption-attachment-413\" class=\"wp-caption-text\"><strong>Figure 3.<\/strong> Des particules intriqu\u00e9es s\u00e9par\u00e9es dans 3 + 1 dimensions ne sont simplement que les deux extr\u00e9mit\u00e9s d\u2019une seule corde dans une perspective de dimension plus large, celle de la th\u00e9orie des cordes \u00e0 4 + 1 dimensions (<em>\u00e0 gauche<\/em>). De m\u00eame, les effets quantiques dans le cerveau, notamment certains effets quantiques neuronaux que l\u2019on associe \u00e0 la conscience, peuvent de la m\u00eame fa\u00e7on \u00eatre vus comme un ph\u00e9nom\u00e8ne de la th\u00e9orie des cordes, comme un ph\u00e9nom\u00e8ne du champ unifi\u00e9 (<em>\u00e0 droite<\/em>).<\/p><\/div>\n<p>Plus g\u00e9n\u00e9ralement, les ph\u00e9nom\u00e8nes pr\u00e9alablement compris en tant que processus de la m\u00e9canique quantique aux \u00e9chelles atomique ou mol\u00e9culaire peuvent maintenant \u00eatre tout aussi bien per\u00e7us comme des ph\u00e9nom\u00e8nes de la th\u00e9orie des cordes, comme des ph\u00e9nom\u00e8nes du champ unifi\u00e9.<\/p>\n<p>Il s\u2019en suit directement que si la conscience a ses racines biologiques dans des ph\u00e9nom\u00e8nes quantiques \u00e0 l\u2019\u00e9chelle mol\u00e9culaire et neuronale du cerveau (comme le pensent d\u00e9sormais de nombreux neuroscientifiques), on peut de mani\u00e8re \u00e9quivalente dire que la conscience a ses racines dans la th\u00e9orie des cordes, autrement dit que la conscience est un ph\u00e9nom\u00e8ne du champ unifi\u00e9.<\/p>\n<p>Il n\u2019est donc pas si surprenant, sur le plan neurophysiologique, que la conscience, alors qu\u2019elle explore et qu\u2019elle devient intimement famili\u00e8re avec sa propre nature fondamentale durant la m\u00e9ditation profonde, devienne de la m\u00eame fa\u00e7on intimement famili\u00e8re avec le champ unifi\u00e9, et qu\u2019elle soit en contact direct avec lui.<\/p>\n","protected":false},"excerpt":{"rendered":"<p>Approche de la paix fond\u00e9e sur la conscience Fondements th\u00e9oriques Acc\u00e9der au champ unifi\u00e9\u00a0: les m\u00e9canismes neurologiques Les m\u00e9canismes neurologiques pr\u00e9cis qui sous-tendent la capacit\u00e9 du cerveau \u00e0 faire l\u2019exp\u00e9rience du champ unifi\u00e9 sont relativement complexes et d\u00e9passent pour l\u2019essentiel le champ de ce r\u00e9sum\u00e9. Disons bri\u00e8vement que les chercheurs sp\u00e9cialis\u00e9s en neuroscience de la&#8230;<\/p>\n","protected":false},"author":17,"featured_media":0,"parent":1613,"menu_order":278,"comment_status":"closed","ping_status":"closed","template":"","meta":{"footnotes":""},"class_list":["post-1128","page","type-page","status-publish","hentry"],"_links":{"self":[{"href":"https:\/\/www.gusp.org\/fr\/wp-json\/wp\/v2\/pages\/1128","targetHints":{"allow":["GET"]}}],"collection":[{"href":"https:\/\/www.gusp.org\/fr\/wp-json\/wp\/v2\/pages"}],"about":[{"href":"https:\/\/www.gusp.org\/fr\/wp-json\/wp\/v2\/types\/page"}],"author":[{"embeddable":true,"href":"https:\/\/www.gusp.org\/fr\/wp-json\/wp\/v2\/users\/17"}],"replies":[{"embeddable":true,"href":"https:\/\/www.gusp.org\/fr\/wp-json\/wp\/v2\/comments?post=1128"}],"version-history":[{"count":8,"href":"https:\/\/www.gusp.org\/fr\/wp-json\/wp\/v2\/pages\/1128\/revisions"}],"predecessor-version":[{"id":2063,"href":"https:\/\/www.gusp.org\/fr\/wp-json\/wp\/v2\/pages\/1128\/revisions\/2063"}],"up":[{"embeddable":true,"href":"https:\/\/www.gusp.org\/fr\/wp-json\/wp\/v2\/pages\/1613"}],"wp:attachment":[{"href":"https:\/\/www.gusp.org\/fr\/wp-json\/wp\/v2\/media?parent=1128"}],"curies":[{"name":"wp","href":"https:\/\/api.w.org\/{rel}","templated":true}]}}