{"id":1129,"date":"2017-05-06T00:24:50","date_gmt":"2017-05-06T00:24:50","guid":{"rendered":"https:\/\/www.gusp.org\/defusing-world-crises-scientific-research\/"},"modified":"2017-06-02T16:17:23","modified_gmt":"2017-06-02T16:17:23","slug":"recherche-scientifique","status":"publish","type":"page","link":"https:\/\/www.gusp.org\/fr\/desamorcer-les-crises-mondiales\/recherche-scientifique\/","title":{"rendered":"D\u00e9samorcer les crises mondiales: Recherche scientifique"},"content":{"rendered":"<h1 class=\"ms\">Recherche scientifique<\/h1>\n<p>23 \u00e9tudes scientifiques et 50 \u00e9tudes r\u00e9pliqu\u00e9es confirment l\u2019efficacit\u00e9 unique de l\u2019<em>approche de la paix fond\u00e9e sur la conscience<\/em> dans la pr\u00e9vention de la violence sociale, du terrorisme et des conflits arm\u00e9s. Ce corps de recherche a \u00e9t\u00e9 analys\u00e9 avec soin par des universitaires ind\u00e9pendants et accept\u00e9 pour publication dans des revues <a href=\"https:\/\/www.gusp.org\/fr\/defusing-world-crises\/defusing-world-crises-selected-references\/\">scientifiques de r\u00e9f\u00e9rence<\/a>, \u00e0 comit\u00e9 de lecture. Cette approche s\u2019est traduite \u00e0 chaque fois par une r\u00e9duction significative de la criminalit\u00e9, de la violence sociale, du terrorisme et des conflits arm\u00e9s, et par une progression de la paix et de la positivit\u00e9 dans la soci\u00e9t\u00e9.<\/p>\n<h4>R\u00e9duction du terrorisme et des conflits arm\u00e9s<\/h4>\n<p><img loading=\"lazy\" decoding=\"async\" class=\"alignleft size-full wp-image-416\" src=\"\/wp-content\/uploads\/2017\/05\/fr_chart-lebanon-deaths.png\" alt=\"Decreased War Deaths\" width=\"740\" height=\"459\" \/><\/p>\n<p>Un test crucial de l\u2019impact de l\u2019<em>approche de la paix fond\u00e9e sur la conscience<\/em> fut r\u00e9alis\u00e9 au plus fort de la guerre du Liban. En 1983, lors d\u2019une assembl\u00e9e de deux mois qui se tenait \u00e0 J\u00e9rusalem, l\u2019analyse quotidienne des statistiques montra que lorsque le nombre de participants (\u00ab\u00a0Taille du groupe MT\u00a0\u00bb, \u00e0 droite du graphique) \u00e9tait \u00e9lev\u00e9, le nombre de morts pour faits de guerre au Liban diminuait de 76% (<em>p<\/em> = .0006). En outre, il apparut que la criminalit\u00e9, les accidents de la route, les incendies et d\u2019autres indicateurs du stress social en Isra\u00ebl (combin\u00e9s au sein d\u2019un indice composite) \u00e9taient fortement corr\u00e9l\u00e9s aux variations de la taille du groupe MT. L\u2019impact possible d\u2019autres causes (week-ends, vacances, m\u00e9t\u00e9o, etc.) fut statistiquement contr\u00f4l\u00e9 (<a href=\"\/pdf\/JCR_Lebanon.pdf\" target=\"_blank\" rel=\"noopener noreferrer\"><em>Journal of Conflict Resolution<\/em> 32: 776-812, 1988<\/a>) [2].<\/p>\n<p><img loading=\"lazy\" decoding=\"async\" class=\"alignleft size-full wp-image-415\" src=\"\/wp-content\/uploads\/2017\/06\/fr_chart-lebanon-replications.png\" alt=\"Replications of Lebanon Study\" width=\"740\" height=\"308\" \/><\/p>\n<p class=\"nsa\">Cette \u00e9tude fut reproduite par la suite lors de sept exp\u00e9riences cons\u00e9cutives sur une p\u00e9riode de deux ans alors que la guerre du Liban demeurait tr\u00e8s intense. Les r\u00e9sultats de ces travaux indiquent\u00a0:<\/p>\n<ul>\n<li>une diminution de 71% du nombre de morts (<em>p<\/em> &lt; 10<sup>-10<\/sup>)<\/li>\n<li>une diminution de 68% du nombre de bless\u00e9s (<em>p<\/em> &lt; 10<sup>-6<\/sup>)<\/li>\n<li>une diminution de 48% de l\u2019intensit\u00e9 du conflit (<em>p<\/em> &lt; 10<sup>-8<\/sup>)<\/li>\n<li>un accroissement de 66% de la coop\u00e9ration entre groupes antagonistes (<em>p<\/em> &lt; 10<sup>-6<\/sup>)<\/li>\n<\/ul>\n<p>La probabilit\u00e9 que cet ensemble de r\u00e9sultats soit d\u00fb au hasard est inf\u00e9rieure \u00e0 un sur 10<sup>19<\/sup>. Cet effet de r\u00e9duction du stress dans la soci\u00e9t\u00e9 et des conflits devient ainsi le ph\u00e9nom\u00e8ne le plus rigoureusement \u00e9tabli de l\u2019histoire des sciences sociales (<a href=\"\/pdf\/JSBP-davies-alex-2005.pdf\" target=\"_blank\" rel=\"noopener noreferrer\"><em>Journal of Social Behavior and Personality<\/em> 17(1): 285\u2013338, 2005<\/a>) [3].<\/p>\n<p><img loading=\"lazy\" decoding=\"async\" class=\"alignleft size-full wp-image-415\" src=\"\/wp-content\/uploads\/2017\/06\/fr_chart-decreased-global-terrorism.png\" alt=\"Replications of Lebanon Study\" width=\"740\" height=\"308\" \/><\/p>\n<p>En outre, gr\u00e2ce \u00e0 une analyse de donn\u00e9es rassembl\u00e9es par la \u00ab\u00a0Rand Corporation\u00a0\u00bb, l\u2019impact de trois tr\u00e8s grandes assembl\u00e9es de coh\u00e9rence sur le terrorisme a pu \u00eatre examin\u00e9 r\u00e9trospectivement. Ces donn\u00e9es r\u00e9v\u00e9l\u00e8rent une r\u00e9duction de 72% du terrorisme \u00e0 l\u2019\u00e9chelle mondiale durant ces trois assembl\u00e9es prises ensemble, en comparaison avec toutes les autres semaines sur une p\u00e9riode de deux ans. Chaque assembl\u00e9e avait atteint ou d\u00e9pass\u00e9 le seuil de participation (8000 personnes) d\u00e9fini pour cr\u00e9er une influence de coh\u00e9rence dans le monde entier. L\u2019\u00e9tude \u00e9carta l\u2019\u00e9ventualit\u00e9 que cette baisse du terrorisme soit due \u00e0 des cycles, tendances, d\u00e9viations dans les mesures utilis\u00e9es ou \u00e0 des variations saisonni\u00e8res (<a href=\"\/pdf\/JOR_OJ_Rand_review.pdf\" target=\"_blank\" rel=\"noopener noreferrer\"><em>Journal of Offender Rehabilitation<\/em> 36 (1-4): 283-302, 2003<\/a> and <a href=\"\/pdf\/JOR_refs.pdf\" target=\"_blank\" rel=\"noopener noreferrer\">references<\/a>) [17].<\/p>\n<h4>Diminution de la criminalit\u00e9 et du stress social<\/h4>\n<p><img loading=\"lazy\" decoding=\"async\" class=\"alignleft size-full wp-image-418\" src=\"\/wp-content\/uploads\/2017\/04\/photo-group-government.jpg\" alt=\"Photo\" width=\"740\" height=\"587\" srcset=\"https:\/\/www.gusp.org\/wp-content\/uploads\/2017\/04\/photo-group-government.jpg 740w, https:\/\/www.gusp.org\/wp-content\/uploads\/2017\/04\/photo-group-government-300x238.jpg 300w, https:\/\/www.gusp.org\/wp-content\/uploads\/2017\/04\/photo-group-government-141x112.jpg 141w\" sizes=\"auto, (max-width: 740px) 100vw, 740px\" \/><br \/>\n<img loading=\"lazy\" decoding=\"async\" class=\"alignleft size-full wp-image-414\" src=\"\/wp-content\/uploads\/2017\/05\/fr_chart-decreased-crime-dc.jpg\" alt=\"Decreased Crime in Washington DC\" width=\"740\" height=\"416\" \/><\/p>\n<p>\u00c0 Washington D.C. du 7 juin au 30 juillet 1993, un projet national a test\u00e9 l\u2019efficacit\u00e9 de l\u2019<em>approche de la paix fond\u00e9e sur la conscience dans<\/em> dans les domaines de la r\u00e9duction de la criminalit\u00e9, du stress dans la soci\u00e9t\u00e9, et de l\u2019am\u00e9lioration de l\u2019efficacit\u00e9 du gouvernement.<\/p>\n<p>Lors de cette exp\u00e9rimentation rigoureusement contr\u00f4l\u00e9e, le groupe de cr\u00e9ation de coh\u00e9rence s\u2019est accru de 800 \u00e0 4000 participants sur une p\u00e9riode de deux mois. Bien que la criminalit\u00e9 violente (mesur\u00e9e par les statistiques du FBI\u00a0: <em>Uniform Crime Statistics<\/em>) ait augment\u00e9 r\u00e9guli\u00e8rement durant les cinq premiers mois de l\u2019ann\u00e9e, elle commen\u00e7a \u00e0 diminuer peu de temps apr\u00e8s le d\u00e9but de l\u2019assembl\u00e9e, continua \u00e0 baisser jusqu\u2019\u00e0 la fin de l\u2019exp\u00e9rimentation (diminution maximale\u00a0: 23,3%), puis augmenta de nouveau apr\u00e8s celle-ci. La probabilit\u00e9 que ce r\u00e9sultat soit d\u00fb \u00e0 des variations al\u00e9atoires de la criminalit\u00e9 est inf\u00e9rieure \u00e0 2 sur un milliard (<em>p<\/em> &lt; .000000002). La baisse de la criminalit\u00e9 n\u2019a pas pu \u00eatre attribu\u00e9e \u00e0 d\u2019autres causes possibles, telles que la temp\u00e9rature, les pr\u00e9cipitations, les week-ends et les activit\u00e9s de lutte contre la criminalit\u00e9 de la police ou de la municipalit\u00e9 (<a href=\"\/pdf\/Hagelin_1993_Natl_Demo_Proj.pdf\" target=\"_blank\" rel=\"noopener noreferrer\"><em>Social Indicators Research<\/em> 47: 153-201, 1999<\/a>) [1].<\/p>\n<p>Ces donn\u00e9es ne constituent qu\u2019une petite partie des 50 preuves scientifiques et des 23 \u00e9tudes publi\u00e9es sur l\u2019<em>approche de la paix fond\u00e9e sur la conscience<\/em> et son impact sur la soci\u00e9t\u00e9. \u00c0 ces \u00e9tudes s\u2019en ajoutent 350 \u00e9galement publi\u00e9es dans des revues \u00e0 comit\u00e9 de lecture et conduites dans plus de 200 universit\u00e9s et institutions de recherche ind\u00e9pendantes de 30 pays\u00a0: \u00e9tudes sur les bienfaits individuels et sociaux de ces puissantes technologies de la conscience. Du fait de ce vaste corps de recherches scientifiques, l\u2019<em>approche de la paix fond\u00e9e sur la conscience<\/em> est, de toutes les pr\u00e9ventions, celle qui a \u00e9t\u00e9 test\u00e9e de la fa\u00e7on la plus compl\u00e8te et la plus rigoureuse.<\/p>\n","protected":false},"excerpt":{"rendered":"<p>Recherche scientifique 23 \u00e9tudes scientifiques et 50 \u00e9tudes r\u00e9pliqu\u00e9es confirment l\u2019efficacit\u00e9 unique de l\u2019approche de la paix fond\u00e9e sur la conscience dans la pr\u00e9vention de la violence sociale, du terrorisme et des conflits arm\u00e9s. Ce corps de recherche a \u00e9t\u00e9 analys\u00e9 avec soin par des universitaires ind\u00e9pendants et accept\u00e9 pour publication dans des revues scientifiques&#8230;<\/p>\n","protected":false},"author":17,"featured_media":0,"parent":1613,"menu_order":276,"comment_status":"closed","ping_status":"closed","template":"","meta":{"footnotes":""},"class_list":["post-1129","page","type-page","status-publish","hentry"],"_links":{"self":[{"href":"https:\/\/www.gusp.org\/fr\/wp-json\/wp\/v2\/pages\/1129","targetHints":{"allow":["GET"]}}],"collection":[{"href":"https:\/\/www.gusp.org\/fr\/wp-json\/wp\/v2\/pages"}],"about":[{"href":"https:\/\/www.gusp.org\/fr\/wp-json\/wp\/v2\/types\/page"}],"author":[{"embeddable":true,"href":"https:\/\/www.gusp.org\/fr\/wp-json\/wp\/v2\/users\/17"}],"replies":[{"embeddable":true,"href":"https:\/\/www.gusp.org\/fr\/wp-json\/wp\/v2\/comments?post=1129"}],"version-history":[{"count":14,"href":"https:\/\/www.gusp.org\/fr\/wp-json\/wp\/v2\/pages\/1129\/revisions"}],"predecessor-version":[{"id":2062,"href":"https:\/\/www.gusp.org\/fr\/wp-json\/wp\/v2\/pages\/1129\/revisions\/2062"}],"up":[{"embeddable":true,"href":"https:\/\/www.gusp.org\/fr\/wp-json\/wp\/v2\/pages\/1613"}],"wp:attachment":[{"href":"https:\/\/www.gusp.org\/fr\/wp-json\/wp\/v2\/media?parent=1129"}],"curies":[{"name":"wp","href":"https:\/\/api.w.org\/{rel}","templated":true}]}}