{"id":1130,"date":"2017-05-06T00:55:23","date_gmt":"2017-05-06T00:55:23","guid":{"rendered":"https:\/\/www.gusp.org\/implementing-the-brain-based-approach-to-peace-local\/"},"modified":"2017-06-02T19:48:13","modified_gmt":"2017-06-02T19:48:13","slug":"mise-en-oeuvre","status":"publish","type":"page","link":"https:\/\/www.gusp.org\/fr\/desamorcer-les-crises-mondiales\/mise-en-oeuvre\/","title":{"rendered":"Mise en \u0153uvre: Locale"},"content":{"rendered":"<h1 class=\"ms\">Mise en \u0153uvre de<br \/>\nl\u2019approche de la paix fond\u00e9e sur la conscience<\/h1>\n<p>L\u2019Union mondiale des scientifiques pour la paix (GUSP) participe \u00e0 la mise en \u0153uvre de l\u2019<em>approche de la paix fond\u00e9e sur la conscience<\/em> aux niveaux local, national et mondial. Nous en pr\u00e9sentons ici quelques exemples.<\/p>\n<h3>MISE EN OEUVRE AU PLAN LOCAL\u00a0: L\u2019\u00e9ducation<\/h3>\n<h4>R\u00e9duire le stress, optimiser le fonctionnement c\u00e9r\u00e9bral et am\u00e9liorer les r\u00e9sultats scolaires<\/h4>\n<div id=\"attachment_321\" style=\"width: 750px\" class=\"wp-caption alignnone align\"><img loading=\"lazy\" decoding=\"async\" aria-describedby=\"caption-attachment-321\" class=\"size-full wp-image-321\" src=\"https:\/\/staging.gusp.org\/wp-content\/uploads\/2017\/03\/photo-students.jpg\" alt=\"\" width=\"740\" height=\"481\" srcset=\"https:\/\/www.gusp.org\/wp-content\/uploads\/2017\/03\/photo-students.jpg 740w, https:\/\/www.gusp.org\/wp-content\/uploads\/2017\/03\/photo-students-300x195.jpg 300w, https:\/\/www.gusp.org\/wp-content\/uploads\/2017\/03\/photo-students-172x112.jpg 172w\" sizes=\"auto, (max-width: 740px) 100vw, 740px\" \/><p id=\"caption-attachment-321\" class=\"wp-caption-text\"><strong>Des experts de la paix.<\/strong> Dans le cadre d\u2019une d\u00e9monstration de ce projet de 2007 \u00e0 2010, 1750 personnes ont pratiqu\u00e9 ensemble des techniques avanc\u00e9es de MT dans deux grands d\u00f4mes de l\u2019universit\u00e9 Maharishi de Management, Fairfield, Iowa, et ont ainsi cr\u00e9\u00e9 une puissante influence de coh\u00e9rence et d\u2019harmonie au sein de la population am\u00e9ricaine.<\/p><\/div>\n<p>Durant ces cinq derni\u00e8res ann\u00e9es, des centaines d\u2019\u00e9coles et de lyc\u00e9es publics et priv\u00e9s des \u00c9tats-Unis, d\u2019Am\u00e9rique latine, d\u2019Europe, d\u2019Asie et du Moyen-Orient ont adopt\u00e9 la pratique en groupe de la M\u00e9ditation Transcendantale, une technique de r\u00e9duction du stress et de promotion de la paix.<\/p>\n<p>C\u2019est pour ses r\u00e9sultats concrets, que les responsables des politiques \u00e9ducatives et les directeurs d\u2019\u00e9cole ont \u00e9t\u00e9 int\u00e9ress\u00e9s par la mise en oeuvre de ce programme : meilleurs r\u00e9sultats scolaires (moyenne des notes), fr\u00e9quentation scolaire accrue, meilleur succ\u00e8s aux examens, r\u00e9duction significative de la violence et des probl\u00e8mes disciplinaires. Puisque l\u2019enseignement a pour objectif essentiel de d\u00e9velopper le plein potentiel mental, il est logique et naturel d\u2019introduire la M\u00e9ditation Transcendantale dans l\u2019emploi du temps quotidien des \u00e9tudiants. Le succ\u00e8s de ces programmes est remarquable.<\/p>\n<p>La r\u00e9ussite et les excellents r\u00e9sultats des projets ont fait l\u2019objet d\u2019une large couverture m\u00e9diatique. <a class=\"video vidn\" href=\"\/\/vimeo.com\/155543225\">Cliquer ici <\/a>pour visionner un reportage r\u00e9cent de NBC News sur le programme <em>MT\/moment-tranquille<\/em> \u00e0 San Francisco.<\/p>\n<p>Le deuxi\u00e8me avantage de l\u2019introduction de la MT dans les \u00e9coles, en plus de l\u2019excellence des r\u00e9sultats scolaires, est le faible co\u00fbt d\u2019un groupe de promotion de la paix. Les recherches effectu\u00e9es sur ces groupes de m\u00e9ditation dans les \u00e9coles indiquent une r\u00e9duction significative de la criminalit\u00e9 et de la violence et une am\u00e9lioration de la qualit\u00e9 de vie autour de l\u2019\u00e9cole et dans toute la ville [18-20]. Pour un bref reportage de CBS News sur l\u2019effet de r\u00e9duction de la criminalit\u00e9 dans le cadre d\u2019un projet scolaire \u00e0 Washington, DC, <a class=\"video vidn\" href=\"\/\/www.youtube.com\/watch?v=ckwYGRQMDIU\">cliquer ici<\/a>.<\/p>\n<p>Ce syst\u00e8me \u00e9ducatif consistant \u00e0 introduire la M\u00e9ditation Transcendantale dans les \u00e9coles demeure l\u2019un des principaux objectifs des directeurs de UMSP (GUSP) \u2013 plusieurs d\u2019entre eux sont d\u2019ailleurs d\u2019\u00e9minents \u00e9ducateurs. (Pour un bref aper\u00e7u de ces projets \u00e9ducatifs dans le monde, <a class=\"video vidn\" href=\"\/\/www.youtube.com\/watch?v=rcybIgUdUa0\">cliquer ici<\/a>.)<\/p>\n<h3>MISE EN OEUVRE AU PLAN LOCAL\u00a0: Forces arm\u00e9es<\/h3>\n<h4>D\u00e9veloppement de la r\u00e9silience et de l\u2019efficacit\u00e9, clart\u00e9 de la pens\u00e9e, clart\u00e9 dans l\u2019action parmi les soldats<\/h4>\n<p><img loading=\"lazy\" decoding=\"async\" class=\"alignleft size-full wp-image-324\" src=\"\/wp-content\/uploads\/2017\/03\/photo-military.jpg\" alt=\"\" width=\"740\" height=\"382\" srcset=\"https:\/\/www.gusp.org\/wp-content\/uploads\/2017\/03\/photo-military.jpg 740w, https:\/\/www.gusp.org\/wp-content\/uploads\/2017\/03\/photo-military-300x155.jpg 300w, https:\/\/www.gusp.org\/wp-content\/uploads\/2017\/03\/photo-military-200x103.jpg 200w\" sizes=\"auto, (max-width: 740px) 100vw, 740px\" \/><\/p>\n<p>Les forces de s\u00e9curit\u00e9 et les forces arm\u00e9es ont pour t\u00e2che principale de d\u00e9fendre la nation contre les menaces ext\u00e9rieures et int\u00e9rieures. Or dans de nombreux pays, elles ont le sentiment d\u2019\u00eatre de plus en plus d\u00e9pass\u00e9es par la mont\u00e9e des conflits r\u00e9gionaux et par la menace terroriste.<\/p>\n<p>Comme nous l\u2019avons expos\u00e9 pr\u00e9c\u00e9demment, l\u2019escalade de ces menaces est aliment\u00e9e en partie par la mont\u00e9e du stress dans la soci\u00e9t\u00e9, qu\u2019il soit d\u2019origine int\u00e9rieure ou ext\u00e9rieure. Or les forces de s\u00e9curit\u00e9 ne disposent actuellement d\u2019aucun outil leur permettant de d\u00e9samorcer ce stress\u00a0; elles n\u2019ont aucune strat\u00e9gie efficace de pr\u00e9vention \u00e0 leur disposition. En l\u2019absence d\u2019une telle strat\u00e9gie, elles ne peuvent intervenir que lorsque les flamb\u00e9es de violence sont d\u00e9clench\u00e9es ou les actes terroristes av\u00e9r\u00e9s.<\/p>\n<p>Il est donc logique et tr\u00e8s urgent de mettre \u00e0 la disposition des forces arm\u00e9es des moyens de pr\u00e9vention efficaces\u00a0: de les former (ne serait-ce qu\u2019une partie d\u2019entre elles) \u00e0 une technologie puissante de paix fond\u00e9e sur la conscience.<\/p>\n<p>L\u2019introduction de l\u2019<em>approche de la paix fond\u00e9e sur la conscience <\/em> aupr\u00e8s des militaires, notamment dans le cadre de leur formation, est un ph\u00e9nom\u00e8ne en d\u00e9veloppement rapide depuis quelques ann\u00e9es. Elle renforce la r\u00e9silience des troupes en les prot\u00e9geant contre les ravages du stress de combat et du SSPT (syndrome de stress post-traumatique) qui en r\u00e9sulte. Elle est \u00e9galement utilis\u00e9e par l\u2019administration militaire (Minist\u00e8re de la d\u00e9fense) et par les associations d\u2019anciens combattants pour traiter les militaires et les v\u00e9t\u00e9rans victimes du SSPT, probl\u00e8me majeur pour les forces arm\u00e9es. (<a href=\"http:\/\/www.upi.com\/Health_News\/2016\/01\/13\/Meditation-may-reduce-PTSD-medication-in-soldiers\/4151452704952\/?spt=hs&amp;or=hn\" target=\"_blank\" rel=\"noopener noreferrer\">cliquer ici pour lire un rapport r\u00e9cent<\/a>.)<\/p>\n<p>L\u2019<em>approche<\/em> <em>de la paix fond\u00e9e sur la conscience<\/em> est donc de plus en plus pr\u00e9sente dans les acad\u00e9mies et <a class=\"video vidn\" href=\"\/\/vimeo.com\/164761711\">universit\u00e9s<\/a> militaires. Elle est enseign\u00e9e dans la police, les forces de s\u00e9curit\u00e9 et des bases militaires aux \u00c9tats-Unis, ainsi que dans de nombreux pays d\u2019Am\u00e9rique latine et d\u2019Afrique.<\/p>\n<p>L\u2019Union des scientifiques pour la paix s\u2019int\u00e9resse \u00e0 la r\u00e9alisation de ces programmes pour la raison suivante : d\u00e8s qu\u2019un groupe important des forces de s\u00e9curit\u00e9 \u2013 des troupes d\u2019une base militaire par exemple \u2013 est instruit \u00e0 l\u2019<em>approche<\/em> <em>de la paix fond\u00e9e sur la conscience<\/em>, on observe des effets induits de r\u00e9duction du stress et de plus grande tranquillit\u00e9 dans tout l\u2019environnement social. Cet effet, observ\u00e9 r\u00e9cemment en Ukraine, a motiv\u00e9 de nombreux soldats actifs et v\u00e9t\u00e9rans \u00e0 s\u2019organiser pour cr\u00e9er un groupe de paix stable. (voir <a class=\"video vidn\" href=\"\/\/vimeo.com\/183520925\">cette vid\u00e9o <\/a> \u00e0 titre d\u2019exemple.)<\/p>\n<p>Lorsqu\u2019un groupe de cr\u00e9ation de paix est suffisamment important, un effet puissant et v\u00e9rifiable se fait ressentir \u00e0 l\u2019\u00e9chelle de tout un pays. Nous allons examiner dans la section suivante \u00ab\u00a0Mise en \u0153uvre nationale de l\u2019<em>approche de la paix fond\u00e9e sur la conscience <\/em>\u00bb, comment cr\u00e9er cet effet important de paix au niveau national.<\/p>\n","protected":false},"excerpt":{"rendered":"<p>Mise en \u0153uvre de l\u2019approche de la paix fond\u00e9e sur la conscience L\u2019Union mondiale des scientifiques pour la paix (GUSP) participe \u00e0 la mise en \u0153uvre de l\u2019approche de la paix fond\u00e9e sur la conscience aux niveaux local, national et mondial. Nous en pr\u00e9sentons ici quelques exemples. MISE EN OEUVRE AU PLAN LOCAL\u00a0: L\u2019\u00e9ducation R\u00e9duire&#8230;<\/p>\n","protected":false},"author":17,"featured_media":0,"parent":1613,"menu_order":275,"comment_status":"closed","ping_status":"closed","template":"","meta":{"footnotes":""},"class_list":["post-1130","page","type-page","status-publish","hentry"],"_links":{"self":[{"href":"https:\/\/www.gusp.org\/fr\/wp-json\/wp\/v2\/pages\/1130","targetHints":{"allow":["GET"]}}],"collection":[{"href":"https:\/\/www.gusp.org\/fr\/wp-json\/wp\/v2\/pages"}],"about":[{"href":"https:\/\/www.gusp.org\/fr\/wp-json\/wp\/v2\/types\/page"}],"author":[{"embeddable":true,"href":"https:\/\/www.gusp.org\/fr\/wp-json\/wp\/v2\/users\/17"}],"replies":[{"embeddable":true,"href":"https:\/\/www.gusp.org\/fr\/wp-json\/wp\/v2\/comments?post=1130"}],"version-history":[{"count":5,"href":"https:\/\/www.gusp.org\/fr\/wp-json\/wp\/v2\/pages\/1130\/revisions"}],"predecessor-version":[{"id":2074,"href":"https:\/\/www.gusp.org\/fr\/wp-json\/wp\/v2\/pages\/1130\/revisions\/2074"}],"up":[{"embeddable":true,"href":"https:\/\/www.gusp.org\/fr\/wp-json\/wp\/v2\/pages\/1613"}],"wp:attachment":[{"href":"https:\/\/www.gusp.org\/fr\/wp-json\/wp\/v2\/media?parent=1130"}],"curies":[{"name":"wp","href":"https:\/\/api.w.org\/{rel}","templated":true}]}}