{"id":1145,"date":"2017-05-06T18:54:33","date_gmt":"2017-05-06T18:54:33","guid":{"rendered":"https:\/\/www.gusp.org\/implementing-the-brain-based-approach-to-peace-national\/"},"modified":"2017-07-10T10:48:57","modified_gmt":"2017-07-10T15:48:57","slug":"mise-en-oeuvre-nationale","status":"publish","type":"page","link":"https:\/\/www.gusp.org\/fr\/desamorcer-les-crises-mondiales\/mise-en-oeuvre-nationale\/","title":{"rendered":"Mise en \u0153uvre: Nationale"},"content":{"rendered":"<h1 class=\"ms\">Mise en \u0153uvre de<br \/>\nl\u2019approche de la paix fond\u00e9e sur la conscience<\/h1>\n<h3>AU PLAN NATIONAL \u2013 \u00c9ducation<\/h3>\n<h4 style=\"margin-bottom: 9px;\">\u00c9valuation de l\u2019impact sur la soci\u00e9t\u00e9 d\u2019un grand groupe d\u2019experts de la paix\u00a0: projet de d\u00e9monstration nationale, \u00c9tats-Unis<\/h4>\n<p>En raison du r\u00f4le majeur que jouent les \u00c9tats-Unis sur le plan international, la cr\u00e9ation d\u2019une puissante influence de paix dans ce pays devrait avoir un impact positif sur les affaires mondiales et les grands conflits.<\/p>\n<p>En outre, le succ\u00e8s de la mise en \u0153uvre aux \u00c9tats-Unis de l\u2019<em>approche de la paix fond\u00e9e sur la conscience <\/em> devrait am\u00e9liorer son image aupr\u00e8s des communaut\u00e9s scientifiques, philanthropiques, et des administrations publiques contribuant ainsi \u00e0 son acceptation, son financement et sa mise en \u0153uvre \u00e0 l\u2019\u00e9chelle mondiale.<\/p>\n<p>Les \u00e9tudes d\u00e9j\u00e0 publi\u00e9es ont montr\u00e9 que la pr\u00e9sence d\u2019un groupe de 2500 experts en m\u00e9ditation sur le territoire am\u00e9ricain suffit \u00e0 produire un effet significatif de paix et de coh\u00e9rence sociale dans l\u2019ensemble du pays. Il d\u00e9samorce les tensions dans la soci\u00e9t\u00e9, favorise l\u2019harmonie sociale et r\u00e9duit la criminalit\u00e9 et la violence au niveau national [21, 22].<\/p>\n<h4>Rapport interm\u00e9diaire<\/h4>\n<p><strong>Phase 1 : projet de d\u00e9monstration nationale <\/strong><br \/>\nC\u2019est en juillet 2006 \u00e0 Fairfield, Iowa, \u00c9tats-Unis, qu\u2019a d\u00e9marr\u00e9 le premier projet scientifique de d\u00e9monstration \u00e0 grande \u00e9chelle de l\u2019<em>approche de la paix fond\u00e9e sur la conscience<\/em>. Cette exp\u00e9rimentation a \u00e9t\u00e9 con\u00e7ue en milieu universitaire et s\u2019est tenue sur le campus de la Maharishi University of Management o\u00f9 les \u00e9tudiants, les enseignants et le personnel pratiquent la MT et le programme avanc\u00e9 de MT-<em>Sidhi<\/em> en groupe, deux fois par jour. Comme nous l\u2019avons vu pr\u00e9c\u00e9demment, cette pratique est parfaitement adapt\u00e9e au milieu universitaire, tel que le d\u00e9montrent les \u00e9tudes d\u00e9taill\u00e9es sur le fonctionnement c\u00e9r\u00e9bral et les r\u00e9sultats universitaires. Le programme est tr\u00e8s bien accept\u00e9 par les participants puisqu\u2019ils en appr\u00e9cient la pratique et en b\u00e9n\u00e9ficient largement. Les co\u00fbts inh\u00e9rents restent tr\u00e8s faibles dans la mesure o\u00f9 les frais d\u2019h\u00e9bergement des participants sont d\u00e9j\u00e0 inclus dans leur cursus universitaire.<\/p>\n<div id=\"attachment_440\" style=\"width: 750px\" class=\"wp-caption alignnone align\"><img loading=\"lazy\" decoding=\"async\" aria-describedby=\"caption-attachment-440\" class=\"size-full wp-image-440\" src=\"\/wp-content\/uploads\/2017\/04\/photo_dome-1.jpg\" alt=\"Peace-creating experts\" width=\"740\" height=\"384\" srcset=\"https:\/\/www.gusp.org\/wp-content\/uploads\/2017\/04\/photo_dome-1.jpg 740w, https:\/\/www.gusp.org\/wp-content\/uploads\/2017\/04\/photo_dome-1-300x156.jpg 300w, https:\/\/www.gusp.org\/wp-content\/uploads\/2017\/04\/photo_dome-1-200x104.jpg 200w\" sizes=\"auto, (max-width: 740px) 100vw, 740px\" \/><p id=\"caption-attachment-440\" class=\"wp-caption-text\"><strong> Des experts de la paix.<\/strong> Dans le cadre d\u2019une d\u00e9monstration de ce projet de 2007 \u00e0 2010, 1750 personnes ont pratiqu\u00e9 ensemble des techniques avanc\u00e9es de MT dans deux grands d\u00f4mes de Maharishi University of Management, Fairfield, Iowa, cr\u00e9ant ainsi une puissante influence de coh\u00e9rence et d\u2019harmonie dans la population am\u00e9ricaine.<\/p><\/div>\n<p>Les r\u00e9sultats pr\u00e9visibles de ce projet ont \u00e9t\u00e9 transmis au pr\u00e9alable \u00e0 la presse, dont notamment une d\u00e9sescalade significative des taux de criminalit\u00e9 dans l\u2019ensemble des \u00c9tats-Unis. Ces pr\u00e9visions ont \u00e9t\u00e9 atteintes et m\u00eame d\u00e9pass\u00e9es. Avec un groupe en moyenne sup\u00e9rieur au seuil de 1750 experts (la racine carr\u00e9e de un pour cent de la population am\u00e9ricaine) sur la p\u00e9riode 2007 \u00e0 2010, les donn\u00e9es du <em>Uniform Crime Reports<\/em> du FBI ont enregistr\u00e9 un d\u00e9clin important et statistiquement tr\u00e8s significatif de la criminalit\u00e9 violente, d\u00e8s le premier jour du projet. Le taux d\u2019homicides dans les principales m\u00e9tropoles am\u00e9ricaines a atteint son niveau le plus bas en 40 ans. D\u2019autres baisses dans des mesures standards du stress social ont \u00e9t\u00e9 observ\u00e9es, telles que le nombre de d\u00e9c\u00e8s dus \u00e0 la circulation routi\u00e8re, \u00e0 d\u2019autres formes d\u2019accidents et \u00e0 des overdoses et baisse de la mortalit\u00e9 infantile [23-26]. On a relev\u00e9 parall\u00e8lement une augmentation des tendances sociales positives ainsi qu\u2019une nette am\u00e9lioration sur le plan \u00e9conomique, notamment un d\u00e9clin stable et tr\u00e8s significatif de \u00ab\u00a0l\u2019indice de la mis\u00e8re\u00a0\u00bb (somme des taux d\u2019inflation et de ch\u00f4mage) [27].<\/p>\n<p><strong>Phase 2 <\/strong>: <strong>mise en \u0153uvre compl\u00e8te<\/strong><\/p>\n<p>L\u2019Union des scientifiques pour la paix cherche \u00e0 \u00e9largir le groupe actuel d\u2019experts en m\u00e9ditation \u00e0 2500 afin de\u00a0:<\/p>\n<ul>\n<li>produire une influence de paix plus puissante dans la conscience nationale am\u00e9ricaine\u00a0;<\/li>\n<li>r\u00e9duire davantage le niveau de stress social et la violence ;<\/li>\n<li>dissoudre les divisions politiques et les blocages actuels au niveau du gouvernement tels que l\u2019on d\u00e9montr\u00e9 les recherches scientifiques\u00a0;<\/li>\n<li>permettre aux \u00c9tats-Unis de devenir une force de positivit\u00e9, d\u2019union et de paix en politique internationale.<\/li>\n<\/ul>\n<p>L\u2019Union des scientifiques pour la paix se donne comme objectif principal d\u2019\u00e9tablir de fa\u00e7on permanente un groupe de paix de 2500 experts aux \u00c9tats-Unis.<\/p>\n<h3>AU PLAN NATIONAL\u00a0\u2014 Forces arm\u00e9es<\/h3>\n<h4 style=\"margin-bottom: 9px;\">\u00c9tablir un groupe de \u00ab\u00a0gardiens de la paix\u00a0\u00bb au sein des forces arm\u00e9es<\/h4>\n<p>Une autre strat\u00e9gie de mise en \u0153uvre d\u2019un groupe national de cr\u00e9ation de la paix consiste \u00e0 le cr\u00e9er au sein des forces de s\u00e9curit\u00e9. Ces professionnels disciplin\u00e9s et d\u00e9vou\u00e9s sont engag\u00e9s \u00e0 prot\u00e9ger leur nation contre les menaces ext\u00e9rieures et int\u00e9rieures. Il est tr\u00e8s peu co\u00fbteux de former les forces de s\u00e9curit\u00e9 (ou une partie d\u2019entre elles) \u00e0 l\u2019outil qui leur permettra de d\u00e9samorcer le stress social avant qu\u2019il ne s\u2019exprime sous forme de conflits. Par l\u2019<em>approche<\/em> <em>de la paix fond\u00e9e sur la conscience<\/em>, il est non seulement possible mais relativement ais\u00e9 de d\u00e9samorcer le stress dans la soci\u00e9t\u00e9 et, de ce fait, neutraliser l\u2019hostilit\u00e9 chez l\u2019adversaire, \u00e9liminer l\u2019inimiti\u00e9 chez l\u2019ennemi et pr\u00e9venir le d\u00e9clenchement d\u2019un conflit arm\u00e9.<\/p>\n<p style=\"margin-bottom: 0px;\"><strong>Mozambique<\/strong><\/p>\n<div id=\"attachment_421\" style=\"width: 145px\" class=\"wp-caption alignleft\"><img loading=\"lazy\" decoding=\"async\" aria-describedby=\"caption-attachment-421\" class=\"size-full wp-image-421\" src=\"\/wp-content\/uploads\/2017\/04\/photo-chissano-sm.jpg\" alt=\"Joaquim Chissano\" width=\"135\" height=\"148\" srcset=\"https:\/\/www.gusp.org\/wp-content\/uploads\/2017\/04\/photo-chissano-sm.jpg 150w, https:\/\/www.gusp.org\/wp-content\/uploads\/2017\/04\/photo-chissano-sm-102x112.jpg 102w\" sizes=\"auto, (max-width: 135px) 100vw, 135px\" \/><p id=\"caption-attachment-421\" class=\"wp-caption-text\"><strong class=\"small\">Pr\u00e9sident<br \/>Joaquim Chissano<\/strong><\/p><\/div>\n<p>La d\u00e9monstration historique de la puissance de cette approche remonte \u00e0 1993 lorsque le pr\u00e9sident Joaquim Alberto Chissano du Mozambique \u00e9tablit une section de pr\u00e9vention dans l\u2019arm\u00e9e. Apr\u00e8s vingt ann\u00e9es de guerre civile ayant ravag\u00e9 le pays et cr\u00e9\u00e9 division et mis\u00e8re, le pr\u00e9sident Chissano introduisit la MT et le programme avanc\u00e9 de MT-<em>Sidhi<\/em> tout d\u2019abord aupr\u00e8s des autres responsables politiques et militaires puis aupr\u00e8s des forces arm\u00e9es en y introduisant la pratique en groupe dans leur routine quotidienne. Presqu\u2019imm\u00e9diatement, l\u2019intense atmosph\u00e8re d\u2019inimiti\u00e9 qui s\u00e9vissait depuis longtemps dans le pays commen\u00e7a \u00e0 se calmer. Le taux de criminalit\u00e9 diminua significativement, et l\u2019on observa la mont\u00e9e de tendances tr\u00e8s positives au plan social et \u00e9conomique, jusqu\u2019\u00e0 la tenue d\u2019\u00e9lections libres, ouvertes et d\u00e9mocratiques culminant dans l\u2019apparition d\u2019un \u00e9tat de paix durable<\/p>\n<p>Le pr\u00e9sident Chissano est aujourd\u2019hui reconnu comme un \u00e9minent homme de paix qui a transform\u00e9 son pays d\u00e9chir\u00e9 par la guerre, le Mozambique, en l\u2019un de pays les plus d\u00e9mocratiques de l\u2019Afrique [29].<\/p>\n<p>Le pr\u00e9sident Chissano et son ancien commandant des forces arm\u00e9es, le g\u00e9n\u00e9ral Tobias Dai, ont pr\u00e9sent\u00e9 ces r\u00e9sultats lors d\u2019une s\u00e9rie de conf\u00e9rences publiques et de sommets consacr\u00e9s \u00e0 la d\u00e9fense en 1994-95. Quelques citations des actes des conf\u00e9rences [30]\u00a0:<\/p>\n\t<div class=\"blue-box\">\n\t\t<div class=\"inner\">\n\t\t\t<p>Dans notre recherche sinc\u00e8re de solutions aux graves probl\u00e8mes frappant notre pays, des personnes de haut rang dans la hi\u00e9rarchie politique du Mozambique commenc\u00e8rent \u00e0 pratiquer le programme de M\u00e9ditation Transcendantale. Apr\u00e8s avoir \u00e9tudi\u00e9 ces techniques avec attention et un \u0153il critique, le chef d\u2019\u00e9tat-major des arm\u00e9es d\u00e9cida de les mettre en \u0153uvre dans l\u2019arm\u00e9e.<\/p>\n<p>Ce fut le d\u00e9but d\u2019une t\u00e2che consid\u00e9rable, celle d\u2019enseigner ces programmes aux diff\u00e9rents corps d\u2019arm\u00e9e (forces terrestres, navales et a\u00e9riennes). Quinze mille personnes furent instruites en 1993. On nota imm\u00e9diatement une am\u00e9lioration de nos forces arm\u00e9es : moins de probl\u00e8mes de sant\u00e9 li\u00e9s au stress, moins de probl\u00e8mes de comportement. Il s\u2019en suivit une r\u00e9duction de la consommation de m\u00e9dicaments, une diminution du nombre de visites \u00e0 l\u2019h\u00f4pital, un meilleur moral des troupes et de meilleures relations entre militaires. Les ordres \u00e9taient mieux ex\u00e9cut\u00e9s et le climat g\u00e9n\u00e9ral de tensions s\u2019est grandement att\u00e9nu\u00e9.<\/p>\n<p>Un millier de personnes a appris ces techniques \u00e0 Maputo. On observa dans la capitale une diminution de 20% de la criminalit\u00e9 violente, fait tr\u00e8s surprenant car \u00e0 la fin d\u2019un conflit, la criminalit\u00e9 a tendance \u00e0 augmenter. De m\u00eame \u00e0 Quelimane (diminution de 20%) et dans la province de Manica. Dans son ensemble, la population est devenue plus optimiste, et l\u2019activit\u00e9 agricole et \u00e9conomique a repris dans tout le pays. Fait inattendu, 1993 a connu un taux de croissance \u00e9conomique de 19%.<\/p>\n<p>Nous avons \u00e9t\u00e9 tr\u00e8s surpris de constater que la paix a pu se maintenir apr\u00e8s tant d\u2019ann\u00e9es de conflits. L\u2019harmonie a pr\u00e9valu entre les ennemis d\u2019hier. Ce qui apparaissait pratiquement impossible \u00e9tait d\u00e9sormais une r\u00e9alit\u00e9\u00a0: les fr\u00e8res qui avaient \u00e9t\u00e9 divis\u00e9s par des forces ext\u00e9rieures et qui avaient combattus les uns contre les autres, s\u2019entendaient de nouveau entre eux.<\/p>\n<p>Ces r\u00e9sultats ont culmin\u00e9 par la mise en place d\u2019\u00e9lections libres et d\u00e9mocratiques dans tout le pays, sans incidents majeurs. Pour conclure, l\u2019introduction de la M\u00e9ditation Transcendantale et du programme de MT-<em>Sidhi<\/em> dans les forces arm\u00e9es du Mozambique s\u2019est av\u00e9r\u00e9e \u00e0 la hauteur de nos esp\u00e9rances et les r\u00e9sultats ont \u00e9t\u00e9 conformes aux pr\u00e9visions.<br \/>\nG\u00e9n\u00e9ral Tobias Dai<\/p>\n\t\t<\/div>\n\t<\/div>\n\n\t\n<p style=\"margin-bottom: 0px;\"><strong>Mise en \u0153uvre en \u00c9quateur<\/strong><\/p>\n<div id=\"attachment_420\" style=\"width: 145px\" class=\"wp-caption alignleft\"><img loading=\"lazy\" decoding=\"async\" aria-describedby=\"caption-attachment-420\" class=\"size-full wp-image-420\" src=\"\/wp-content\/uploads\/2017\/04\/photo_villamil-large.jpg\" alt=\"Gen. J.M. Villamil\" width=\"135\" height=\"145\" srcset=\"https:\/\/www.gusp.org\/wp-content\/uploads\/2017\/04\/photo_villamil-large.jpg 150w, https:\/\/www.gusp.org\/wp-content\/uploads\/2017\/04\/photo_villamil-large-104x112.jpg 104w\" sizes=\"auto, (max-width: 135px) 100vw, 135px\" \/><p id=\"caption-attachment-420\" class=\"wp-caption-text\"><strong class=\"small more\">G\u00e9n\u00e9ral J.M. Villamil<\/strong><\/p><\/div>\n<p>Cette approche a \u00e9galement \u00e9t\u00e9 appliqu\u00e9e en \u00c9quateur \u00e0 titre exp\u00e9rimental par le Vice-ministre de la D\u00e9fense, le g\u00e9n\u00e9ral J.M. Villamil de la Cadena. En 1995, le g\u00e9n\u00e9ral Villamil a lanc\u00e9 le \u00ab\u00a0projet de coh\u00e9rence\u00a0\u00bb qui a permis \u00e0 3000 soldats d\u2019apprendre l\u2019<em>approche de la paix fond\u00e9e sur la conscience<\/em>, de la pratiquer ensemble et de mettre un terme au conflit frontalier de longue date entre l\u2019\u00c9quateur et le P\u00e9rou.<\/p>\n<p>Le g\u00e9n\u00e9ral Villamil a d\u00e9crit son exp\u00e9rience dans un article intitul\u00e9 \u00ab\u00a0Projet de coh\u00e9rence\u00a0\u00bb publi\u00e9 par l\u2019organe de r\u00e9flexion sur la d\u00e9fense <em>India Defence Consultants<\/em> [31]:<\/p>\n\t<div class=\"blue-box\">\n\t\t<div class=\"inner\">\n\t\t\t<p>Le conflit frontalier le plus long et le plus intense d\u2019Am\u00e9rique du Sud a persist\u00e9 depuis l\u2019\u00e9poque coloniale entre l\u2019\u00c9quateur et le P\u00e9rou\u2026 En d\u00e9cembre 1994, un diff\u00e9rend frontalier dans la \u00ab\u00a0haute jungle\u00a0\u00bb d\u00e9g\u00e9n\u00e9ra en v\u00e9ritable confrontation et les affrontements qui en suivirent firent courir le risque d\u2019un conflit g\u00e9n\u00e9ralis\u00e9.<\/p>\n<p>Nous avons r\u00e9ussi \u00e0 r\u00e9unir un groupe de six cents volontaires civils \u00e0 Quito, capitale de l\u2019\u00c9quateur, et de trois mille militaires de r\u00e9serve dans une ville proche. La principale responsabilit\u00e9 des volontaires de ces \u00ab\u00a0projets de coh\u00e9rence\u00a0\u00bb \u00e9tait de pratiquer la m\u00e9ditation [la technique de r\u00e9duction du stress par la M\u00e9ditation Transcendantale] pour cr\u00e9er un \u00e9tat de calme et de coh\u00e9rence sociale en \u00c9quateur pays \u00e0 l\u2019\u00e9poque profond\u00e9ment perturb\u00e9, cahotique, en situation de pr\u00e9-guerre\u2026<\/p>\n<p>Ces trois mille militaires \u2013 officiers, cadets et soldats \u2013 m\u00e9ditant ensemble ont cr\u00e9\u00e9 une vague formidable d\u2019\u00e9nergie positive qui se fit ressentir m\u00eame \u00e0 grande distance et qui suscita en \u00c9quateur un renouveau patriotique et un tr\u00e8s puissant esprit d\u2019unit\u00e9. Le pr\u00e9sident prit des d\u00e9cisions efficaces et r\u00e9ussit \u00e0 galvaniser la volont\u00e9 nationale. Les militaires du rang ont d\u00e9montr\u00e9 leur capacit\u00e9 au combat, alors que les petites unit\u00e9s et les soldats isol\u00e9s ont combattu avec discipline et courage. Pour la premi\u00e8re fois dans l\u2019histoire de l\u2019\u00c9quateur, nous n\u2019avons pas eu \u00e0 subir de mouvements de retraite. Je suis convaincu que le projet de coh\u00e9rence de m\u00e9ditation collective a \u00e9t\u00e9 la cause principale de ce changement.<br \/>\nG\u00e9n\u00e9ral Villamil<\/p>\n\t\t<\/div>\n\t<\/div>\n\n\t\n<p>\u00c0 la suite de la mise en \u0153uvre de l\u2019<em>approche de la paix fond\u00e9e sur la conscience<\/em>, les relations commerciales et diplomatiques entre l\u2019\u00c9quateur et le P\u00e9rou ont commenc\u00e9 \u00e0 se r\u00e9tablir et elles sont aujourd\u2019hui actives. Les \u00e9changes culturels ont \u00e9t\u00e9 renforc\u00e9s et le tourisme s\u2019est d\u00e9velopp\u00e9. Les deux arm\u00e9es envisagent actuellement d\u2019effectuer des man\u0153uvres ensemble pour faire face \u00e0 des menaces communes.<\/p>\n<p>Le g\u00e9n\u00e9ral Villamil travaille d\u00e9sormais avec les responsables de l\u2019Union mondiale des scientifiques pour la paix, des g\u00e9n\u00e9raux et des experts de la d\u00e9fense pour \u00e9tablir un nouveau groupe de cr\u00e9ation de coh\u00e9rence en \u00c9quateur, plus grand et plus puissant, dans le but d\u2019assurer le progr\u00e8s social et \u00e9conomique et d\u2019aider l\u2019\u00c9quateur \u00e0 sortir de la situation de \u00ab\u00a0sous-d\u00e9veloppement\u00a0\u00bb \u00e0 l\u2019horizon 2025.<\/p>\n<p align=\"center\">***<\/p>\n<p>Toutes les nations devraient aujourd\u2019hui se prot\u00e9ger en \u00e9tablissant leur propre groupe de cr\u00e9ation de coh\u00e9rence, que ce soit dans une universit\u00e9, dans l\u2019arm\u00e9e ou dans une grande entreprise. Les bienfaits de la r\u00e9duction du stress \u2013 r\u00e9duction des maladies li\u00e9es au stress, r\u00e9duction de la criminalit\u00e9 et de la violence sociale, accroissement de l\u2019harmonie, de la cr\u00e9ativit\u00e9 et de la prosp\u00e9rit\u00e9 nationale \u2013 l\u2019emportent largement sur les co\u00fbts n\u00e9gligeables de la formation et du maintien d\u2019un tel groupe. Le nombre d\u2019experts de la paix requis pour g\u00e9n\u00e9rer un effet significatif et mesurable devrait \u00eatre environ (selon la th\u00e9orie et les exp\u00e9riences r\u00e9alis\u00e9es) \u00e9gal \u00e0 la racine carr\u00e9e de un pour cent de la population nationale, soit quelques centaines pour un petit pays jusqu\u2019\u00e0 quelques milliers pour les plus grands.<\/p>\n<p>L\u2019Union mondiale des scientifiques pour la paix est dispos\u00e9e \u00e0 fournir la formation n\u00e9cessaire \u00e0 tout pays pr\u00eat \u00e0 mettre en \u0153uvre cette approche innovatrice, efficace et qui a fait ses preuves.<\/p>\n","protected":false},"excerpt":{"rendered":"<p>Mise en \u0153uvre de l\u2019approche de la paix fond\u00e9e sur la conscience AU PLAN NATIONAL \u2013 \u00c9ducation \u00c9valuation de l\u2019impact sur la soci\u00e9t\u00e9 d\u2019un grand groupe d\u2019experts de la paix\u00a0: projet de d\u00e9monstration nationale, \u00c9tats-Unis En raison du r\u00f4le majeur que jouent les \u00c9tats-Unis sur le plan international, la cr\u00e9ation d\u2019une puissante influence de paix&#8230;<\/p>\n","protected":false},"author":17,"featured_media":0,"parent":1613,"menu_order":273,"comment_status":"closed","ping_status":"closed","template":"","meta":{"footnotes":""},"class_list":["post-1145","page","type-page","status-publish","hentry"],"_links":{"self":[{"href":"https:\/\/www.gusp.org\/fr\/wp-json\/wp\/v2\/pages\/1145","targetHints":{"allow":["GET"]}}],"collection":[{"href":"https:\/\/www.gusp.org\/fr\/wp-json\/wp\/v2\/pages"}],"about":[{"href":"https:\/\/www.gusp.org\/fr\/wp-json\/wp\/v2\/types\/page"}],"author":[{"embeddable":true,"href":"https:\/\/www.gusp.org\/fr\/wp-json\/wp\/v2\/users\/17"}],"replies":[{"embeddable":true,"href":"https:\/\/www.gusp.org\/fr\/wp-json\/wp\/v2\/comments?post=1145"}],"version-history":[{"count":6,"href":"https:\/\/www.gusp.org\/fr\/wp-json\/wp\/v2\/pages\/1145\/revisions"}],"predecessor-version":[{"id":2690,"href":"https:\/\/www.gusp.org\/fr\/wp-json\/wp\/v2\/pages\/1145\/revisions\/2690"}],"up":[{"embeddable":true,"href":"https:\/\/www.gusp.org\/fr\/wp-json\/wp\/v2\/pages\/1613"}],"wp:attachment":[{"href":"https:\/\/www.gusp.org\/fr\/wp-json\/wp\/v2\/media?parent=1145"}],"curies":[{"name":"wp","href":"https:\/\/api.w.org\/{rel}","templated":true}]}}