{"id":1146,"date":"2017-05-06T19:16:09","date_gmt":"2017-05-06T19:16:09","guid":{"rendered":"https:\/\/www.gusp.org\/implementing-the-brain-based-approach-to-peace-global\/"},"modified":"2017-06-02T20:18:06","modified_gmt":"2017-06-02T20:18:06","slug":"mise-en-oeuvre-mondiale","status":"publish","type":"page","link":"https:\/\/www.gusp.org\/fr\/desamorcer-les-crises-mondiales\/mise-en-oeuvre-mondiale\/","title":{"rendered":"Mise en \u0153uvre: Mondiale"},"content":{"rendered":"<h1 class=\"ms\">Mise en \u0153uvre de<br \/>\nl\u2019approche de la paix fond\u00e9e sur la conscience<\/h1>\n<h3>AU PLAN MONDIAL \u2013 Inde<\/h3>\n<h4>\u00c9tablir un grand groupe permanent d\u2019experts en cr\u00e9ation de la paix pour le monde entier.<\/h4>\n<div id=\"attachment_422\" style=\"width: 750px\" class=\"wp-caption alignnone align\"><img loading=\"lazy\" decoding=\"async\" aria-describedby=\"caption-attachment-422\" class=\"size-full wp-image-422\" src=\"\/wp-content\/uploads\/2017\/04\/photo-brahmasthan.jpg\" alt=\"Global Capital of World Peace\" width=\"740\" height=\"340\" srcset=\"https:\/\/www.gusp.org\/wp-content\/uploads\/2017\/04\/photo-brahmasthan.jpg 740w, https:\/\/www.gusp.org\/wp-content\/uploads\/2017\/04\/photo-brahmasthan-300x138.jpg 300w, https:\/\/www.gusp.org\/wp-content\/uploads\/2017\/04\/photo-brahmasthan-200x92.jpg 200w\" sizes=\"auto, (max-width: 740px) 100vw, 740px\" \/><p id=\"caption-attachment-422\" class=\"wp-caption-text\"><strong>Capitale de la paix mondiale.<\/strong> Campus de 730 ha au centre de l\u2019Inde<\/p><\/div>\n<p style=\"margin-bottom: 0px;\">Les recherches [17] ont d\u00e9montr\u00e9 qu\u2019il suffit d\u2019un groupe de 9000 experts en m\u00e9ditation (environ la racine carr\u00e9e de un pour cent de la population mondiale), r\u00e9uni en un m\u00eame lieu, pour produire une influence puissante de paix \u00e0 l\u2019\u00e9chelle de la plan\u00e8te. Cette influence <span style=\"margin-bottom: 0px;\">est suffisante pour<\/span> d\u00e9samorcer les tensions et r\u00e9duire la violence et les conflits dans le monde.<\/p>\n<div id=\"attachment_423\" style=\"width: 110px\" class=\"wp-caption alignleft\"><img loading=\"lazy\" decoding=\"async\" aria-describedby=\"caption-attachment-423\" class=\"size-full wp-image-423\" src=\"\/wp-content\/uploads\/2017\/04\/photo-mmy.jpg\" alt=\"Maharishi Mahesh Yogi\" width=\"100\" height=\"125\" srcset=\"https:\/\/www.gusp.org\/wp-content\/uploads\/2017\/04\/photo-mmy.jpg 125w, https:\/\/www.gusp.org\/wp-content\/uploads\/2017\/04\/photo-mmy-89x112.jpg 89w\" sizes=\"auto, (max-width: 100px) 100vw, 100px\" \/><p id=\"caption-attachment-423\" class=\"wp-caption-text\"><strong class=\"small\">Maharishi<br \/>Mahesh Yogi<\/strong><\/p><\/div>\n<p>On parle souvent de cet effet de paix en terme d\u2019\u00ab effet Maharishi mondial\u00a0\u00bb en l\u2019honneur de Maharishi Mahesh Yogi qui fut le premier \u00e0 le pr\u00e9dire et \u00e0 le mettre en application \u00e0 grande \u00e9chelle.<\/p>\n<p>Pour des raisons pratiques telles que le faible co\u00fbt par participant, la disponibilit\u00e9 de nombreux experts, l\u2019existence d\u2019un terrain et d\u2019installations, il est apparu \u00e9vident que ce groupe mondial de 9000 devait s\u2019\u00e9tablir en Inde. La r\u00e9alisation de ce seuil critique est bien engag\u00e9e puisque d\u00e9j\u00e0 2000 personnes sont en place et que le groupe grandit rapidement.<\/p>\n<p>L\u2019Inde est la terre de la sagesse v\u00e9dique ancienne, cette connaissance qui est \u00e0 l\u2019origine des technologies de paix que sont la M\u00e9ditation Transcendantale et le programme de MT-Sidhi. Il est donc particuli\u00e8rement ais\u00e9 d\u2019y enseigner ces techniques\u00a0; il suffit de les int\u00e9grer au cursus que suivent les \u00ab\u00a0pandits v\u00e9diques\u00a0\u00bb, les gardiens de la tradition v\u00e9dique en Inde. Des milliers d\u2019experts ont d\u00e9j\u00e0 \u00e9t\u00e9 form\u00e9s \u00e0 ces techniques de la conscience et des milliers d\u2019autres sont en cours de formation dans des villages et des villes \u00e0 travers le pays. Les meilleurs d\u2019entre eux seront s\u00e9lectionn\u00e9s pour faire partie du groupe principal de 9000.<\/p>\n<div id=\"attachment_424\" style=\"width: 750px\" class=\"wp-caption alignnone align\"><img loading=\"lazy\" decoding=\"async\" aria-describedby=\"caption-attachment-424\" class=\"size-full wp-image-424\" src=\"\/wp-content\/uploads\/2017\/04\/photo-pandits.jpg\" alt=\"Vedic Pandits\" width=\"740\" height=\"462\" srcset=\"https:\/\/www.gusp.org\/wp-content\/uploads\/2017\/04\/photo-pandits.jpg 740w, https:\/\/www.gusp.org\/wp-content\/uploads\/2017\/04\/photo-pandits-300x187.jpg 300w, https:\/\/www.gusp.org\/wp-content\/uploads\/2017\/04\/photo-pandits-179x112.jpg 179w\" sizes=\"auto, (max-width: 740px) 100vw, 740px\" \/><p id=\"caption-attachment-424\" class=\"wp-caption-text\"><strong>Les deux mille six cents pandits v\u00e9diques m\u00e9ditants d\u00e9j\u00e0 form\u00e9s contribuent \u00e0 la cr\u00e9ation de coh\u00e9rence dans le monde \u00e0 partir de la Capitale de la paix mondiale.<br \/><\/strong><\/p><\/div>\n<p>Un terrain de 730 ha a \u00e9t\u00e9 acquis au centre g\u00e9ographique de l\u2019Inde gr\u00e2ce \u00e0 l\u2019aide de donateurs et l\u2019infrastructure de routes, de services et de r\u00e9seaux divers est d\u00e9j\u00e0 en place. Plus de 200 b\u00e2timents pouvant accueillir 3000 personnes ont \u00e9t\u00e9 construits. D\u2019autres sont en cours de construction. Au rythme actuel, si nous r\u00e9unissons les sommes n\u00e9cessaires, les installations pour accueillir 9000 experts seront construites. Nous pourrons d\u00e8s lors, \u00e0 partir de ce lieu unique, assurer en permanence la paix et la s\u00e9curit\u00e9 du monde entier.<\/p>\n<p>Des groupes semblables devraient \u00eatre \u00e9tablis d\u00e8s que possible dans d\u2019autres parties du monde, id\u00e9alement un sur chaque continent. L\u2019harmonie et la coh\u00e9rence seront donc suffisamment fortes pour que le monde ne renoue plus jamais avec le cycle des guerres d\u00e9vastatrices et que les conflits r\u00e9gionaux qui s\u00e9vissent encore aujourd\u2019hui soient d\u00e9finitivement rel\u00e9gu\u00e9s au statut de relique d\u2019un pass\u00e9 r\u00e9volu.<\/p>\n<h4>R\u00c9SULTATS ATTENDUS : paix sociale et mondiale<\/h4>\n<p>D\u00e8s que les stress sociaux aigus diminuent de mani\u00e8re substantielle, il devient beaucoup plus facile de r\u00e9aliser la paix sociale sur une base permanente. Selon les recherches [2, 3], d\u00e8s que les fortes tensions et les passions commencent \u00e0 s\u2019apaiser, on note un degr\u00e9 de r\u00e9ussite surprenant des approches diplomatiques conventionnelles. Ce r\u00e9sultat tr\u00e8s souhaitable peut \u00eatre obtenu facilement m\u00eame en n\u2019\u00e9tablissant qu\u2019un ou plusieurs groupes d\u2019experts de taille relativement petite. Cette solution a \u00e9t\u00e9 test\u00e9e au Moyen-Orient et dans d\u2019autres r\u00e9gions du monde, comme nous l\u2019avons vu pr\u00e9c\u00e9demment.<\/p>\n<p>Tout ce qu\u2019il faut, c\u2019est qu\u2019un gouvernement ou un haut grad\u00e9 de l\u2019arm\u00e9e mette en place un groupe de taille appropri\u00e9e et forme ce groupe aux technologies de l\u2019<em>approche<\/em> <em>de la paix fond\u00e9e sur la conscience<\/em>.<\/p>\n<p>L\u2019Union mondiale des scientifiques pour la paix est dispos\u00e9e \u00e0 fournir la formation n\u00e9cessaire \u00e0 tout pays pr\u00eat \u00e0 mettre en \u0153uvre cette approche innovatrice, particuli\u00e8rement efficace et qui a fait ses preuves.<\/p>\n<p>Une fois mise en place, on notera :<\/p>\n<ul>\n<li>une r\u00e9duction nette et significative de la criminalit\u00e9, du terrorisme et des conflits sociaux d\u00e8s les 60 premiers jours;<\/li>\n<li>une forte coh\u00e9rence sociale \u2013\u00a0\u00e0 savoir une coop\u00e9ration et une int\u00e9gration entre toutes les composantes sociales du pays \u2013 qui renforce et prot\u00e8ge le pays contre toute influence perturbatrice issue de l\u2019int\u00e9rieur ou de l\u2019ext\u00e9rieur de la nation ;<\/li>\n<li>une am\u00e9lioration de la productivit\u00e9, de la prosp\u00e9rit\u00e9 et du progr\u00e8s national, d\u00e8s que l\u2019ordre social et la s\u00e9curit\u00e9 sont restaur\u00e9s dans la r\u00e9gion\u00a0; les services et les institutions de l\u2019\u00e9tat charg\u00e9s de la s\u00e9curit\u00e9 nationale seront \u00e9galement beaucoup moins sollicit\u00e9s ;<\/li>\n<li>un environnement international plus paisible et plus favorable aux \u00e9changes d\u00e8s que le projet sera mis en \u0153uvre au niveau mondial\u00a0; cet environnement favorisera la formation de gouvernements stables et la forte r\u00e9duction des tensions et des hostilit\u00e9s dans les points chauds du globe ;<\/li>\n<li>et des bienfaits suppl\u00e9mentaires parmi toutes les personnes impliqu\u00e9es dans le projet (policiers, soldats, \u00e9tudiants, travailleurs ou employ\u00e9s) en terme d\u2019une bonne sant\u00e9 physique et mentale, de maturit\u00e9 et de r\u00e9silience.<\/li>\n<\/ul>\n<p>Il n\u2019y a rien \u00e0 perdre et beaucoup \u00e0 gagner en agissant d\u00e8s maintenant.<\/p>\n","protected":false},"excerpt":{"rendered":"<p>Mise en \u0153uvre de l\u2019approche de la paix fond\u00e9e sur la conscience AU PLAN MONDIAL \u2013 Inde \u00c9tablir un grand groupe permanent d\u2019experts en cr\u00e9ation de la paix pour le monde entier. Les recherches [17] ont d\u00e9montr\u00e9 qu\u2019il suffit d\u2019un groupe de 9000 experts en m\u00e9ditation (environ la racine carr\u00e9e de un pour cent de&#8230;<\/p>\n","protected":false},"author":17,"featured_media":0,"parent":1613,"menu_order":270,"comment_status":"closed","ping_status":"closed","template":"","meta":{"footnotes":""},"class_list":["post-1146","page","type-page","status-publish","hentry"],"_links":{"self":[{"href":"https:\/\/www.gusp.org\/fr\/wp-json\/wp\/v2\/pages\/1146","targetHints":{"allow":["GET"]}}],"collection":[{"href":"https:\/\/www.gusp.org\/fr\/wp-json\/wp\/v2\/pages"}],"about":[{"href":"https:\/\/www.gusp.org\/fr\/wp-json\/wp\/v2\/types\/page"}],"author":[{"embeddable":true,"href":"https:\/\/www.gusp.org\/fr\/wp-json\/wp\/v2\/users\/17"}],"replies":[{"embeddable":true,"href":"https:\/\/www.gusp.org\/fr\/wp-json\/wp\/v2\/comments?post=1146"}],"version-history":[{"count":4,"href":"https:\/\/www.gusp.org\/fr\/wp-json\/wp\/v2\/pages\/1146\/revisions"}],"predecessor-version":[{"id":2078,"href":"https:\/\/www.gusp.org\/fr\/wp-json\/wp\/v2\/pages\/1146\/revisions\/2078"}],"up":[{"embeddable":true,"href":"https:\/\/www.gusp.org\/fr\/wp-json\/wp\/v2\/pages\/1613"}],"wp:attachment":[{"href":"https:\/\/www.gusp.org\/fr\/wp-json\/wp\/v2\/media?parent=1146"}],"curies":[{"name":"wp","href":"https:\/\/api.w.org\/{rel}","templated":true}]}}