{"id":1147,"date":"2017-05-06T21:33:31","date_gmt":"2017-05-06T21:33:31","guid":{"rendered":"https:\/\/www.gusp.org\/defusing-world-crises-endorsements\/"},"modified":"2017-06-02T20:24:02","modified_gmt":"2017-06-02T20:24:02","slug":"validation","status":"publish","type":"page","link":"https:\/\/www.gusp.org\/fr\/desamorcer-les-crises-mondiales\/validation\/","title":{"rendered":"D\u00e9samorcer les crises mondiales: Validation"},"content":{"rendered":"<h1 class=\"ms\">RECOMMANDATIONS D\u2019UNIVERSITAIRES IND\u00c9PENDANTS<\/h1>\n<p>Les experts en r\u00e9solution des conflits reconnaissent dans leur ensemble que le stress social aigu est la principale cause de la criminalit\u00e9 et des conflits sociaux. Parall\u00e8lement, de plus en plus de responsables politiques prennent conscience qu\u2019il est crucial de d\u00e9samorcer le stress social aigu dans les zones potentiellement conflictuelles et sont impressionn\u00e9s par l\u2019<em>approche de la paix fond\u00e9e sur la conscience.<\/em><\/p>\n<p>Ci-dessous une s\u00e9lection de commentaires par d\u2019\u00e9minents experts en r\u00e9solution des conflits. Un plus grand nombre encore de sp\u00e9cialistes soutiennent l\u2019<em>approche de la paix fond\u00e9e sur la conscience<\/em>, y compris les 50 chercheurs cit\u00e9s dans la section <a href=\"https:\/\/www.gusp.org\/fr\/defusing-world-crises\/defusing-world-crises-selected-references\/\">R\u00e9f\u00e9rences s\u00e9lectionn\u00e9es<\/a>.<\/p>\n<h4 class=\"rule\">\u00ab\u00a0Ce travail . . . m\u00e9rite d\u2019\u00eatre consid\u00e9r\u00e9 avec le plus grand s\u00e9rieux.\u00a0\u00bb<\/h4>\n<p>\u00ab\u00a0On peut affirmer que l\u2019impact potentiel de cette recherche d\u00e9passe celui de n\u2019importe quel autre programme de recherche sociologique ou psychologique en cours. Cette recherche a \u00e9t\u00e9 soumise avec succ\u00e8s \u00e0 une batterie de tests statistiques plus importante que celles mises en \u0153uvre pour la plupart des recherches dans le domaine de la r\u00e9solution des conflits. Je pense que ce travail et la th\u00e9orie qui l\u2019explique m\u00e9ritent d\u2019\u00eatre consid\u00e9r\u00e9s avec le plus grand s\u00e9rieux tant par les universitaires que par les hommes politiques.\u00a0\u00bb<br \/>\n<strong>David Edwards, Ph.D.<\/strong>, professeur en sciences politiques \u00e0 l\u2019universit\u00e9 du Texas, Austin, \u00c9tats-Unis<\/p>\n<h4 class=\"rule\">\u00ab\u00a0Nous devons prendre ces \u00e9tudes au s\u00e9rieux.\u00a0\u00bb<\/h4>\n<p>\u00ab\u00a0Dans les \u00e9tudes sur l\u2019impact de l\u2019effet Maharishi sur les conflits que j\u2019ai examin\u00e9es, je n\u2019ai rencontr\u00e9 aucune erreur m\u00e9thodologique\u00a0; les r\u00e9sultats obtenus dans un grand nombre de tests de ces travaux, dans des situations g\u00e9ographiques et conflictuelles diff\u00e9rentes, sont coh\u00e9rents. Aussi surprenant que cela puisse para\u00eetre, je pense que nous devons prendre ces \u00e9tudes au s\u00e9rieux.\u00a0\u00bb<br \/>\n<strong>Ted Robert Gurr, Ph.D<\/strong>., professeur \u00e9m\u00e9rite en sciences politiques \u00e0 l\u2019universit\u00e9 du Maryland, \u00c9tats-Unis.<\/p>\n<h4 class=\"rule\">\u00ab\u00a0Le travail est rigoureux.\u00a0\u00bb<\/h4>\n<p>\u00ab\u00a0Les hypoth\u00e8ses ont manifestement fait tiquer nos relecteurs. Mais le travail statistique est rigoureux. Les chiffres parlent d\u2019eux-m\u00eames. Quand on peut contr\u00f4ler statistiquement un aussi grand nombre de variables, comme c\u2019est le cas dans ces \u00e9tudes, les r\u00e9sultats n\u2019en sont que plus convaincants. Ce travail indique de toute \u00e9vidence que nous disposons d\u00e9sormais d\u2019une nouvelle technologie pour g\u00e9n\u00e9rer la paix dans le monde.\u00a0\u00bb<\/p>\n<p><strong>Raymond Russ, Ph.D.<\/strong>, professeur en psychologie \u00e0 l\u2019universit\u00e9 du Maine, \u00c9tats-Unis\u00a0; \u00e9diteur du\u00a0<em>Journal of Mind and Behavior<\/em><\/p>\n<h4 class=\"rule\">\u00ab\u00a0Ces recherches&#8230; sont un appel \u00e0 l\u2019action.\u00a0\u00bb<\/h4>\n<p>\u00ab\u00a0J\u2019ai suivi les recherches sur l\u2019effet Maharishi (l\u2019<em>approche de la paix<\/em> <em>fond\u00e9e sur la conscience<\/em>) au fur et \u00e0 mesure de leur d\u00e9veloppement depuis 20 ans. Il existe d\u00e9sormais un ensemble d\u2019\u00e9vidences coh\u00e9rentes et convaincantes pour affirmer que cette approche offre une solution simple et rentable \u00e0 la plupart des probl\u00e8mes sociaux auxquels nous faisons face aujourd\u2019hui. Ces recherches et leurs conclusions sont tellement fortes qu\u2019elles sont, pour les responsables des politiques gouvernementales, un appel \u00e0 l&rsquo;action. \u00bb<br \/>\n<strong>Huw Dixon, Ph.D.<\/strong>, professeur d\u2019\u00e9conomie \u00e0 l\u2019universit\u00e9 de York, Angleterre.<\/p>\n","protected":false},"excerpt":{"rendered":"<p>RECOMMANDATIONS D\u2019UNIVERSITAIRES IND\u00c9PENDANTS Les experts en r\u00e9solution des conflits reconnaissent dans leur ensemble que le stress social aigu est la principale cause de la criminalit\u00e9 et des conflits sociaux. Parall\u00e8lement, de plus en plus de responsables politiques prennent conscience qu\u2019il est crucial de d\u00e9samorcer le stress social aigu dans les zones potentiellement conflictuelles et sont&#8230;<\/p>\n","protected":false},"author":17,"featured_media":0,"parent":1613,"menu_order":268,"comment_status":"closed","ping_status":"closed","template":"","meta":{"footnotes":""},"class_list":["post-1147","page","type-page","status-publish","hentry"],"_links":{"self":[{"href":"https:\/\/www.gusp.org\/fr\/wp-json\/wp\/v2\/pages\/1147","targetHints":{"allow":["GET"]}}],"collection":[{"href":"https:\/\/www.gusp.org\/fr\/wp-json\/wp\/v2\/pages"}],"about":[{"href":"https:\/\/www.gusp.org\/fr\/wp-json\/wp\/v2\/types\/page"}],"author":[{"embeddable":true,"href":"https:\/\/www.gusp.org\/fr\/wp-json\/wp\/v2\/users\/17"}],"replies":[{"embeddable":true,"href":"https:\/\/www.gusp.org\/fr\/wp-json\/wp\/v2\/comments?post=1147"}],"version-history":[{"count":5,"href":"https:\/\/www.gusp.org\/fr\/wp-json\/wp\/v2\/pages\/1147\/revisions"}],"predecessor-version":[{"id":2080,"href":"https:\/\/www.gusp.org\/fr\/wp-json\/wp\/v2\/pages\/1147\/revisions\/2080"}],"up":[{"embeddable":true,"href":"https:\/\/www.gusp.org\/fr\/wp-json\/wp\/v2\/pages\/1613"}],"wp:attachment":[{"href":"https:\/\/www.gusp.org\/fr\/wp-json\/wp\/v2\/media?parent=1147"}],"curies":[{"name":"wp","href":"https:\/\/api.w.org\/{rel}","templated":true}]}}