{"id":1150,"date":"2017-05-06T22:34:08","date_gmt":"2017-05-06T22:34:08","guid":{"rendered":"https:\/\/www.gusp.org\/news-can-group-meditation-prevent-violent-crime\/"},"modified":"2017-06-06T13:07:18","modified_gmt":"2017-06-06T13:07:18","slug":"la-meditation-de-groupe-peut-elle-prevenir-la-criminalite-violente","status":"publish","type":"page","link":"https:\/\/www.gusp.org\/fr\/news\/la-meditation-de-groupe-peut-elle-prevenir-la-criminalite-violente\/","title":{"rendered":"La m\u00e9ditation de groupe peut-elle pr\u00e9venir la criminalit\u00e9 violente ?"},"content":{"rendered":"<h1 style=\"margin-bottom: 12px;\"><a href=\"http:\/\/www.eurekalert.org\/pub_releases\/2016-04\/muom-cgm031316.php\" target=\"_blank\" rel=\"noopener noreferrer\"><img loading=\"lazy\" decoding=\"async\" class=\"logo\" src=\"\/wp-content\/uploads\/2017\/04\/logo-eurekalert.png\" alt=\"EurekAlert\" width=\"284\" height=\"77\" \/><\/a><\/h1>\n<p class=\"small\" align=\"center\">DIFFUSION PUBLIQUE\u00a0: 14-avril-2016<\/p>\n<h1 style=\"margin-bottom: 12px;\">M\u00e9diter en groupe peut-il pr\u00e9venir la grande criminalit\u00e9 ?<br \/>\n\u00c9tonnamment oui, selon une \u00e9tude r\u00e9cente<\/h1>\n<div id=\"attachment_440\" style=\"width: 750px\" class=\"wp-caption alignnone align\"><img loading=\"lazy\" decoding=\"async\" aria-describedby=\"caption-attachment-440\" class=\"size-full wp-image-440\" src=\"\/wp-content\/uploads\/2017\/04\/photo_dome-1.jpg\" alt=\"\" width=\"740\" height=\"384\" srcset=\"https:\/\/www.gusp.org\/wp-content\/uploads\/2017\/04\/photo_dome-1.jpg 740w, https:\/\/www.gusp.org\/wp-content\/uploads\/2017\/04\/photo_dome-1-300x156.jpg 300w, https:\/\/www.gusp.org\/wp-content\/uploads\/2017\/04\/photo_dome-1-200x104.jpg 200w\" sizes=\"auto, (max-width: 740px) 100vw, 740px\" \/><p id=\"caption-attachment-440\" class=\"wp-caption-text\"><strong>La pratique du programme avanc\u00e9 de M\u00e9ditation Transcendantale en grands groupes est li\u00e9e \u00e0 une forte r\u00e9duction des taux d\u2019homicide et de criminalit\u00e9 urbaine aux \u00c9tats-Unis sur la p\u00e9riode d\u2019\u00e9tude 2007-2010.<br \/><\/strong><\/p><\/div>\n<p>De grands groupes de m\u00e9ditation peuvent-ils r\u00e9duire le taux de criminalit\u00e9 ? La plus r\u00e9cente d\u2019une s\u00e9rie d\u2019\u00e9tudes portant sur la d\u00e9cennie \u00e9coul\u00e9e confirme que la pratique d\u2019un programme avanc\u00e9 de M\u00e9ditation Transcendantale \u2013 le programme de MT-Sidhi \u2013 par un groupe suffisamment important de participants est li\u00e9e \u00e0 une r\u00e9duction de la violence sociale.<\/p>\n<p>Durant la p\u00e9riode 2007-2010, alors qu\u2019\u00e9tait r\u00e9uni un groupe suffisamment important, l\u2019analyse statistique a mis en \u00e9vidence une r\u00e9duction significative au plan national des taux d\u2019homicide et de grande criminalit\u00e9 urbaine, par rapport \u00e0 la p\u00e9riode de r\u00e9f\u00e9rence 2002-2006.<\/p>\n<div id=\"attachment_438\" style=\"width: 410px\" class=\"wp-caption alignright\"><img loading=\"lazy\" decoding=\"async\" aria-describedby=\"caption-attachment-438\" class=\"wp-image-438 size-full\" src=\"https:\/\/www.gusp.org\/wp-content\/uploads\/2017\/04\/2016_04_group-meditation.jpg\" alt=\"Diminution des homicides\" width=\"400\" height=\"287\" srcset=\"https:\/\/www.gusp.org\/wp-content\/uploads\/2017\/04\/2016_04_group-meditation.jpg 400w, https:\/\/www.gusp.org\/wp-content\/uploads\/2017\/04\/2016_04_group-meditation-300x215.jpg 300w, https:\/\/www.gusp.org\/wp-content\/uploads\/2017\/04\/2016_04_group-meditation-156x112.jpg 156w\" sizes=\"auto, (max-width: 400px) 100vw, 400px\" \/><p id=\"caption-attachment-438\" class=\"wp-caption-text\">De 2007 \u00e0 2010, alors que la taille d\u2019un groupe de participants au programme avanc\u00e9 de MT-Sidhi d\u00e9passait le seuil prescrit pour r\u00e9duire les tendances n\u00e9gatives (racine carr\u00e9e de 1%), il s\u2019est produit un changement significatif des taux d\u2019homicide et de criminalit\u00e9 urbaine aux \u00c9tats-Unis. Par rapport \u00e0 la p\u00e9riode de r\u00e9f\u00e9rence 2002-2006, la chute du taux d\u2019homicide fut de 21,2% (5,3% par an) et celle de la grande criminalit\u00e9 de 18,5% (4,6% par an).<\/p><\/div>\n<p>La r\u00e9duction totale du taux d\u2019homicide par rapport au taux moyen de r\u00e9f\u00e9rence fut de 21,2% sur la p\u00e9riode d\u2019intervention de quatre ans (5,3% par an). L\u2019analyse des donn\u00e9es mensuelles montra que la tendance \u00e0 la hausse des homicides aux \u00c9tats-Unis durant la p\u00e9riode de r\u00e9f\u00e9rence 2002-2006 s\u2019inversa durant la p\u00e9riode d\u2019intervention 2007-2010 retenue dans l\u2019\u00e9tude (voir graphique). Les chercheurs estiment que 8157 homicides furent \u00e9vit\u00e9s du fait de la forte variation \u00e0 la baisse du taux d\u2019homicide.<br \/>\nLa chute du taux de grande criminalit\u00e9 fut de 18,5% (4,6% par an). L\u2019\u00e9tude montra une variation importante entre la tendance stationnaire des ann\u00e9es 2002-2006 et la tendance \u00e0 la baisse de la p\u00e9riode 2007-2010 sur un \u00e9chantillon de 206 zones urbaines des \u00c9tats-Unis de plus de 100 000 habitants chacune (voir graphique).<\/p>\n<h4>Des r\u00e9sultats pr\u00e9visibles<\/h4>\n<p>\u00c0 partir de juillet 2006, des experts en m\u00e9ditation se r\u00e9unirent \u00e0 l\u2019Universit\u00e9 Maharishi de Management (Fairfield, Iowa) dans le but de cr\u00e9er un groupe suffisamment important et d\u2019exercer une influence sur l\u2019ensemble des \u00c9tats-Unis.<\/p>\n<p>Les pr\u00e9visions furent adress\u00e9es \u00e0 la presse et \u00e0 d\u2019autres scientifiques en indiquant qu\u2019il se produirait une r\u00e9duction importante de la grande criminalit\u00e9 lorsque le groupe atteindrait ou d\u00e9passerait le seuil th\u00e9orique de la racine carr\u00e9e de 1% de la population am\u00e9ricaine. En janvier 2007, le groupe d\u00e9passa la taille requise de 1725 participants \u2013 la racine carr\u00e9e de la population am\u00e9ricaine \u00e0 cette date \u2013 et resta au-dessus ou proche de ce niveau jusqu\u2019\u00e0 la fin 2010.<\/p>\n<p>L\u2019\u00e9tude a \u00e9t\u00e9 publi\u00e9e aujourd\u2019hui dans <a href=\"http:\/\/sgo.sagepub.com\/content\/6\/2\/2158244016637891\" target=\"_blank\" rel=\"noopener noreferrer\"><em>SAGE Open<\/em> Apr 2016, 6 (2)<\/a>. Cette revue est membre du <a href=\"http:\/\/publicationethics.org\/about\" target=\"_blank\" rel=\"noopener noreferrer\">Committee on Publication Ethics (COPE)<\/a>.<\/p>\n<h4>Une nouvelle hypoth\u00e8se en sciences sociales<\/h4>\n<p>\u00ab\u00a0Je comprends que le fait que la m\u00e9ditation puisse avoir un effet de r\u00e9duction du stress et de cr\u00e9ation de coh\u00e9rence dans la soci\u00e9t\u00e9 soit une nouvelle hypoth\u00e8se en sciences sociales\u00a0\u00bb, d\u00e9clara Michael Dillbeck, principal auteur de l\u2019\u00e9tude. \u00ab\u00a0Mais ces recherches r\u00e9v\u00e8lent de plus en plus qu\u2019il existe un effet de champ de la conscience. Si un groupe suffisamment important de personnes pratiquent ensemble ces techniques et font l\u2019exp\u00e9rience de la qualit\u00e9 de champ de la conscience, alors ces effets de champ s\u2019\u00e9tendent et se manifestent dans la soci\u00e9t\u00e9.\u00a0\u00bb<\/p>\n<p>L\u2019hypoth\u00e8se d\u2019un effet de champ de la conscience implique qu\u2019il existe une relation sous-jacente entre les individus, semblable \u00e0 ce qui fut d\u00e9couvert en physique, cette unit\u00e9 plus vaste, sous-jacente \u00e0 la diversit\u00e9 de la mati\u00e8re et des champs d\u2019\u00e9nergie. Plus ce champ sous-jacent est anim\u00e9 de mani\u00e8re puissante, plus l\u2019influence unificatrice de paix et d\u2019harmonie produite dans les valeurs de surface de la vie est forte.<\/p>\n<p>Cette hypoth\u00e8se fut propos\u00e9e pour la premi\u00e8re fois en 1960 par Maharishi Mahesh Yogi, fondateur de la technique de M\u00e9ditation Transcendantale. Elle fut d\u2019abord confirm\u00e9e dans les ann\u00e9es 70 et 80 avec la publication de recherches sur l\u2019accroissement significatif des tendances positives dans les villes o\u00f9 1% de la population pratiquait la M\u00e9ditation Transcendantale.<\/p>\n<p>On nota ensuite un effet encore plus puissant avec l\u2019introduction du programme avanc\u00e9 de MT-Sidhi. Les observations montr\u00e8rent que la racine carr\u00e9e de 1% d\u2019une population suffit \u00e0 accro\u00eetre l\u2019harmonie et la qualit\u00e9 de la vie dans la soci\u00e9t\u00e9.<\/p>\n<p>Neuf articles (dont 14 \u00e9tudes), d\u00e9j\u00e0 publi\u00e9s dans des revues \u00e0 comit\u00e9 de lecture, confirment cette hypoth\u00e8se.<\/p>\n<p>Alors que les \u00e9tudes pr\u00e9c\u00e9dentes portaient sur des groupes pratiquant le programme de m\u00e9ditation avanc\u00e9e durant des p\u00e9riodes de quelques semaines ou mois, la pr\u00e9sente \u00e9tude porte sur plusieurs ann\u00e9es, ce qui permet aux chercheurs d\u2019\u00e9tudier les changements potentiels \u00e0 long terme.<\/p>\n<h4>Une analyse statistique rigoureuse<\/h4>\n<p>Les auteurs de l\u2019\u00e9tude utilis\u00e8rent une batterie de tests de diagnostic pour confirmer les principales hypoth\u00e8ses de l\u2019analyse. Ils eurent recours \u00e0 une \u00e9tude d&rsquo;intervention avec un mod\u00e8le de rupture de tendance, une forme d\u2019analyse de s\u00e9ries chronologiques interrompues.<\/p>\n<p>Ils montr\u00e8rent que les hypoth\u00e8ses alternatives telles que les variations de l\u2019\u00e9conomie, le taux d\u2019incarc\u00e9ration, les cycles saisonniers, les changements d\u00e9mographiques et les strat\u00e9gies polici\u00e8res ne suffisaient pas \u00e0 rendre compte des r\u00e9ductions observ\u00e9es.<\/p>\n<p>\u00c0 titre d\u2019exemple, durant la grave r\u00e9cession des ann\u00e9es 2007-2009, le niveau des crimes a diminu\u00e9 de mani\u00e8re notable au lieu de cro\u00eetre comme on aurait pu s\u2019y attendre. Selon un <a href=\"http:\/\/usnews.nbcnews.com\/_news\/2012\/01\/03\/9925171-jobless-rate-up-but-crime-down-what-gives\" target=\"_blank\" rel=\"noopener noreferrer\">expert en criminalit\u00e9 sp\u00e9cialiste du lien entre criminalit\u00e9 et \u00e9conomie<\/a>, c\u2019est la premi\u00e8re fois depuis la deuxi\u00e8me guerre mondiale que le taux de criminalit\u00e9 ne cro\u00eet pas lors d\u2019une crise \u00e9conomique s\u00e9rieuse.<\/p>\n<p>Voir NBC News: <a href=\"http:\/\/usnews.nbcnews.com\/_news\/2012\/01\/03\/9925171-jobless-rate-up-but-crime-down-what-gives\" target=\"_blank\" rel=\"noopener noreferrer\"> Jobless rate up, but crime down: What gives?<\/a> (3 janvier 2012). Le New York Times avait publi\u00e9 un rapport similaire l\u2019ann\u00e9e pr\u00e9c\u00e9dente <a href=\"http:\/\/www.nytimes.com\/2011\/05\/24\/us\/24crime.html?_r=3&amp;scp=1&amp;sq=Steady%20Decline%20in%20Major%20Crime%20Baffles%20Experts&amp;st=cs\" target=\"_blank\" rel=\"noopener noreferrer\">Steady Decline in Major Crime Baffles Experts<\/a> (23 mai 2011). Le Washington Post pr\u00e9senta cette nouvelle pour la premi\u00e8re fois le 25 mai 2010 <a href=\"http:\/\/www.washingtonpost.com\/wp-dyn\/content\/article\/2010\/05\/24\/AR2010052402210.html\" target=\"_blank\" rel=\"noopener noreferrer\">Violent crime in U.S. on the decline<\/a>.<\/p>\n<h4>Des implications importantes pour la pr\u00e9vention de la criminalit\u00e9<\/h4>\n<p>\u00ab\u00a0Le fait qu\u2019il existe d\u00e9sormais <a href=\"https:\/\/www.gusp.org\/fr\/defusing-world-crises\/defusing-world-crises-scientific-research\/\" target=\"_blank\" rel=\"noopener noreferrer\">plusieurs \u00e9tudes <\/a> d\u00e9montrant la tr\u00e8s forte relation entre un grand groupe pratiquant les programmes de M\u00e9ditation Transcendantale et de MT-Sidhi et la r\u00e9duction de la violence dans la soci\u00e9t\u00e9 a forc\u00e9ment des implications en terme de pr\u00e9vention de la criminalit\u00e9\u00a0\u00bb, d\u00e9clara le docteur Dillbeck.<\/p>\n<p>Le groupe r\u00e9uni de 2007 \u00e0 2010 s\u2019est quelque peu r\u00e9duit depuis. Le docteur Dillbeck indique que si les gouvernements soutenaient l\u2019\u00e9tablissement de groupes dans de nombreux pays, sur de longues p\u00e9riodes, il se produirait un effet remarquable de r\u00e9duction des hostilit\u00e9s et de renforcement de la coh\u00e9rence entre les nations ; tous ces r\u00e9sultats pouvant \u00eatre v\u00e9rifi\u00e9s par des recherches ult\u00e9rieures. En fait quelques pays ont d\u00e9j\u00e0 cr\u00e9\u00e9 de tels groupes \u00e0 l\u2019initiative d\u2019organisations priv\u00e9es et b\u00e9n\u00e9ficient d\u2019un appui gouvernemental croissant.<\/p>\n<p align=\"center\">###<\/p>\n<p>Societal violence and collective consciousness: Reduction of U.S. homicide and urban violent crime rates. Michael C. Dillbeck and Kenneth L. Cavanaugh, Institute of Science, Technology, and Public Policy, Maharishi University of Management. DOI: 10.1177\/2158244016637891<\/p>\n<p><a href=\"http:\/\/www.eurekalert.org\/pub_releases\/2016-04\/muom-cgm031316.php\" target=\"_blank\" rel=\"noopener noreferrer\">http:\/\/www.eurekalert.org\/pub_releases\/2016-04\/muom-cgm031316.php<\/a><\/p>\n","protected":false},"excerpt":{"rendered":"<p>DIFFUSION PUBLIQUE\u00a0: 14-avril-2016 M\u00e9diter en groupe peut-il pr\u00e9venir la grande criminalit\u00e9 ? \u00c9tonnamment oui, selon une \u00e9tude r\u00e9cente De grands groupes de m\u00e9ditation peuvent-ils r\u00e9duire le taux de criminalit\u00e9 ? La plus r\u00e9cente d\u2019une s\u00e9rie d\u2019\u00e9tudes portant sur la d\u00e9cennie \u00e9coul\u00e9e confirme que la pratique d\u2019un programme avanc\u00e9 de M\u00e9ditation Transcendantale \u2013 le programme de&#8230;<\/p>\n","protected":false},"author":17,"featured_media":0,"parent":1620,"menu_order":152,"comment_status":"closed","ping_status":"closed","template":"","meta":{"footnotes":""},"class_list":["post-1150","page","type-page","status-publish","hentry"],"_links":{"self":[{"href":"https:\/\/www.gusp.org\/fr\/wp-json\/wp\/v2\/pages\/1150","targetHints":{"allow":["GET"]}}],"collection":[{"href":"https:\/\/www.gusp.org\/fr\/wp-json\/wp\/v2\/pages"}],"about":[{"href":"https:\/\/www.gusp.org\/fr\/wp-json\/wp\/v2\/types\/page"}],"author":[{"embeddable":true,"href":"https:\/\/www.gusp.org\/fr\/wp-json\/wp\/v2\/users\/17"}],"replies":[{"embeddable":true,"href":"https:\/\/www.gusp.org\/fr\/wp-json\/wp\/v2\/comments?post=1150"}],"version-history":[{"count":7,"href":"https:\/\/www.gusp.org\/fr\/wp-json\/wp\/v2\/pages\/1150\/revisions"}],"predecessor-version":[{"id":2163,"href":"https:\/\/www.gusp.org\/fr\/wp-json\/wp\/v2\/pages\/1150\/revisions\/2163"}],"up":[{"embeddable":true,"href":"https:\/\/www.gusp.org\/fr\/wp-json\/wp\/v2\/pages\/1620"}],"wp:attachment":[{"href":"https:\/\/www.gusp.org\/fr\/wp-json\/wp\/v2\/media?parent=1150"}],"curies":[{"name":"wp","href":"https:\/\/api.w.org\/{rel}","templated":true}]}}