{"id":1613,"date":"2017-05-19T11:40:43","date_gmt":"2017-05-19T11:40:43","guid":{"rendered":"https:\/\/www.gusp.org\/defusing-world-crises\/"},"modified":"2017-06-03T19:05:27","modified_gmt":"2017-06-03T19:05:27","slug":"desamorcer-les-crises-mondiales","status":"publish","type":"page","link":"https:\/\/www.gusp.org\/fr\/desamorcer-les-crises-mondiales\/","title":{"rendered":"D\u00e9samorcer les crises mondiales"},"content":{"rendered":"<p><img loading=\"lazy\" decoding=\"async\" class=\"alignleft size-full wp-image-308 photo-top\" src=\"https:\/\/staging.gusp.org\/wp-content\/uploads\/2017\/03\/photo_syrian-refugees-lg.jpg\" alt=\"Defusing World Crises\" width=\"740\" height=\"415\" srcset=\"https:\/\/www.gusp.org\/wp-content\/uploads\/2017\/03\/photo_syrian-refugees-lg.jpg 740w, https:\/\/www.gusp.org\/wp-content\/uploads\/2017\/03\/photo_syrian-refugees-lg-300x168.jpg 300w, https:\/\/www.gusp.org\/wp-content\/uploads\/2017\/03\/photo_syrian-refugees-lg-200x112.jpg 200w\" sizes=\"auto, (max-width: 740px) 100vw, 740px\" \/><\/p>\n<h1 style=\"text-align: center;\">D\u00e9samorcer les crises mondiales<\/h1>\n<h2 style=\"text-align: center;\">Une approche scientifique<\/h2>\n\t<span class=\"dropcap\">\n\t\t<p>L<\/p>\n\t<\/span>\n\n\tes responsables mondiaux s&rsquo;efforcent de r\u00e9soudre de fa\u00e7on pertinente les crises et les conflits qui s\u00e9vissent actuellement en Syrie et au Moyen Orient, en Ukraine, en Afrique ou ailleurs. Ces conflits ont traumatis\u00e9 les populations, provoqu\u00e9 le d\u00e9placement de millions de personnes, et d\u00e9stabilis\u00e9 l\u2019\u00e9quilibre des pouvoirs dans les r\u00e9gions touch\u00e9es.<\/p>\n<p>Les options militaires et politiques sont malheureusement inop\u00e9rantes. Les interventions militaires risquent d\u2019entra\u00eener de nouvelles pertes humaines, d\u2019aggraver les tensions dans des soci\u00e9t\u00e9s d\u00e9j\u00e0 instables et souvent m\u00eame de provoquer des repr\u00e9sailles. In\u00e9vitables cons\u00e9quences du recours \u00e0 la violence pour instaurer la paix.<\/p>\n<p>Les tentatives diplomatiques se confrontent aux m\u00eames d\u00e9fis. Dans des r\u00e9gions et des pays soumis depuis longtemps \u00e0 de profondes tensions politiques et religieuses, il est difficile de trouver des solutions durables : les ententes et les cessez-le-feu n\u00e9goci\u00e9s n\u2019offrent qu\u2019un r\u00e9pit temporaire. Face \u00e0 des tensions sociales aigues et des passions exacerb\u00e9es, l&rsquo;histoire enseigne la fragilit\u00e9 des trait\u00e9s et la pr\u00e9carit\u00e9 de la paix. Comment d\u00e9samorcer ces conflits historiques et surmonter les crises humanitaires qui les accompagnent ?<\/p>\n<h4>S\u2019attaquer \u00e0 la cause fondamentale de la violence<\/h4>\n<p>Si les approches classiques de r\u00e9solution et de pr\u00e9vention des conflits sont finalement inefficaces, c\u2019est parce qu\u2019elles ne ciblent pas la cause sous-jacente de la violence et des conflits sociaux : le stress social aigu \u2013 la mont\u00e9e des tensions politiques, ethniques et religieuses dans les points chauds du globe. Lorsque ces tensions augmentent de mani\u00e8re incontr\u00f4l\u00e9e, elles finissent par se transformer en violence sociale. Pour que la diplomatie et les autres approches classiques r\u00e9ussissent, il faut avant tout disposer de moyens efficaces pour d\u00e9samorcer ces tensions profond\u00e9ment ancr\u00e9es et les emp\u00eacher d\u2019atteindre de nouveau leur point de rupture.<\/p>\n<p>Fort heureusement, la recherche a montr\u00e9 qu\u2019il est possible de d\u00e9samorcer ces tensions de mani\u00e8re efficace en recourant \u00e0 des techniques puissantes de r\u00e9duction des tensions et de promotion de la paix, fond\u00e9es sur l&rsquo;exp\u00e9rience. La mise en place de ce programme est ais\u00e9e ; elle ne requiert qu\u2019un faible pourcentage de la population, par exemple parmi les militaires, les lyc\u00e9ens ou les \u00e9tudiants.<\/p>\n<p>L\u2019Union mondiale des scientifiques pour la paix, en coordination avec des institutions et organisations affili\u00e9es*, a men\u00e9 des recherches sur ces programmes et les a implant\u00e9s depuis plus de dix ans dans une douzaine de pays, avec des r\u00e9sultats tr\u00e8s prometteurs. Cette nouvelle m\u00e9thode d\u2019instauration de la paix se fonde sur les d\u00e9couvertes les plus r\u00e9centes en physique, en physiologie et en neuroscience. On en parle dans ce site sous le nom <em><a href=\"https:\/\/www.gusp.org\/fr\/defusing-world-crises\/desamorcer-les-crises-mondiales-approche-paix-et-cerveau\/\">d\u2019approche de la paix fond\u00e9e sur la conscience.<\/a><\/em><\/p>\n<blockquote class=\"footnote\">\n<hr \/>\n<p>*<em>Par exemple : <\/em>l\u2019Universit\u00e9 Maharishi de Management, \u00c9tats-Unis ; l\u2019Universit\u00e9 europ\u00e9enne de recherche Maharishi, Pays-Bas ; l\u2019Universit\u00e9 de la loi naturelle, Grande-Bretagne.<\/p><\/blockquote>\n","protected":false},"excerpt":{"rendered":"<p>D\u00e9samorcer les crises mondiales Une approche scientifique es responsables mondiaux s&rsquo;efforcent de r\u00e9soudre de fa\u00e7on pertinente les crises et les conflits qui s\u00e9vissent actuellement en Syrie et au Moyen Orient, en Ukraine, en Afrique ou ailleurs. Ces conflits ont traumatis\u00e9 les populations, provoqu\u00e9 le d\u00e9placement de millions de personnes, et d\u00e9stabilis\u00e9 l\u2019\u00e9quilibre des pouvoirs dans&#8230;<\/p>\n","protected":false},"author":17,"featured_media":0,"parent":0,"menu_order":295,"comment_status":"closed","ping_status":"closed","template":"","meta":{"footnotes":""},"class_list":["post-1613","page","type-page","status-publish","hentry"],"_links":{"self":[{"href":"https:\/\/www.gusp.org\/fr\/wp-json\/wp\/v2\/pages\/1613","targetHints":{"allow":["GET"]}}],"collection":[{"href":"https:\/\/www.gusp.org\/fr\/wp-json\/wp\/v2\/pages"}],"about":[{"href":"https:\/\/www.gusp.org\/fr\/wp-json\/wp\/v2\/types\/page"}],"author":[{"embeddable":true,"href":"https:\/\/www.gusp.org\/fr\/wp-json\/wp\/v2\/users\/17"}],"replies":[{"embeddable":true,"href":"https:\/\/www.gusp.org\/fr\/wp-json\/wp\/v2\/comments?post=1613"}],"version-history":[{"count":7,"href":"https:\/\/www.gusp.org\/fr\/wp-json\/wp\/v2\/pages\/1613\/revisions"}],"predecessor-version":[{"id":2084,"href":"https:\/\/www.gusp.org\/fr\/wp-json\/wp\/v2\/pages\/1613\/revisions\/2084"}],"wp:attachment":[{"href":"https:\/\/www.gusp.org\/fr\/wp-json\/wp\/v2\/media?parent=1613"}],"curies":[{"name":"wp","href":"https:\/\/api.w.org\/{rel}","templated":true}]}}