{"id":1624,"date":"2017-05-19T12:09:12","date_gmt":"2017-05-19T12:09:12","guid":{"rendered":"https:\/\/www.gusp.org\/video-library\/"},"modified":"2017-06-02T15:57:50","modified_gmt":"2017-06-02T15:57:50","slug":"videotheque","status":"publish","type":"page","link":"https:\/\/www.gusp.org\/fr\/videotheque\/","title":{"rendered":"Vid\u00e9oth\u00e8que"},"content":{"rendered":"<h1 class=\"ms\">Vid\u00e9oth\u00e8que de GUSP<br \/>\n<\/h1>\n<p>Vous trouverez ci-dessous une liste de vid\u00e9os disponibles sur ce site.:<\/p>\n","protected":false},"excerpt":{"rendered":"<p>Vid\u00e9oth\u00e8que de GUSP Vous trouverez ci-dessous une liste de vid\u00e9os disponibles sur ce site.:<\/p>\n","protected":false},"author":17,"featured_media":0,"parent":0,"menu_order":0,"comment_status":"closed","ping_status":"closed","template":"templates\/videos.php","meta":{"footnotes":""},"class_list":["post-1624","page","type-page","status-publish","hentry"],"_links":{"self":[{"href":"https:\/\/www.gusp.org\/fr\/wp-json\/wp\/v2\/pages\/1624","targetHints":{"allow":["GET"]}}],"collection":[{"href":"https:\/\/www.gusp.org\/fr\/wp-json\/wp\/v2\/pages"}],"about":[{"href":"https:\/\/www.gusp.org\/fr\/wp-json\/wp\/v2\/types\/page"}],"author":[{"embeddable":true,"href":"https:\/\/www.gusp.org\/fr\/wp-json\/wp\/v2\/users\/17"}],"replies":[{"embeddable":true,"href":"https:\/\/www.gusp.org\/fr\/wp-json\/wp\/v2\/comments?post=1624"}],"version-history":[{"count":2,"href":"https:\/\/www.gusp.org\/fr\/wp-json\/wp\/v2\/pages\/1624\/revisions"}],"predecessor-version":[{"id":2048,"href":"https:\/\/www.gusp.org\/fr\/wp-json\/wp\/v2\/pages\/1624\/revisions\/2048"}],"wp:attachment":[{"href":"https:\/\/www.gusp.org\/fr\/wp-json\/wp\/v2\/media?parent=1624"}],"curies":[{"name":"wp","href":"https:\/\/api.w.org\/{rel}","templated":true}]}}