{"id":1626,"date":"2017-05-19T12:13:05","date_gmt":"2017-05-19T12:13:05","guid":{"rendered":"https:\/\/www.gusp.org\/climate-and-conflict\/"},"modified":"2017-06-04T16:12:10","modified_gmt":"2017-06-04T16:12:10","slug":"climat-et-conflits","status":"publish","type":"page","link":"https:\/\/www.gusp.org\/fr\/climat-et-conflits\/","title":{"rendered":"Climat et conflits"},"content":{"rendered":"\t<div class=\"blue-box hg\">\n\t\t<div class=\"inner\">\n\t\t\t<p style=\"margin-bottom: 0px;\"><strong><em>Note:<\/em><\/strong> Dans les sections pr\u00e9c\u00e9dentes de ce site, nous avons trait\u00e9 de l\u2019\u00e9limination d\u2019un niveau aigu de stress soci\u00e9tal. Si ce stress n\u2019est pas ma\u00eetris\u00e9, il se manifeste sous la forme de comportements criminels et de conflits sociaux. Nous devons bien entendu recourir \u00e0 cette approche chaque fois que cela est possible, mais nous devons aussi chercher \u00e0 att\u00e9nuer les facteurs de stress eux-m\u00eames tels que la pauvret\u00e9, les in\u00e9galit\u00e9s sociales et \u00e9conomiques, les mouvements de population et autres facteurs bien connus. Par contre, l\u2019influence du d\u00e9r\u00e8glement climatique sur ces facteurs de stress soci\u00e9tal et sur l\u2019intensification des risques de conflits demeure mal connue. Le Dr. R.K. Pachauri, sp\u00e9cialiste mondial du changement climatique, sous l\u2019autorit\u00e9 duquel le Groupe d\u2019experts intergouvernemental sur l\u2019\u00e9volution du climat a re\u00e7u le prix Nobel de la paix en 2007, r\u00e9sume ici l\u2019impact potentiel du changement climatique sur les conflits mondiaux. Ces cons\u00e9quences doivent nous motiver \u00e0 mettre en \u0153uvre des mesures pr\u00e9ventives d\u00e9cisives. <em> \u00a0 <\/em><\/p>\n<p style=\"margin-bottom: 0px;\">John Hagelin, Pr\u00e9sident<\/p>\n\t\t<\/div>\n\t<\/div>\n\n\t\n<h1>Changement climatique et conflits mondiaux<\/h1>\n<p style=\"padding-top: 4px; margin-bottom: 4px; font-size: 20px;\" align=\"center\"><strong>R.K. Pachauri, Ph.D.<\/strong><\/p>\n<p style=\"line-height: 24px;\" align=\"center\"><strong>Pr\u00e9sident du Groupe d\u2019experts intergouvernemental sur l\u2019\u00e9volution du climat de 2002 \u00e0 2015, vice-pr\u00e9sident ex\u00e9cutif de<br \/>\nl&rsquo;Institut des \u00e9nergies et des ressources (TERI)<\/strong><\/p>\n<div id=\"attachment_426\" style=\"width: 145px\" class=\"wp-caption alignleft\"><img loading=\"lazy\" decoding=\"async\" aria-describedby=\"caption-attachment-426\" class=\"size-full wp-image-426\" src=\"\/wp-content\/uploads\/2017\/04\/photo-pachauri.jpg\" alt=\"R.K. Pachauri\" width=\"135\" height=\"155\" srcset=\"https:\/\/www.gusp.org\/wp-content\/uploads\/2017\/04\/photo-pachauri.jpg 135w, https:\/\/www.gusp.org\/wp-content\/uploads\/2017\/04\/photo-pachauri-98x112.jpg 98w\" sizes=\"auto, (max-width: 135px) 100vw, 135px\" \/><p id=\"caption-attachment-426\" class=\"wp-caption-text\"><strong class=\"small\">R.K. Pachauri, Ph.D.<\/strong><\/p><\/div>\n<p>De nombreuses \u00e9tudes statistiques ont prouv\u00e9 que les changements climatiques ont un impact sur les conflits humains [1]. Par leur action sur des facteurs de risque bien connus \u2013\u00a0concurrence pour l\u2019acc\u00e8s aux ressources, famine et chocs \u00e9conomiques induits par l\u2019extr\u00eame pauvret\u00e9 \u2013, ces d\u00e9r\u00e8glements accroissent de mani\u00e8re significative le risque de conflits violents.<\/p>\n<p>Les analyses des actions entreprises par des \u00e9tats et des institutions en charge de la s\u00e9curit\u00e9, montrent que de nombreux pays consid\u00e8rent les changements climatiques actuels ou futurs comme des enjeux g\u00e9opolitiques (Dabelko, 2009 ; Smith, 2011). La volont\u00e9 des \u00c9tats de partager les ressources et d\u2019assurer la s\u00e9curit\u00e9 de leur peuple est mise \u00e0 mal par les d\u00e9r\u00e8glements climatiques. Ces changements peuvent provoquer des revendications territoriales et d\u2019acc\u00e8s \u00e0 la mer et menacer ainsi la viabilit\u00e9 d\u2019autres \u00e9tats (Barnett et Campbell, 2010\u00a0; Houghton et al., 2010\u00a0; Yamamoto et Esteban, 2010) [2].<\/p>\n<p>Les ph\u00e9nom\u00e8nes extr\u00eames s\u2019accompagnent fr\u00e9quemment de conflits. Ainsi, lorsque l\u2019ouragan Katrina d\u00e9vasta la Nouvelle-Orl\u00e9ans, des \u00e9ruptions spontan\u00e9es de violence eurent lieu. Bien que l\u2019\u00e9valuation scientifique ne soit pas d\u00e9finitive, de nombreux observateurs consid\u00e8rent que les conflits au Soudan et en Syrie sont la cons\u00e9quence de la s\u00e9cheresse prolong\u00e9e, des al\u00e9as climatiques et d\u2019autres manifestations du changement climatique. De m\u00eame, on consid\u00e8re que les exterminations de masse au Darfour \u00e0 partir de 2003 rel\u00e8vent des d\u00e9r\u00e8glements climatiques [3].<\/p>\n<p>Dans son cinqui\u00e8me rapport d\u2019\u00e9valuation (AR5), le Groupe d\u2019experts intergouvernemental sur l\u2019\u00e9volution du climat (IPCC) a \u00e9valu\u00e9 les impacts du d\u00e9r\u00e8glement climatique et a mis en \u00e9vidence les facteurs de conflit dus aux processus climatiques induits par l\u2019homme. Le AR5 identifie cinq motifs d\u2019inqui\u00e9tude. Chacun d\u2019eux peut influencer directement la soci\u00e9t\u00e9 et engendrer des conflits. Ce sont\u00a0: (1) les syst\u00e8mes uniques qui sont \u00e9galement menac\u00e9s\u00a0; (2) les \u00e9v\u00e9nements climatiques extr\u00eames\u00a0; (3) la r\u00e9partition des impacts, tr\u00e8s variable selon les r\u00e9gions du monde ; (4) les impacts d\u2019ampleur mondiale tels que la mont\u00e9e du niveau des mers\u00a0; et (5) les \u00e9v\u00e9nements singuliers de tr\u00e8s grande ampleur.<\/p>\n<p>Le changement climatique va exacerber ces risques et renforcer encore la pauvret\u00e9 (probabilit\u00e9 tr\u00e8s \u00e9lev\u00e9e). La base de donn\u00e9es de Wheeler (Wheeler data set \u2013 2011), qui est une r\u00e9f\u00e9rence tr\u00e8s connue, analyse les risques climatiques et la capacit\u00e9 de chaque pays \u00e0 y faire face. L\u2019augmentation du nombre d\u2019\u00e9v\u00e9nements extr\u00eames affectera principalement les zones de tr\u00e8s grande pauvret\u00e9. Parmi les 20 pays et r\u00e9gions les plus expos\u00e9s, sept sont \u00e0 faible revenu (LICs), huit \u00e0 revenu faible et interm\u00e9diaire (LMICs), quatre \u00e0 revenu interm\u00e9diaire sup\u00e9rieur (UMICs), et le dernier \u00e0 revenu \u00e9lev\u00e9 (HIC) [4].<\/p>\n<p>\u00c0 cet \u00e9gard, le rapport de synth\u00e8se (SYR) de AR5 souligne que le changement climatique va provoquer un accroissement des d\u00e9placements de population. Les populations qui ne disposent pas des ressources n\u00e9cessaires \u00e0 une migration planifi\u00e9e (notamment dans les pays en d\u00e9veloppement \u00e0 faible revenu) seront particuli\u00e8rement expos\u00e9es aux \u00e9v\u00e9nements climatiques extr\u00eames, telles qu\u2019inondations et s\u00e9cheresses. La modification des mouvements migratoires peut \u00eatre une r\u00e9ponse \u00e0 la fois aux \u00e9v\u00e9nements climatiques extr\u00eames et aux variations climatiques \u00e0 long terme.<\/p>\n<p>Au cours du 21e si\u00e8cle, le r\u00e9chauffement climatique devrait exposer un pourcentage sans cesse grandissant de la population mondiale \u00e0 la raret\u00e9 des ressources en eau ou \u00e0 des inondations majeures. Ces d\u00e9r\u00e8glements r\u00e9duiront les ressources renouvelables en eaux de surface et en eaux souterraines dans pratiquement toutes les r\u00e9gions subtropicales s\u00e8ches, et intensifieront la concurrence pour l\u2019eau. Dans les r\u00e9gions les plus s\u00e8ches, la fr\u00e9quence des s\u00e9cheresses risque de cro\u00eetre encore d\u2019ici la fin du si\u00e8cle.<\/p>\n<p>En outre, le d\u00e9r\u00e8glement climatique\u00a0affectera probablement toutes les \u00e9tapes de la cha\u00eene alimentaire : production agricole, acc\u00e8s aux produits, utilisation des produits et stabilit\u00e9 des prix. Si le changement climatique survient sans que des mesures de pr\u00e9caution soient prises, des cultures telles que le bl\u00e9, le riz et le ma\u00efs dans les r\u00e9gions tropicales et temp\u00e9r\u00e9es risquent d\u2019\u00eatre impact\u00e9es n\u00e9gativement d\u00e8s que les temp\u00e9ratures locales d\u00e9passeront d\u2019au moins 2 degr\u00e9s Celsius celles de la fin du 20e si\u00e8cle.<\/p>\n<p>Jusqu\u2019en 2050, l\u2019impact du changement climatique sur la sant\u00e9 humaine se limitera essentiellement \u00e0 l\u2019aggravation des probl\u00e8mes de sant\u00e9 existants. Ainsi, l\u2019augmentation des maladies transmises par les moustiques dans plusieurs parties du monde est manifestement le r\u00e9sultat du d\u00e9r\u00e8glement climatique, parmi d\u2019autres facteurs. D\u2019autres impacts sur la sant\u00e9, parmi les populations \u00e0 risque, comprennent une recrudescence des cas de d\u00e9c\u00e8s et de blessures provoqu\u00e9s par des incendies et de fortes vagues de chaleur, une augmentation des intoxications alimentaires et hydriques, une augmentation des incapacit\u00e9s professionnelles et une diminution de la productivit\u00e9 au travail. Le risque de malnutrition dans les r\u00e9gions les plus pauvres va s\u2019aggraver. On pr\u00e9voit une augmentation g\u00e9n\u00e9rale du risque de maladies vectorielles dues au r\u00e9chauffement, \u00e0 l\u2019extension des zones d\u2019infection et \u00e0 la prolongation des saisons d\u2019infection. On notera cependant une diminution de ces risques dans les zones devenues trop chaudes pour les vecteurs de ces maladies.<\/p>\n<p>Tous ces changements accroissent les risques de conflits r\u00e9gionaux et internationaux. Si des mesures ne sont pas prises pour combattre efficacement le r\u00e9chauffement climatique, on peut s\u2019attendre \u00e0 un accroissement significatif de l\u2019ampleur et de la gravit\u00e9 de ces impacts n\u00e9gatifs dans les d\u00e9cennies \u00e0 venir.<\/p>\n<h4>R\u00e9f\u00e9rences<\/h4>\n<ol class=\"references\">\n<li>Intergovernmental Panel on Climate Change (IPCC), Fifth Assessment Report\u00a0 (AR5), Working Group II (WGII), Climate Change 2014\u2013Impacts, Adaptation, and Vulnerability, Part A: Global and Sectoral Aspects, 19.4.2.2\u2013Risk of Conflict and Insecurity, 1061.<\/li>\n<li>IPCC AR5 WG II, Climate Change 2014\u2013Impacts, Adaptation, and Vulnerability, Part A: Global and Sectoral Aspects, 12.6.2\u2013Geopolitical Issues, 775.<\/li>\n<li>IPCC AR5 WG II, Climate Change 2014\u2013Impacts, Adaptation, and Vulnerability, Part A: Global and Sectoral Aspects, Box 12-5\u2013Climate and the Multiple Causes of Conflict in Darfur, 773.<\/li>\n<li>IPCC AR5 WG II, Climate Change 2014\u2013Impacts, Adaptation, and Vulnerability, Part A: Global and Sectoral Aspects, 13.2.2.1\u2013Projected Risks and Impacts by Geographic Region, 810.<\/li>\n<\/ol>\n","protected":false},"excerpt":{"rendered":"<p>Changement climatique et conflits mondiaux R.K. Pachauri, Ph.D. Pr\u00e9sident du Groupe d\u2019experts intergouvernemental sur l\u2019\u00e9volution du climat de 2002 \u00e0 2015, vice-pr\u00e9sident ex\u00e9cutif de l&rsquo;Institut des \u00e9nergies et des ressources (TERI) De nombreuses \u00e9tudes statistiques ont prouv\u00e9 que les changements climatiques ont un impact sur les conflits humains [1]. Par leur action sur des facteurs&#8230;<\/p>\n","protected":false},"author":17,"featured_media":0,"parent":0,"menu_order":0,"comment_status":"closed","ping_status":"closed","template":"","meta":{"footnotes":""},"class_list":["post-1626","page","type-page","status-publish","hentry"],"_links":{"self":[{"href":"https:\/\/www.gusp.org\/fr\/wp-json\/wp\/v2\/pages\/1626","targetHints":{"allow":["GET"]}}],"collection":[{"href":"https:\/\/www.gusp.org\/fr\/wp-json\/wp\/v2\/pages"}],"about":[{"href":"https:\/\/www.gusp.org\/fr\/wp-json\/wp\/v2\/types\/page"}],"author":[{"embeddable":true,"href":"https:\/\/www.gusp.org\/fr\/wp-json\/wp\/v2\/users\/17"}],"replies":[{"embeddable":true,"href":"https:\/\/www.gusp.org\/fr\/wp-json\/wp\/v2\/comments?post=1626"}],"version-history":[{"count":5,"href":"https:\/\/www.gusp.org\/fr\/wp-json\/wp\/v2\/pages\/1626\/revisions"}],"predecessor-version":[{"id":2108,"href":"https:\/\/www.gusp.org\/fr\/wp-json\/wp\/v2\/pages\/1626\/revisions\/2108"}],"wp:attachment":[{"href":"https:\/\/www.gusp.org\/fr\/wp-json\/wp\/v2\/media?parent=1626"}],"curies":[{"name":"wp","href":"https:\/\/api.w.org\/{rel}","templated":true}]}}