{"id":2608,"date":"2017-07-01T11:43:14","date_gmt":"2017-07-01T16:43:14","guid":{"rendered":"https:\/\/www.gusp.org\/sommet-pour-la-paix-mondiale\/sommet-resolutions\/"},"modified":"2017-07-01T11:48:41","modified_gmt":"2017-07-01T16:48:41","slug":"sommet-resolutions","status":"publish","type":"page","link":"https:\/\/www.gusp.org\/fr\/sommet-pour-la-paix-mondiale\/sommet-resolutions\/","title":{"rendered":"Sommet R\u00e9solutions"},"content":{"rendered":"<h2 class=\"gps\">S<span>OMMET<\/span> <span>DE LA<\/span> P<span>AIX<\/span> M<span>ONDIALE<\/span>:\u00a0<\/h2>\n<h2 style=\"text-align: center; font-size: 22px;\">R\u00c9SOLUTIONS<\/h2>\n<p><strong><em>Attendu que<\/em><\/strong> durant ce premier Sommet de la paix mondiale<strong> \u2013 Science et Paix\u00a0: des solutions \u00e9prouv\u00e9es \u00e0 la violence et aux conflits sociaux \u2013<\/strong> plus de 600 \u00e9minents scientifiques, \u00e9ducateurs et leaders politiques venant d\u2019Ukraine et de nombreux autres pays se sont r\u00e9unis pour \u00e9tudier des solutions novatrices aux probl\u00e8mes pos\u00e9s par la croissance des conflits arm\u00e9s et sociaux ;<\/p>\n<p><strong><em>Attendu qu\u2019<\/em><\/strong>un ensemble impressionnant de solutions d\u00e9j\u00e0 test\u00e9es et d\u2019id\u00e9es tr\u00e8s prometteuses ont \u00e9t\u00e9 pr\u00e9sent\u00e9es et discut\u00e9es lors de l\u2019assembl\u00e9e mondiale, \u00e0 savoir de nouvelles approches dans les domaines de l\u2019\u00e9ducation, de la s\u00e9curit\u00e9 et de la d\u00e9fense, de l\u2019\u00e9conomie, de la r\u00e9vision de nos syst\u00e8mes sociaux et de nos structures gouvernementales, et de la sauvegarde de notre civilisation menac\u00e9e par le d\u00e9r\u00e8glement climatique\u00a0;<\/p>\n<p><strong><em>Il est par cons\u00e9quent r\u00e9solu<\/em> <\/strong>que l\u2019assembl\u00e9e du Sommet de la paix mondiale demande unanimement que ces solutions fond\u00e9es sur des preuves concr\u00e8tes soient imm\u00e9diatement mises en application, notamment l\u2019approche de la paix fond\u00e9e sur la conscience (<em>Brain-based approach to peace<\/em> \u2013\u00a0BBAP)\u00a0; elle d\u00e9samorce en effet les tensions aigues et les comportements antisociaux et violents dus au stress, aux plans individuel et social. Cette approche a d\u00e9j\u00e0 \u00e9t\u00e9 officiellement reconnue et effectivement mise en pratique dans 33 pays, dont 22 pays d\u2019Am\u00e9rique latine o\u00f9 le BBAP a \u00e9t\u00e9 utilis\u00e9 dans l\u2019\u00e9ducation nationale et dans la formation des forces arm\u00e9es et de milices. Au plan militaire, BBAP utilise la pratique collective de la M\u00e9ditation Transcendantale dans le cadre de \u00ab\u00a0sections de pr\u00e9vention\u00a0\u00bb qui visent \u00e0 d\u00e9samorcer le stress soci\u00e9tal et \u00e0 pr\u00e9venir l\u2019apparition de conflits. Il a \u00e9t\u00e9 maintes fois d\u00e9montr\u00e9 que l\u2019influence collective d\u2019harmonie et de coh\u00e9rence sociale, produite par ces technologies de la conscience, pr\u00e9vient et met fin au terrorisme et aux guerres. Ces technologies instaurent un \u00e9tat de paix durable dans des soci\u00e9t\u00e9s domin\u00e9es par la violence, sans compter l\u2019am\u00e9lioration de l\u2019\u00e9conomie, de la sant\u00e9 publique et de la qualit\u00e9 de la vie.<\/p>\n<p>M. Joaquim Alberto Chissano, ancien pr\u00e9sident du Mozambique et actuel pr\u00e9sident de l\u2019Union africaine, a fait une pr\u00e9sentation \u00e0 la fois impressionnante et convaincante d\u2019une telle transformation.<\/p>\n<p>L\u2019assembl\u00e9e du Sommet de la paix mondiale demande la mise en application imm\u00e9diate et g\u00e9n\u00e9rale de l\u2019approche de la paix fond\u00e9e sur la conscience dans les syst\u00e8mes d\u2019\u00e9ducation et de s\u00e9curit\u00e9 en Ukraine.<\/p>\n<p><strong><em>Il est en outre r\u00e9solu <\/em><\/strong>que l\u2019assembl\u00e9e du Sommet de la paix mondiale appelle \u00e0 intensifier la recherche et le d\u00e9veloppement sur d\u2019autres technologies, m\u00e9thodologies, programmes et id\u00e9es, toutes tr\u00e8s prometteuses et d\u00e9j\u00e0 test\u00e9es sur le terrain, telles que celles du \u00ab\u00a0Nouveau paradigme mondial de la paix et de la s\u00e9curit\u00e9\u00a0\u00bb (<em>New Worldview Paradigm of Peace and Security<\/em>), brillamment pr\u00e9sent\u00e9 par le g\u00e9n\u00e9ral Vasyl Krutov. L\u2019assembl\u00e9e soutient pleinement la mise en \u0153uvre d\u2019essais exp\u00e9rimentaux sur le terrain et de recherches empiriques afin d\u2019\u00e9tablir scientifiquement l\u2019efficacit\u00e9 pratique et la rentabilit\u00e9 \u00e9conomique de ces nouvelles m\u00e9thodes.<\/p>\n<p><strong><em>Il est en outre r\u00e9solu <\/em><\/strong>que l\u2019assembl\u00e9e du Sommet de la paix mondiale reconna\u00eet la r\u00e9alit\u00e9 de la science du climat et r\u00e9sout de soutenir toutes les m\u00e9thodes et technologies \u00e9prouv\u00e9es capables de r\u00e9duire les menaces que le d\u00e9r\u00e8glement climatique fait peser sur la paix et la s\u00e9curit\u00e9 de l\u2019humanit\u00e9.<\/p>\n<p><strong><em>Il est finalement r\u00e9solu <\/em><\/strong>que l\u2019assembl\u00e9e du Sommet de la paix mondiale demande \u00e0 tous les gouvernements de travailler en partenariat avec l\u2019Union mondiale des scientifiques pour la paix pour financer et mettre en \u0153uvre imm\u00e9diatement toutes ces r\u00e9solutions qui assureront la sant\u00e9 et la s\u00e9curit\u00e9 de tous les pays.<\/p>\n<p style=\"text-align: center; margin: 28px 0 32px;\"><strong><em>Puissent la paix, la prosp\u00e9rit\u00e9 et le progr\u00e8s durables b\u00e9nir l\u2019humanit\u00e9.<\/em><\/strong><\/p>\n<p>Adopt\u00e9 \u00e0 l\u2019unanimit\u00e9 par l\u2019assembl\u00e9e du Sommet de la paix mondiale, le 15 juin 2017, \u00e0 Kiev, Ukraine.<\/p>\n","protected":false},"excerpt":{"rendered":"<p>SOMMET DE LA PAIX MONDIALE:\u00a0 R\u00c9SOLUTIONS Attendu que durant ce premier Sommet de la paix mondiale \u2013 Science et Paix\u00a0: des solutions \u00e9prouv\u00e9es \u00e0 la violence et aux conflits sociaux \u2013 plus de 600 \u00e9minents scientifiques, \u00e9ducateurs et leaders politiques venant d\u2019Ukraine et de nombreux autres pays se sont r\u00e9unis pour \u00e9tudier des solutions novatrices&#8230;<\/p>\n","protected":false},"author":17,"featured_media":0,"parent":1151,"menu_order":84,"comment_status":"closed","ping_status":"closed","template":"","meta":{"footnotes":""},"class_list":["post-2608","page","type-page","status-publish","hentry"],"_links":{"self":[{"href":"https:\/\/www.gusp.org\/fr\/wp-json\/wp\/v2\/pages\/2608","targetHints":{"allow":["GET"]}}],"collection":[{"href":"https:\/\/www.gusp.org\/fr\/wp-json\/wp\/v2\/pages"}],"about":[{"href":"https:\/\/www.gusp.org\/fr\/wp-json\/wp\/v2\/types\/page"}],"author":[{"embeddable":true,"href":"https:\/\/www.gusp.org\/fr\/wp-json\/wp\/v2\/users\/17"}],"replies":[{"embeddable":true,"href":"https:\/\/www.gusp.org\/fr\/wp-json\/wp\/v2\/comments?post=2608"}],"version-history":[{"count":3,"href":"https:\/\/www.gusp.org\/fr\/wp-json\/wp\/v2\/pages\/2608\/revisions"}],"predecessor-version":[{"id":2612,"href":"https:\/\/www.gusp.org\/fr\/wp-json\/wp\/v2\/pages\/2608\/revisions\/2612"}],"up":[{"embeddable":true,"href":"https:\/\/www.gusp.org\/fr\/wp-json\/wp\/v2\/pages\/1151"}],"wp:attachment":[{"href":"https:\/\/www.gusp.org\/fr\/wp-json\/wp\/v2\/media?parent=2608"}],"curies":[{"name":"wp","href":"https:\/\/api.w.org\/{rel}","templated":true}]}}